{"id":10931,"date":"2022-10-26T14:24:55","date_gmt":"2022-10-26T12:24:55","guid":{"rendered":"http:\/\/breakdance.lebenshilfe-stuttgart.de\/?page_id=10931"},"modified":"2025-07-30T15:42:33","modified_gmt":"2025-07-30T13:42:33","slug":"teilnahmebedingungen-teilhabenetzwerk","status":"publish","type":"page","link":"https:\/\/www.lebenshilfe-stuttgart.de\/de_leicht\/teilnahmebedingungen-teilhabenetzwerk\/","title":{"rendered":"Teilnahmebedingungen Angebote des Teilhabenetzwerkes"},"content":{"rendered":"<section class=\"bde-section-10931-100 bde-section\">\n  \n  \n\t\n\n\n\n<div class=\"section-container\"><h1 class=\"bde-heading-10931-101 bde-heading\">\nTeilnahme\u00adbedingungen f\u00fcr die Angebote des Teil\u00adhabe\u00adnetzwerkes der Lebenshilfe Stuttgart\n<\/h1><\/div>\n<\/section><section class=\"bde-section-10931-102 bde-section\">\n  \n  \n\t\n\n\n\n<div class=\"section-container\"><h2 class=\"bde-heading-10931-113 bde-heading\">\n1. Teilnehmende\n<\/h2><div class=\"bde-text-10931-114 bde-text\">\nDie Angebote des Teilhabenetzwerks der Lebenshilfe Stuttgart e.V. sind an Kinder, Jugendliche und Erwachsene mit einer Behinderung aus Stuttgart gerichtet, welche nicht zwingend auf die Begleitung einer fachlich qualifizierten Pflege- oder Betreuungskraft angewiesen sind. Unsere Begleitpersonen sind gr\u00f6\u00dftenteils freiwillig engagierte Personen, die \u00fcber keine p\u00e4dagogische oder pflegerische Qualifikation verf\u00fcgen. Bei einigen Angeboten sind fachliche qualifizierte Kr\u00e4fte im Begleitungsteam. Hier ist dann auch eine qualifizierte und umfassende Unterst\u00fctzung m\u00f6glich. Gegebenenfalls zieht das Teilhabenetzwerk, nach vorheriger Absprache mit den Teilnehmenden, beziehungsweise deren gesetzlichen Vertretung, zur Erbringung medizinischer Behandlungspflege oder der Verabreichung von Sondennahrung einen ambulanten Pflegedienst hinzu. Hierf\u00fcr entstehen zus\u00e4tzliche Kosten, welche vom Teilnehmenden zu tragen sind.<br><br>Unsere Angebote sind Gruppenangebote. Der Begleitungsschl\u00fcssel liegt, je nach Angebot, bei einer Begleitperson f\u00fcr zwei bis vier Teilnehmende. Eine Einzelassistenz kann bei Bedarf angeboten werden. Treten w\u00e4hrend des Angebotes selbst- oder fremdgef\u00e4hrdende Verhaltensweisen oder Krankheitserscheinungen auf, beh\u00e4lt sich die Lebenshilfe Stuttgart e.V. stets vor, die Begleitung abzubrechen. Die gesetzliche Vertretung wird informiert und ist verpflichtet, den Teilnehmer oder die Teilnehmerin umgehend abzuholen.\n<\/div><h2 class=\"bde-heading-10931-115 bde-heading\">\n2. Anmeldung\n<\/h2><div class=\"bde-text-10931-116 bde-text\">\nTeilnehmende m\u00fcssen sich mit dem Anmeldeformular schriftlich f\u00fcr ein Angebot anmelden. M\u00fcndliche Anmeldungen sind unwirksam. Die Anmeldung wird nach einer schriftlichen Anmeldebest\u00e4tigung durch das Teilhabenetzwerk rechtskr\u00e4ftig. Unsere Angebote sind Gruppenangebote. Der Begleitungsschl\u00fcssel liegt, je nach Angebot, bei einer Begleitperson f\u00fcr zwei bis vier Teilnehmende. Eine Einzelassistenz kann bei Bedarf angeboten werden. Treten w\u00e4hrend des Angebotes selbst- oder fremdgef\u00e4hrdende Verhaltensweisen oder Krankheitserscheinungen auf, beh\u00e4lt sich die Lebenshilfe Stuttgart e.V. stets vor, die Begleitung abzubrechen. Die gesetzliche Vertretung wird informiert und ist verpflichtet, den Teilnehmer oder die Teilnehmerin umgehend abzuholen.\n<\/div><h2 class=\"bde-heading-10931-117 bde-heading\">\n3. Bezahlung\n<\/h2><div class=\"bde-text-10931-118 bde-text\">\nSie erhalten eine Endrechnung zu den in Anspruch genommenen Freizeit- oder Tagesangeboten.\n<\/div><h2 class=\"bde-heading-10931-119 bde-heading\">\n4. Leistungen der Pflegeversicherung\n<\/h2><div class=\"bde-text-10931-120 bde-text\">\nDie Teilnehmenden haben die M\u00f6glichkeit, alle zur Verf\u00fcgung stehenden Zuschussm\u00f6glichkeiten zu beantragen (z.B. Entlastungsbetrag, Ersatzpflege etc.) und f\u00fcr die Angebote zu nutzen.<br>\n<\/div><h2 class=\"bde-heading-10931-121 bde-heading\">\n5. R\u00fccktritt\n<\/h2><div class=\"bde-columns-10931-126 bde-columns\"><div class=\"bde-column-10931-127 bde-column\">\n  \n  \n\t\n\n\n\n<h3 class=\"bde-heading-10931-125 bde-heading\">\nR\u00fccktritt bei den Feierabendangeboten\n<\/h3><div class=\"bde-text-10931-122 bde-text\">\nTeilnehmende k\u00f6nnen sich vor Beginn eines Angebots wieder schriftlich abmelden. Die H\u00f6he der R\u00fccktrittsgeb\u00fchren ist abh\u00e4ngig vom Zeitpunkt der Stornierung:<br>\u2022 bis 5 Werktage vor Veranstaltungsbeginn: 50% der Gesamtkosten<br>\u2022 weniger als 5 Werktage vor Veranstaltungsbeginn: 100% der Gesamtkosten<br>Wird der Platz nachbesetzt, entsteht ausschlie\u00dflich eine Verwaltungsgeb\u00fchr von 20\u20ac.\n<\/div>\n<\/div><div class=\"bde-column-10931-128 bde-column\">\n  \n  \n\t\n\n\n\n<h3 class=\"bde-heading-10931-123 bde-heading\">\nR\u00fccktritt bei den Wochenendangeboten\n<\/h3><div class=\"bde-text-10931-124 bde-text\">\nK\u00f6nnen oder wollen Sie doch nicht bei dem Angebot dabei sein, m\u00fcssen Sie sich schriftlich abmelden.<br>Die pauschalen R\u00fccktrittskosten betragen:<br>\u2022 bis Dienstag 18 Uhr vor Veranstaltungsbeginn: 50 % der Gesamtkosten<br>\u2022 ab Dienstag 18 Uhr vor Veranstaltungsbeginn: 100 % der Gesamtkosten<br>Wird der Platz nachbesetzt, entsteht ausschlie\u00dflich eine Verwaltungsgeb\u00fchr von 20\u20ac.\n<\/div>\n<\/div><div class=\"bde-column-10931-129 bde-column\">\n  \n  \n\t\n\n\n\n<h3 class=\"bde-heading-10931-130 bde-heading\">\nR\u00fccktritt bei den Ferienangeboten\n<\/h3><div class=\"bde-text-10931-131 bde-text\">\nTeilnehmende k\u00f6nnen sich vor Beginn eines Angebots wieder schriftlich abmelden. Die H\u00f6he der R\u00fccktrittsgeb\u00fchren ist abh\u00e4ngig vom Zeitpunkt der Stornierung:<br>\u2022 ab 30 Tage vor Beginn: 50% der Gesamtkosten<br>\u2022 ab 15 Tage vor Beginn: 80% der Gesamtkosten<br>\u2022 ab 8 Tag vor Beginn: 100% der Gesamtkosten<br>Wird der Platz nachbesetzt, entsteht ausschlie\u00dflich eine Verwaltungsgeb\u00fchr von 20\u20ac.\n<\/div>\n<\/div><\/div><h2 class=\"bde-heading-10931-132 bde-heading\">\n6. Anspruch auf Ersatzleistungen\n<\/h2><div class=\"bde-text-10931-133 bde-text\">\nWird die Mindestteilnehmerzahl nicht erreicht oder muss das Angebot wegen h\u00f6herer Gewalt, beispielsweise bei Ausfall der Angebotsleitung, abgesagt werden, bem\u00fcht sich das Teilhabenetzwerk um ein Alternativangebot. Ein Anspruch auf eine Ersatzleistung besteht in beiden F\u00e4llen nicht.<br>\n<\/div><h2 class=\"bde-heading-10931-134 bde-heading\">\n7. Fremdleistungen\n<\/h2><div class=\"bde-text-10931-135 bde-text\">\nDas Lebenshilfe Stuttgart e.V. haftet nicht f\u00fcr Angebote, die nur von ihr vermittelt wurden.\n<\/div><h2 class=\"bde-heading-10931-136 bde-heading\">\n8. Mitteilungspflicht\n<\/h2><div class=\"bde-text-10931-137 bde-text\">\nDie gesetzliche Vertreterin oder der gesetzliche Vertreter verpflichtet sich, die Lebenshilfe Stuttgart e.V. \u00fcber eventuelle Gr\u00fcnde, welche eine Teilnahme an den Angeboten erschweren, mitzuteilen. Dies gilt auch f\u00fcr Informationen, die sich im Laufe der Zeit \u00e4ndern (Adresse, Telefonnummer, Krankenkasse etc.).\n<\/div><h2 class=\"bde-heading-10931-138 bde-heading\">\n9. Medikamentenverordnung\n<\/h2><div class=\"bde-text-10931-139 bde-text\">\nBei Teilnehmenden, die w\u00e4hrend der Betreuungszeit Medikamente einnehmen m\u00fcssen, ben\u00f6tigen wir vor Antritt des Angebots eine, vom behandelnden Arzt unterschriebene Medikamentenverordnung. Liegt keine Verordnung vor, kann die teilnehmende Person von der Teilnahme des Angebots ausgeschlossen werden.\n<\/div><h2 class=\"bde-heading-10931-140 bde-heading\">\n10. Versicherung und Haftung\n<\/h2><div class=\"bde-text-10931-141 bde-text\">\nW\u00e4hrend der Angebote sind die Teilnehmenden \u00fcber die Lebenshilfe Stuttgart e.V. unfall- und haftpflichtversichert. Die Teilnehmenden<br>m\u00fcssen \u00fcber eine g\u00fcltige Haftpflichtversicherung verf\u00fcgen. F\u00fcr den Verlust mitgebrachter Gegenst\u00e4nde bzw. Wertsachen \u00fcbernimmt die Lebenshilfe Stuttgart e.V. keine Haftung.<br>F\u00fcr Personen- und Sachsch\u00e4den haftet die Lebenshilfe Stuttgart e.V. im Rahmen der geltenden gesetzlichen Vorschriften \u2013 insbesondere dann, wenn nachweislich ein Schaden durch das Begleitpersonal der Lebenshilfe Stuttgart e.V. verursacht worden ist. F\u00fcr Sch\u00e4den, welche durch Dritte verursacht werden, wird keine Haftung \u00fcbernommen.\n<\/div><\/div>\n<\/section><section class=\"bde-section-10931-142 bde-section\">\n  \n  \n\t\n\n\n\n<div class=\"section-container\"><div class=\"bde-columns-10931-143 bde-columns\"><div class=\"bde-column-10931-144 bde-column\">\n  \n  \n\t\n\n\n\n<h3 class=\"bde-heading-10931-145 bde-heading\">\nLebenshilfe Stuttgart e.V.<br>Familie-Freizeit-Begegnung\n<\/h3><div class=\"bde-rich-text-10931-146 bde-rich-text breakdance-rich-text-styles\">\nL\u00f6wentorstra\u00dfe 18 \u2013 20<br>\n70191 Stuttgart<br>\n<br>\nDominique Knopf-Woernle<br>\nTelefon: 0711 89 69 08 64<br>\nE-Mail: <a href=\"mailto:d.knopf-woernle@lebenshilfe-stuttgart.de\">d.knopf-woernle@lebenshilfe-stuttgart.de<\/a>\n<\/div>\n<\/div><\/div><\/div>\n<\/section>","protected":false},"excerpt":{"rendered":"<p>Teilnahmebedingungen f\u00fcr Angebote des Teilhabenetzwerkes der Lebenshilfe Stuttgart<\/p>","protected":false},"author":2,"featured_media":0,"parent":0,"menu_order":0,"comment_status":"closed","ping_status":"closed","template":"","meta":{"_acf_changed":false,"_breakdance_hide_in_design_set":false,"_breakdance_tags":"","footnotes":""},"folder":[],"class_list":["post-10931","page","type-page","status-publish","hentry"],"acf":[],"_links":{"self":[{"href":"https:\/\/www.lebenshilfe-stuttgart.de\/de_leicht\/wp-json\/wp\/v2\/pages\/10931","targetHints":{"allow":["GET"]}}],"collection":[{"href":"https:\/\/www.lebenshilfe-stuttgart.de\/de_leicht\/wp-json\/wp\/v2\/pages"}],"about":[{"href":"https:\/\/www.lebenshilfe-stuttgart.de\/de_leicht\/wp-json\/wp\/v2\/types\/page"}],"author":[{"embeddable":true,"href":"https:\/\/www.lebenshilfe-stuttgart.de\/de_leicht\/wp-json\/wp\/v2\/users\/2"}],"replies":[{"embeddable":true,"href":"https:\/\/www.lebenshilfe-stuttgart.de\/de_leicht\/wp-json\/wp\/v2\/comments?post=10931"}],"version-history":[{"count":16,"href":"https:\/\/www.lebenshilfe-stuttgart.de\/de_leicht\/wp-json\/wp\/v2\/pages\/10931\/revisions"}],"predecessor-version":[{"id":19665,"href":"https:\/\/www.lebenshilfe-stuttgart.de\/de_leicht\/wp-json\/wp\/v2\/pages\/10931\/revisions\/19665"}],"wp:attachment":[{"href":"https:\/\/www.lebenshilfe-stuttgart.de\/de_leicht\/wp-json\/wp\/v2\/media?parent=10931"}],"wp:term":[{"taxonomy":"folder","embeddable":true,"href":"https:\/\/www.lebenshilfe-stuttgart.de\/de_leicht\/wp-json\/wp\/v2\/folder?post=10931"}],"curies":[{"name":"wp","href":"https:\/\/api.w.org\/{rel}","templated":true}]}}