{"id":11867,"date":"2023-08-07T15:19:19","date_gmt":"2023-08-07T13:19:19","guid":{"rendered":"http:\/\/breakdance.lebenshilfe-stuttgart.de\/?page_id=11867"},"modified":"2026-04-01T09:24:39","modified_gmt":"2026-04-01T07:24:39","slug":"jobs","status":"publish","type":"page","link":"https:\/\/www.lebenshilfe-stuttgart.de\/de_leicht\/jobs\/","title":{"rendered":"Jobs"},"content":{"rendered":"<section class=\"bde-section-11867-225 bde-section\">\n  \n  \n\t\n\n\n\n<div class=\"section-container\"><div class=\"bde-columns-11867-226 bde-columns\"><div class=\"bde-column-11867-227 bde-column\">\n  \n  \n\t\n\n\n\n<div class=\"bde-video-11867-254 bde-video\">\n<div class=\"ee-video-container\">\n            <video class=\"ee-video\" src=\"https:\/\/www.lebenshilfe-stuttgart.de\/wp-content\/uploads\/2024\/10\/Arbeiten-bei-der-Lebenshilfe-Stuttgart.mp4\"\n                               controls='true'                poster='https:\/\/www.lebenshilfe-stuttgart.de\/wp-content\/uploads\/2024\/10\/ABWG_01_1050.jpg'                                                                playsinline\n>\n        <\/video>\n    \n    <\/div>\n\n<\/div>\n<\/div><div class=\"bde-column-11867-229 bde-column\">\n  \n  \n\t\n\n\n\n<h1 class=\"bde-heading-11867-231 bde-heading\">\nLebenshilfe Stuttgart<br>Eine Arbeit die Sinn macht\n<\/h1><div class=\"bde-text-11867-253 bde-text\">\nSeit \u00fcber 60 Jahren unterst\u00fctzt die Lebenshilfe Stuttgart Menschen mit Behinderungen in nahezu allen Bereichen des Lebens. Gemeinsam arbeiten wir f\u00fcr mehr Selbstbestimmung von Menschen mit Behinderung.<br><br>Unsere Kolleginnen und Kollegen freuen sich \u00fcber Ihre Unterst\u00fctzung! Informieren Sie sich auf den nachfolgenden Seiten \u00fcber die verschiedenen Berufsgruppen, M\u00f6glichkeiten zur Ausbildung sowie unsere Stellenangebote. Wir freuen uns auf Ihre Bewerbung!\n<\/div><div class=\"bde-button-11867-343 bde-button\">\n        \n    \n    \n    \n    \n            \n                    \n            \n            \n\n    \n    \n    \n    \n    \n    <a class=\"breakdance-link button-atom button-atom--secondary bde-button__button\" href=\"#anker_bewerben\" target=\"_self\" data-type=\"url\"  >\n\n    \n        <span class=\"button-atom__text\">Jetzt bewerben<\/span>\n\n        \n        \n                <\/a>\n\n    \n\n\n<\/div>\n<\/div><\/div><\/div>\n<\/section><section id=\"anker_werwirsind\" class=\"bde-section-11867-256 bde-section\">\n  \n  \n\t\n\n\n\n<div class=\"section-container\"><div class=\"bde-columns-11867-300 bde-columns\"><div class=\"bde-column-11867-301 bde-column\">\n  \n  \n\t\n\n\n\n<h2 class=\"bde-heading-11867-259 bde-heading\">\nDas spricht f\u00fcr die Lebenshilfe Stuttgart\n<\/h2><div class=\"bde-accordion-11867-289 bde-accordion bde-accordion--bordered-bottom\"><div class=\"bde-accordion__content-wrapper-11867-290 bde-accordion__content-wrapper\">\n<h3 class=\"bde-accordion__title-tag\">\n  <button type=\"button\" class=\"bde-accordion__button\" id=\"accordion-button-290\" aria-controls=\"accordion-panel-290\" aria-expanded=\"false\">\n     <span class=\"bde-accordion__title\" >Sinngebende Arbeit<\/span>\n     <span class=\"bde-accordion__icon bde-accordion__icon--default\"><\/span>\n     <span class=\"bde-accordion__icon bde-accordion__icon--active\"><\/span>\n  <\/button>\n<\/h3>\n\n<div role=\"region\" class=\"bde-accordion__panel\" id=\"accordion-panel-290\" aria-labelledby=\"accordion-button-290\">\n    <div class=\"bde-accordion__panel-content\">\n        <div class=\"bde-text-11867-310 bde-text\">\nBei uns finden Sie eine erf\u00fcllende und bedeutungsvolle Arbeit. Sie haben mit Ihrer T\u00e4tigkeit einen positiven Einfluss auf das Leben anderer Menschen.\n<\/div>\n    <\/div>\n<\/div>\n\n\n\n<\/div><div class=\"bde-accordion__content-wrapper-11867-305 bde-accordion__content-wrapper\">\n<h3 class=\"bde-accordion__title-tag\">\n  <button type=\"button\" class=\"bde-accordion__button\" id=\"accordion-button-305\" aria-controls=\"accordion-panel-305\" aria-expanded=\"false\">\n     <span class=\"bde-accordion__title\" >Kleine Teams mit flachen Hierarchien<\/span>\n     <span class=\"bde-accordion__icon bde-accordion__icon--default\"><\/span>\n     <span class=\"bde-accordion__icon bde-accordion__icon--active\"><\/span>\n  <\/button>\n<\/h3>\n\n<div role=\"region\" class=\"bde-accordion__panel\" id=\"accordion-panel-305\" aria-labelledby=\"accordion-button-305\">\n    <div class=\"bde-accordion__panel-content\">\n        <div class=\"bde-text-11867-311 bde-text\">\nDank unserer flachen Hierarchien genie\u00dfen Sie eine offene Kommunikation. Auf individuelle Bed\u00fcrfnisse und Probleme gehen wir schnell ein.\n<\/div>\n    <\/div>\n<\/div>\n\n\n\n<\/div><div class=\"bde-accordion__content-wrapper-11867-292 bde-accordion__content-wrapper\">\n<h3 class=\"bde-accordion__title-tag\">\n  <button type=\"button\" class=\"bde-accordion__button\" id=\"accordion-button-292\" aria-controls=\"accordion-panel-292\" aria-expanded=\"false\">\n     <span class=\"bde-accordion__title\" >Verg\u00fctung nach TV\u00f6D<\/span>\n     <span class=\"bde-accordion__icon bde-accordion__icon--default\"><\/span>\n     <span class=\"bde-accordion__icon bde-accordion__icon--active\"><\/span>\n  <\/button>\n<\/h3>\n\n<div role=\"region\" class=\"bde-accordion__panel\" id=\"accordion-panel-292\" aria-labelledby=\"accordion-button-292\">\n    <div class=\"bde-accordion__panel-content\">\n        <div class=\"bde-text-11867-312 bde-text\">\nWir bieten Ihnen eine Verg\u00fctung angelehnt an den TV\u00f6D mit Weihnachtsgeld und vielen weiteren Vorteilen. Ihre bisherige Arbeitserfahrung rechnen wir Ihnen an.\n<\/div>\n    <\/div>\n<\/div>\n\n\n\n<\/div><div class=\"bde-accordion__content-wrapper-11867-303 bde-accordion__content-wrapper\">\n<h3 class=\"bde-accordion__title-tag\">\n  <button type=\"button\" class=\"bde-accordion__button\" id=\"accordion-button-303\" aria-controls=\"accordion-panel-303\" aria-expanded=\"false\">\n     <span class=\"bde-accordion__title\" >Betriebliche Altersvorsorge<\/span>\n     <span class=\"bde-accordion__icon bde-accordion__icon--default\"><\/span>\n     <span class=\"bde-accordion__icon bde-accordion__icon--active\"><\/span>\n  <\/button>\n<\/h3>\n\n<div role=\"region\" class=\"bde-accordion__panel\" id=\"accordion-panel-303\" aria-labelledby=\"accordion-button-303\">\n    <div class=\"bde-accordion__panel-content\">\n        <div class=\"bde-text-11867-313 bde-text\">\nSie profitieren von einer betriebliche Altersvorsorge bei der Lebenshilfe Stuttgart. Die Altersvorsorge wird f\u00fcr Sie komplett vom Arbeitgeber bezahlt.\n<\/div>\n    <\/div>\n<\/div>\n\n\n\n<\/div><div class=\"bde-accordion__content-wrapper-11867-294 bde-accordion__content-wrapper\">\n<h3 class=\"bde-accordion__title-tag\">\n  <button type=\"button\" class=\"bde-accordion__button\" id=\"accordion-button-294\" aria-controls=\"accordion-panel-294\" aria-expanded=\"false\">\n     <span class=\"bde-accordion__title\" >Mitbestimmung bei den Arbeitszeiten<\/span>\n     <span class=\"bde-accordion__icon bde-accordion__icon--default\"><\/span>\n     <span class=\"bde-accordion__icon bde-accordion__icon--active\"><\/span>\n  <\/button>\n<\/h3>\n\n<div role=\"region\" class=\"bde-accordion__panel\" id=\"accordion-panel-294\" aria-labelledby=\"accordion-button-294\">\n    <div class=\"bde-accordion__panel-content\">\n        <div class=\"bde-text-11867-314 bde-text\">\nSie k\u00f6nnen im Team Ihre Arbeitszeiten mitzubestimmen. Bei B\u00fcrot\u00e4tigkeiten haben Sie die M\u00f6glichkeit im Homeoffice zu arbeiten.\n<\/div>\n    <\/div>\n<\/div>\n\n\n\n<\/div><div class=\"bde-accordion__content-wrapper-11867-296 bde-accordion__content-wrapper\">\n<h3 class=\"bde-accordion__title-tag\">\n  <button type=\"button\" class=\"bde-accordion__button\" id=\"accordion-button-296\" aria-controls=\"accordion-panel-296\" aria-expanded=\"false\">\n     <span class=\"bde-accordion__title\" >Fahrradleasing und Sportangebote<\/span>\n     <span class=\"bde-accordion__icon bde-accordion__icon--default\"><\/span>\n     <span class=\"bde-accordion__icon bde-accordion__icon--active\"><\/span>\n  <\/button>\n<\/h3>\n\n<div role=\"region\" class=\"bde-accordion__panel\" id=\"accordion-panel-296\" aria-labelledby=\"accordion-button-296\">\n    <div class=\"bde-accordion__panel-content\">\n        <div class=\"bde-text-11867-315 bde-text\">\nSie bekommen die M\u00f6glichkeit ein E-Bike zu Leasen. Au\u00dferdem erm\u00f6glichen wir Ihnen die preiswerte Nutzung von zahlreichen Fitness- und Wellnessangeboten.\n<\/div>\n    <\/div>\n<\/div>\n\n\n\n<\/div><div class=\"bde-accordion__content-wrapper-11867-298 bde-accordion__content-wrapper\">\n<h3 class=\"bde-accordion__title-tag\">\n  <button type=\"button\" class=\"bde-accordion__button\" id=\"accordion-button-298\" aria-controls=\"accordion-panel-298\" aria-expanded=\"false\">\n     <span class=\"bde-accordion__title\" >D-Ticket als Jobticket<\/span>\n     <span class=\"bde-accordion__icon bde-accordion__icon--default\"><\/span>\n     <span class=\"bde-accordion__icon bde-accordion__icon--active\"><\/span>\n  <\/button>\n<\/h3>\n\n<div role=\"region\" class=\"bde-accordion__panel\" id=\"accordion-panel-298\" aria-labelledby=\"accordion-button-298\">\n    <div class=\"bde-accordion__panel-content\">\n        <div class=\"bde-text-11867-316 bde-text\">\nWir beteiligen uns an den Kosten f\u00fcr das Deutschlandticket unserer Mitarbeitenden. So sind Sie g\u00fcnstig und umweltfreundlich unterwegs.\n<\/div>\n    <\/div>\n<\/div>\n\n\n\n<\/div><div class=\"bde-accordion__content-wrapper-11867-307 bde-accordion__content-wrapper\">\n<h3 class=\"bde-accordion__title-tag\">\n  <button type=\"button\" class=\"bde-accordion__button\" id=\"accordion-button-307\" aria-controls=\"accordion-panel-307\" aria-expanded=\"false\">\n     <span class=\"bde-accordion__title\" >20% Rabatt auf unsere Produkte<br><\/span>\n     <span class=\"bde-accordion__icon bde-accordion__icon--default\"><\/span>\n     <span class=\"bde-accordion__icon bde-accordion__icon--active\"><\/span>\n  <\/button>\n<\/h3>\n\n<div role=\"region\" class=\"bde-accordion__panel\" id=\"accordion-panel-307\" aria-labelledby=\"accordion-button-307\">\n    <div class=\"bde-accordion__panel-content\">\n        <div class=\"bde-text-11867-309 bde-text\">\nSie profitieren von 20% Rabatt auf Waren aus unseren Bistros und Produkten unserer Werkst\u00e4tten.\n<\/div>\n    <\/div>\n<\/div>\n\n\n\n<\/div>\r\n\r\n<\/div>\n<\/div><div class=\"bde-column-11867-302 bde-column\">\n  \n  \n\t\n\n\n\n<h2 class=\"bde-heading-11867-317 bde-heading\">\nDas sagt unser Team \u00fcber uns\n<\/h2><div class=\"bde-advancedslider-11867-318 bde-advancedslider\">\n<div class=\"breakdance-swiper-wrapper\" data-swiper-id=\"318\">\n  <div class=\"swiper\">\n    <div class=\"swiper-wrapper\">\n      <div class=\"bde-advancedslide-11867-319 bde-advancedslide swiper-slide\"><div class=\"advanced-slider__slide\">\r\n  <div class=\"bde-video-11867-330 bde-video\">\n<div class=\"ee-video-container\">\n            <video class=\"ee-video\" src=\"\/wp-content\/uploads\/2024\/10\/Interview-Pflege-komprimiert.mp4\"\n                               controls='true'                                                                controlslist=\"nodownload\"                playsinline\n>\n        <\/video>\n    \n    <\/div>\n\n<\/div><div class=\"bde-text-11867-338 bde-text\">\nKathrin, Heilerziehungspflegerin in den Wohnst\u00e4tten\n<\/div>\r\n<\/div><\/div><div class=\"bde-advancedslide-11867-321 bde-advancedslide swiper-slide\"><div class=\"advanced-slider__slide\">\r\n  <div class=\"bde-video-11867-329 bde-video\">\n<div class=\"ee-video-container\">\n            <video class=\"ee-video\" src=\"\/wp-content\/uploads\/2024\/10\/Interview-Metall-komprimiert.mp4\"\n                               controls='true'                                                                controlslist=\"nodownload\"                playsinline\n>\n        <\/video>\n    \n    <\/div>\n\n<\/div><div class=\"bde-text-11867-339 bde-text\">\nAurelia, Gruppenleiterin in den Werkst\u00e4tten\n<\/div>\r\n<\/div><\/div><div class=\"bde-advancedslide-11867-327 bde-advancedslide swiper-slide\"><div class=\"advanced-slider__slide\">\r\n  <div class=\"bde-video-11867-328 bde-video\">\n<div class=\"ee-video-container\">\n            <video class=\"ee-video\" src=\"\/wp-content\/uploads\/2024\/10\/Interview-Foerderungs-komprimiert.mp4\"\n                               controls='true'                                                                controlslist=\"nodownload\"                playsinline\n>\n        <\/video>\n    \n    <\/div>\n\n<\/div><div class=\"bde-text-11867-340 bde-text\">\nMarcel, Berufsbildungsbegleiter\n<\/div>\r\n<\/div><\/div><div class=\"bde-advancedslide-11867-331 bde-advancedslide swiper-slide\"><div class=\"advanced-slider__slide\">\r\n  <div class=\"bde-video-11867-332 bde-video\">\n<div class=\"ee-video-container\">\n            <video class=\"ee-video\" src=\"\/wp-content\/uploads\/2024\/10\/Interview-Holger-komprimiert.mp4\"\n                               controls='true'                                                                controlslist=\"nodownload\"                playsinline\n>\n        <\/video>\n    \n    <\/div>\n\n<\/div><div class=\"bde-text-11867-341 bde-text\">\nHolger Brambach, Fachbereichsleiter in den Wohnst\u00e4tten\n<\/div>\r\n<\/div><\/div><div class=\"bde-advancedslide-11867-333 bde-advancedslide swiper-slide\"><div class=\"advanced-slider__slide\">\r\n  <div class=\"bde-video-11867-334 bde-video\">\n<div class=\"ee-video-container\">\n            <video class=\"ee-video\" src=\"\/wp-content\/uploads\/2024\/10\/Interview-Foerderbereich-komprimiert.mp4\"\n                               controls='true'                                                                controlslist=\"nodownload\"                playsinline\n>\n        <\/video>\n    \n    <\/div>\n\n<\/div><div class=\"bde-text-11867-342 bde-text\">\nViviana, Heilerziehungspflegerin in den F\u00f6rdergruppen\n<\/div>\r\n<\/div><\/div><div class=\"bde-advancedslide-11867-335 bde-advancedslide swiper-slide\"><div class=\"advanced-slider__slide\">\r\n  <div class=\"bde-video-11867-336 bde-video\">\n<div class=\"ee-video-container\">\n            <video class=\"ee-video\" src=\"\/wp-content\/uploads\/2024\/10\/Interview-Matthias.mp4\"\n                               controls='true'                                                                controlslist=\"nodownload\"                playsinline\n>\n        <\/video>\n    \n    <\/div>\n\n<\/div><div class=\"bde-text-11867-337 bde-text\">\nMatthias, Heilerziehungspfleger in den Wohnst\u00e4tten\n<\/div>\r\n<\/div><\/div>\n    <\/div>\n  <\/div>\n\n              <div class=\"swiper-button-prev\">\n            \n        <\/div>\n        <div class=\"swiper-button-next\">\n            \n        <\/div>\n    \n            <div class=\"swiper-pagination\"><\/div>\n    \n<\/div>\n\n<\/div>\n<\/div><\/div><\/div>\n<\/section><section id=\"anker_bewerben\" class=\"bde-section-11867-374 bde-section\">\n  \n  \n\t\n\n\n\n<div class=\"section-container\"><h2 class=\"bde-heading-11867-459 bde-heading\">\nOffene Arbeitsstellen\n<\/h2><div class=\"bde-code-block-11867-416 bde-code-block\">\n\n  <iframe class=\"jobs-list\" src=\"https:\/\/myjobboard.de\/lebenshilfe-stuttgart\/Stellenangebote\/\" width=\"100%\"\nstyle=\"border:none;\"\ntitle=\"Jobangebote der Lebenshilfe Stuttgart\"><\/iframe>\n\n\n<\/div><\/div>\n<\/section><section id=\"anker_kontakt\" class=\"bde-section-11867-425 bde-section\">\n  \n  \n\t\n\n\n\n<div class=\"section-container\"><div class=\"bde-columns-11867-456 bde-columns\"><div class=\"bde-column-11867-457 bde-column\">\n  \n  \n\t\n\n\n\n<h3 class=\"bde-heading-11867-428 bde-heading\">\nKontakt, Infos, Bewerbungen\n<\/h3><div class=\"bde-text-11867-429 bde-text\">\nM\u00f6chten Sie die Lebenshilfe als Arbeitgeber kennenlernen?<br>Haben Sie Fragen oder m\u00f6chten sich bewerben?\n<\/div>\n<\/div><div class=\"bde-column-11867-458 bde-column\">\n  \n  \n\t\n\n\n\n<h3 class=\"bde-heading-11867-433 bde-heading\">\nPersonalabteilung\n<\/h3><div class=\"bde-rich-text-11867-434 bde-rich-text breakdance-rich-text-styles\">\n<p>Telefon: 0711 32 097-169 oder 0711 32 097 - 149\u00a0<br \/>E-Mail:\u00a0<a href=\"mailto:personal@lebenshilfe-stuttgart.de\">personal@lebenshilfe-stuttgart.de<\/a><\/p>\n<\/div>\n<\/div><\/div><\/div>\n<\/section>","protected":false},"excerpt":{"rendered":"<p>Die Lebenshilfe Stuttgart ist ein starker sozialer Arbeitgeber. Wir bieten Fachkr\u00e4ften fair bezahlte Jobs mit vielen Extras.<\/p>","protected":false},"author":2,"featured_media":0,"parent":0,"menu_order":0,"comment_status":"closed","ping_status":"closed","template":"","meta":{"_acf_changed":false,"_breakdance_hide_in_design_set":false,"_breakdance_tags":"","footnotes":""},"folder":[],"class_list":["post-11867","page","type-page","status-publish","hentry"],"acf":[],"_links":{"self":[{"href":"https:\/\/www.lebenshilfe-stuttgart.de\/de_leicht\/wp-json\/wp\/v2\/pages\/11867","targetHints":{"allow":["GET"]}}],"collection":[{"href":"https:\/\/www.lebenshilfe-stuttgart.de\/de_leicht\/wp-json\/wp\/v2\/pages"}],"about":[{"href":"https:\/\/www.lebenshilfe-stuttgart.de\/de_leicht\/wp-json\/wp\/v2\/types\/page"}],"author":[{"embeddable":true,"href":"https:\/\/www.lebenshilfe-stuttgart.de\/de_leicht\/wp-json\/wp\/v2\/users\/2"}],"replies":[{"embeddable":true,"href":"https:\/\/www.lebenshilfe-stuttgart.de\/de_leicht\/wp-json\/wp\/v2\/comments?post=11867"}],"version-history":[{"count":86,"href":"https:\/\/www.lebenshilfe-stuttgart.de\/de_leicht\/wp-json\/wp\/v2\/pages\/11867\/revisions"}],"predecessor-version":[{"id":21092,"href":"https:\/\/www.lebenshilfe-stuttgart.de\/de_leicht\/wp-json\/wp\/v2\/pages\/11867\/revisions\/21092"}],"wp:attachment":[{"href":"https:\/\/www.lebenshilfe-stuttgart.de\/de_leicht\/wp-json\/wp\/v2\/media?parent=11867"}],"wp:term":[{"taxonomy":"folder","embeddable":true,"href":"https:\/\/www.lebenshilfe-stuttgart.de\/de_leicht\/wp-json\/wp\/v2\/folder?post=11867"}],"curies":[{"name":"wp","href":"https:\/\/api.w.org\/{rel}","templated":true}]}}