{"id":12000,"date":"2023-09-11T14:51:33","date_gmt":"2023-09-11T12:51:33","guid":{"rendered":"http:\/\/breakdance.lebenshilfe-stuttgart.de\/?page_id=12000"},"modified":"2026-05-05T11:12:55","modified_gmt":"2026-05-05T09:12:55","slug":"seniorenangebote","status":"publish","type":"page","link":"https:\/\/www.lebenshilfe-stuttgart.de\/de_leicht\/seniorenangebote\/","title":{"rendered":"Seniorenangebote"},"content":{"rendered":"<section class=\"bde-section-12000-100 bde-section\">\n  \n  \n\t\n\n\n\n<div class=\"section-container\"><div class=\"bde-columns-12000-101 bde-columns\"><div class=\"bde-column-12000-102 bde-column\">\n  \n  \n\t\n\n\n\n<div class=\"bde-image-12000-103 bde-image\">\n<figure class=\"breakdance-image breakdance-image--16093\">\n\t<div class=\"breakdance-image-container\">\n\t\t<div class=\"breakdance-image-clip\"><img loading=\"lazy\" decoding=\"async\" class=\"breakdance-image-object\" src=\"https:\/\/www.lebenshilfe-stuttgart.de\/wp-content\/uploads\/2024\/11\/Senioren_01_1050.jpg\" width=\"1050\" height=\"700\" srcset=\"https:\/\/www.lebenshilfe-stuttgart.de\/wp-content\/uploads\/2024\/11\/Senioren_01_1050.jpg 1050w, https:\/\/www.lebenshilfe-stuttgart.de\/wp-content\/uploads\/2024\/11\/Senioren_01_1050-300x200.jpg 300w, https:\/\/www.lebenshilfe-stuttgart.de\/wp-content\/uploads\/2024\/11\/Senioren_01_1050-1024x683.jpg 1024w, https:\/\/www.lebenshilfe-stuttgart.de\/wp-content\/uploads\/2024\/11\/Senioren_01_1050-768x512.jpg 768w, https:\/\/www.lebenshilfe-stuttgart.de\/wp-content\/uploads\/2024\/11\/Senioren_01_1050-600x400.jpg 600w\" sizes=\"auto, (max-width: 1050px) 100vw, 1050px\" alt=\"Eine \u00e4ltere Frau sitzt mit anderen Menschen an einem Tisch und freut sich\"><\/div>\n\t<\/div><\/figure>\n\n<\/div>\n<\/div><div class=\"bde-column-12000-104 bde-column\">\n  \n  \n\t\n\n\n\n<h1 class=\"bde-heading-12000-105 bde-heading\">\nAngebote f\u00fcr Menschen im Ruhestand\n<\/h1><div class=\"bde-text-12000-106 bde-text\">\nBei der Stuttgarter Wohnst\u00e4tten GmbH k\u00f6nnen Menschen mit Behinderungen ihren Ruhestand individuell genie\u00dfen. Unsere vielf\u00e4ltigen Angebote bieten dabei viel Abwechslung.<br>\n<\/div><div class=\"bde-div-12000-195 bde-div\">\n  \n  \n\t\n\n\n\n<div class=\"bde-button-12000-196 bde-button bde-preset-52693b22-12c9-4498-ae0a-68d537189dbe\">\n        \n    \n    \n    \n    \n            \n                    \n            \n            \n\n    \n    \n    \n    \n    \n    <a class=\"breakdance-link button-atom button-atom--custom bde-button__button\" href=\"#anker_ruhestand\" target=\"_self\" data-type=\"url\"  >\n\n    \n        <span class=\"button-atom__text\">Ruhestand<\/span>\n\n                            \n        \n                <\/a>\n\n    \n\n\n<\/div><div class=\"bde-button-12000-197 bde-button bde-preset-52693b22-12c9-4498-ae0a-68d537189dbe\">\n        \n    \n    \n    \n    \n            \n                    \n            \n            \n\n    \n    \n    \n    \n    \n    <a class=\"breakdance-link button-atom button-atom--custom bde-button__button\" href=\"#anker_angebote\" target=\"_self\" data-type=\"url\"  >\n\n    \n        <span class=\"button-atom__text\">Angebote f\u00fcr Rentner<\/span>\n\n                            \n        \n                <\/a>\n\n    \n\n\n<\/div><div class=\"bde-button-12000-198 bde-button bde-preset-52693b22-12c9-4498-ae0a-68d537189dbe\">\n        \n    \n    \n    \n    \n            \n                    \n            \n            \n\n    \n    \n    \n    \n    \n    <a class=\"breakdance-link button-atom button-atom--custom bde-button__button\" href=\"#anker_kontakt\" target=\"_self\" data-type=\"url\"  >\n\n    \n        <span class=\"button-atom__text\">Beratung und Kontakt<\/span>\n\n                            \n        \n                <\/a>\n\n    \n\n\n<\/div>\n<\/div>\n<\/div><\/div><\/div>\n<\/section><section id=\"anker_ruhestand\" class=\"bde-section-12000-123 bde-section\">\n  \n  \n\t\n\n\n\n<div class=\"section-container\"><div class=\"bde-columns-12000-124 bde-columns\"><div class=\"bde-column-12000-125 bde-column\">\n  \n  \n\t\n\n\n\n<h2 class=\"bde-heading-12000-126 bde-heading\">\nNach der Arbeit kommt der Ruhestand<br>\n<\/h2><div class=\"bde-text-12000-127 bde-text\">\nMenschen mit einer Behinderung haben, wie alle anderen Berufst\u00e4tigen auch, einen Anspruch auf Rente. F\u00fcr Menschen im Ruhestand bietet die Lebenshilfe Stuttgart viele Angebote. Die Angebote sind nat\u00fcrlich freiwillig.<br><br>Manche Menschen reduzieren auch schon vor dem Erreichen des Renteneintrittsalter ihre Arbeitszeit. Sie k\u00f6nnen dann an den freien Tagen an den Angeboten teilnehmen.<br><br>Die Angebote stehen allen Menschen offen, egal ob sie in einer Wohngemeinschaft der Lebenshilfe Stuttgart oder alleine wohnen.\n<\/div>\n<\/div><div class=\"bde-column-12000-128 bde-column\">\n  \n  \n\t\n\n\n\n<div class=\"bde-image-12000-129 bde-image\">\n<figure class=\"breakdance-image breakdance-image--15704\">\n\t<div class=\"breakdance-image-container\">\n\t\t<div class=\"breakdance-image-clip\"><img loading=\"lazy\" decoding=\"async\" class=\"breakdance-image-object\" src=\"https:\/\/www.lebenshilfe-stuttgart.de\/wp-content\/uploads\/2024\/10\/ABW_01_1050.jpg\" width=\"1050\" height=\"700\" srcset=\"https:\/\/www.lebenshilfe-stuttgart.de\/wp-content\/uploads\/2024\/10\/ABW_01_1050.jpg 1050w, https:\/\/www.lebenshilfe-stuttgart.de\/wp-content\/uploads\/2024\/10\/ABW_01_1050-300x200.jpg 300w, https:\/\/www.lebenshilfe-stuttgart.de\/wp-content\/uploads\/2024\/10\/ABW_01_1050-1024x683.jpg 1024w, https:\/\/www.lebenshilfe-stuttgart.de\/wp-content\/uploads\/2024\/10\/ABW_01_1050-768x512.jpg 768w, https:\/\/www.lebenshilfe-stuttgart.de\/wp-content\/uploads\/2024\/10\/ABW_01_1050-600x400.jpg 600w\" sizes=\"auto, (max-width: 1050px) 100vw, 1050px\" alt=\"Ein Mann steht auf dem Balkon eines Geb\u00e4udes\"><\/div>\n\t<\/div><\/figure>\n\n<\/div>\n<\/div><\/div><\/div>\n<\/section><section id=\"anker_angebote\" class=\"bde-section-12000-116 bde-section\">\n  \n  \n\t\n\n\n\n<div class=\"section-container\"><div class=\"bde-columns-12000-117 bde-columns\"><div class=\"bde-column-12000-118 bde-column\">\n  \n  \n\t\n\n\n\n<div class=\"bde-image-12000-119 bde-image\">\n<figure class=\"breakdance-image breakdance-image--16094\">\n\t<div class=\"breakdance-image-container\">\n\t\t<div class=\"breakdance-image-clip\"><img loading=\"lazy\" decoding=\"async\" class=\"breakdance-image-object\" src=\"https:\/\/www.lebenshilfe-stuttgart.de\/wp-content\/uploads\/2024\/11\/Senioren_03_1050.jpg\" width=\"1050\" height=\"700\" srcset=\"https:\/\/www.lebenshilfe-stuttgart.de\/wp-content\/uploads\/2024\/11\/Senioren_03_1050.jpg 1050w, https:\/\/www.lebenshilfe-stuttgart.de\/wp-content\/uploads\/2024\/11\/Senioren_03_1050-300x200.jpg 300w, https:\/\/www.lebenshilfe-stuttgart.de\/wp-content\/uploads\/2024\/11\/Senioren_03_1050-1024x683.jpg 1024w, https:\/\/www.lebenshilfe-stuttgart.de\/wp-content\/uploads\/2024\/11\/Senioren_03_1050-768x512.jpg 768w, https:\/\/www.lebenshilfe-stuttgart.de\/wp-content\/uploads\/2024\/11\/Senioren_03_1050-600x400.jpg 600w\" sizes=\"auto, (max-width: 1050px) 100vw, 1050px\" alt=\"Eine \u00e4ltere Frau backt mit anderen Menschen zusammen\"><\/div>\n\t<\/div><\/figure>\n\n<\/div>\n<\/div><div class=\"bde-column-12000-120 bde-column\">\n  \n  \n\t\n\n\n\n<h2 class=\"bde-heading-12000-121 bde-heading\">\nAngebote f\u00fcr Menschen im Ruhestand\n<\/h2><div class=\"bde-text-12000-122 bde-text\">\nDie Lebenshilfe Stuttgart bietet an einigen ihrer Standorte Angebote f\u00fcr Menschen im Ruhestand an. In jeder Gruppe gibt es sehr unterschiedliche Angebote.<br><br>Das sind zum Beispiel Gymnastik- und Entspannungsangebote, gemeinsames Kochen, Heimarbeit und Handwerken oder verschiedene Ausfl\u00fcge.<br>Jede Rentnerin und jeder Rentner suchen sich dabei nach ihren W\u00fcnschen Angebote aus.\n<\/div>\n<\/div><\/div><\/div>\n<\/section><section id=\"anker_kontakt\" class=\"bde-section-12000-176 bde-section\">\n  \n  \n\t\n\n\n\n<div class=\"section-container\"><div class=\"bde-columns-12000-177 bde-columns\"><div class=\"bde-column-12000-178 bde-column\">\n  \n  \n\t\n\n\n\n<h3 class=\"bde-heading-12000-179 bde-heading\">\nBeratung und Kontakt<br>\n<\/h3><div class=\"bde-text-12000-180 bde-text\">\nHaben Sie Interesse an den Angebote f\u00fcr Menschen im Ruhestand?<br>Haben Sie Fragen oder w\u00fcnschen Sie eine Beratung?<br>Wir helfen Ihnen gerne weiter.\n<\/div>\n<\/div><div class=\"bde-column-12000-181 bde-column\">\n  \n  \n\t\n\n\n\n<div class=\"bde-div-12000-182 bde-div\">\n  \n  \n\t\n\n\n\n<div class=\"bde-image-12000-183 bde-image\">\n<figure class=\"breakdance-image breakdance-image--21184\">\n\t<div class=\"breakdance-image-container\">\n\t\t<div class=\"breakdance-image-clip\"><img loading=\"lazy\" decoding=\"async\" class=\"breakdance-image-object\" src=\"https:\/\/www.lebenshilfe-stuttgart.de\/wp-content\/uploads\/2026\/05\/Bodri-Saskia-2-150x150-1.jpg\" width=\"150\" height=\"150\" srcset=\"https:\/\/www.lebenshilfe-stuttgart.de\/wp-content\/uploads\/2026\/05\/Bodri-Saskia-2-150x150-1.jpg 150w, https:\/\/www.lebenshilfe-stuttgart.de\/wp-content\/uploads\/2026\/05\/Bodri-Saskia-2-150x150-1-12x12.jpg 12w, https:\/\/www.lebenshilfe-stuttgart.de\/wp-content\/uploads\/2026\/05\/Bodri-Saskia-2-150x150-1-50x50.jpg 50w, https:\/\/www.lebenshilfe-stuttgart.de\/wp-content\/uploads\/2026\/05\/Bodri-Saskia-2-150x150-1-100x100.jpg 100w\" sizes=\"auto, (max-width: 150px) 100vw, 150px\" alt=\"Portraitfoto von Saskia Bodri\"><\/div>\n\t<\/div><\/figure>\n\n<\/div><div class=\"bde-div-12000-184 bde-div\">\n  \n  \n\t\n\n\n\n<h3 class=\"bde-heading-12000-185 bde-heading\">\nAnsprech\u00b7person\n<\/h3><div class=\"bde-rich-text-12000-186 bde-rich-text breakdance-rich-text-styles\">\nSaskia Bodri<br>\nTelefon: 0711 57 79 97-101<br>\nMobiltelefon: 0172 709 90 18<br>\nE-Mail:\u00a0<a href=\"mailto:senioren@lebenshilfe-stuttgart.de\">senioren@lebenshilfe-stuttgart.de<\/a>\n<\/div>\n<\/div>\n<\/div>\n<\/div><\/div><\/div>\n<\/section>","protected":false},"excerpt":{"rendered":"<p>Wir bieten f\u00fcr Menschen mit einer Behinderung Unterst\u00fctzung beim Wohnen.<br>\nWir haben verschiedene Angebote.<br>\nSo ist f\u00fcr jeden Menschen etwas dabei.<\/p>","protected":false},"author":2,"featured_media":0,"parent":0,"menu_order":0,"comment_status":"closed","ping_status":"closed","template":"","meta":{"_acf_changed":false,"_breakdance_hide_in_design_set":false,"_breakdance_tags":"","footnotes":""},"folder":[],"class_list":["post-12000","page","type-page","status-publish","hentry"],"acf":[],"_links":{"self":[{"href":"https:\/\/www.lebenshilfe-stuttgart.de\/de_leicht\/wp-json\/wp\/v2\/pages\/12000","targetHints":{"allow":["GET"]}}],"collection":[{"href":"https:\/\/www.lebenshilfe-stuttgart.de\/de_leicht\/wp-json\/wp\/v2\/pages"}],"about":[{"href":"https:\/\/www.lebenshilfe-stuttgart.de\/de_leicht\/wp-json\/wp\/v2\/types\/page"}],"author":[{"embeddable":true,"href":"https:\/\/www.lebenshilfe-stuttgart.de\/de_leicht\/wp-json\/wp\/v2\/users\/2"}],"replies":[{"embeddable":true,"href":"https:\/\/www.lebenshilfe-stuttgart.de\/de_leicht\/wp-json\/wp\/v2\/comments?post=12000"}],"version-history":[{"count":15,"href":"https:\/\/www.lebenshilfe-stuttgart.de\/de_leicht\/wp-json\/wp\/v2\/pages\/12000\/revisions"}],"predecessor-version":[{"id":21185,"href":"https:\/\/www.lebenshilfe-stuttgart.de\/de_leicht\/wp-json\/wp\/v2\/pages\/12000\/revisions\/21185"}],"wp:attachment":[{"href":"https:\/\/www.lebenshilfe-stuttgart.de\/de_leicht\/wp-json\/wp\/v2\/media?parent=12000"}],"wp:term":[{"taxonomy":"folder","embeddable":true,"href":"https:\/\/www.lebenshilfe-stuttgart.de\/de_leicht\/wp-json\/wp\/v2\/folder?post=12000"}],"curies":[{"name":"wp","href":"https:\/\/api.w.org\/{rel}","templated":true}]}}