{"id":13389,"date":"2024-01-24T16:09:51","date_gmt":"2024-01-24T15:09:51","guid":{"rendered":"http:\/\/breakdance.lebenshilfe-stuttgart.de\/?page_id=13389"},"modified":"2025-07-29T11:00:58","modified_gmt":"2025-07-29T09:00:58","slug":"agb","status":"publish","type":"page","link":"https:\/\/www.lebenshilfe-stuttgart.de\/de_leicht\/agb\/","title":{"rendered":"AGB"},"content":{"rendered":"<section class=\"bde-section-13389-100 bde-section\">\n  \n  \n\t\n\n\n\n<div class=\"section-container\"><h1 class=\"bde-heading-13389-101 bde-heading\">\nAllgemeine Gesch\u00e4fts\u00adbedingungen\n<\/h1><\/div>\n<\/section><section class=\"bde-section-13389-102 bde-section\">\n  \n  \n\t\n\n\n\n<div class=\"section-container\"><h2 class=\"bde-heading-13389-103 bde-heading\">\n1. Geltungsbereich\n<\/h2><div class=\"bde-text-13389-104 bde-text\">\nF\u00fcr alle Lieferungen des Online-Shops der Stuttgarter Werkst\u00e4tten der Lebenshilfe GmbH an Verbraucher gelten diese Allgemeinen Gesch\u00e4ftsbedingungen (AGB). Verbraucher ist jede nat\u00fcrliche Person, die ein Rechtsgesch\u00e4ft zu einem Zwecke abschlie\u00dft, der \u00fcberwiegend weder ihrer gewerblichen noch ihrer selbstst\u00e4ndigen beruflichen T\u00e4tigkeit zugerechnet werden kann.\n<\/div><h2 class=\"bde-heading-13389-105 bde-heading\">\n2. Vertragspartner\n<\/h2><div class=\"bde-text-13389-106 bde-text\">\nDer Kaufvertrag kommt zustande mit den Stuttgarter Werkst\u00e4tten der Lebenshilfe GmbH, 70565 Stuttgart, Ersthaldenstra\u00dfe 39, Handelsregister: Amtsgericht Stuttgart HRB 18200.\n<\/div><h2 class=\"bde-heading-13389-107 bde-heading\">\n3. Vertragsschluss\n<\/h2><div class=\"bde-text-13389-108 bde-text\">\nDie Darstellung der Produkte im Online-Shop stellt kein rechtlich bindendes Angebot, sondern nur eine Aufforderung zur Bestellung dar.<br>Durch Anklicken des Buttons \u201eJetzt kaufen\u201c geben Sie eine verbindliche Bestellung der auf der Bestellseite aufgelisteten Waren ab. Ihr Kaufvertrag kommt zustande, wenn wir Ihre Bestellung durch eine Bestellbest\u00e4tigung per E-Mail unmittelbar nach dem Erhalt Ihrer Bestellung annehmen.\n<\/div><h2 class=\"bde-heading-13389-109 bde-heading\">\n4. Widerrufsrecht\n<\/h2><div class=\"bde-rich-text-13389-132 bde-rich-text breakdance-rich-text-styles\">\n<p>Wenn Sie Verbraucher sind (also eine nat\u00fcrliche Person, die die Bestellung zu einem Zweck abgibt, der weder Ihrer gewerblichen oder selbst\u00e4ndigen beruflichen T\u00e4tigkeit zugerechnet werden kann), steht Ihnen nach Ma\u00dfgabe der gesetzlichen Bestimmungen ein Widerrufsrecht zu.<br \/>Machen Sie als Verbraucher von Ihrem Widerrufsrecht nach gebrauch, so haben Sie die regelm\u00e4\u00dfigen Kosten der R\u00fccksendung zu tragen.<br \/>Im \u00dcbrigen gelten f\u00fcr das Widerrufsrecht die Regelungen, die im Einzelnen wiedergegeben sind in der Widerrufsbelehrung.<\/p><p><u><a href=\"https:\/\/www.lebenshilfe-stuttgart.de\/de_leicht\/widerrufsbelehrung\/\">Widerrufsbelehrung ansehen<\/a><\/u><\/p>\n<\/div><h2 id=\"versand\" class=\"bde-heading-13389-111 bde-heading\">\n5. Preise und Versandkosten\n<\/h2><div class=\"bde-rich-text-13389-134 bde-rich-text breakdance-rich-text-styles\">\n<p>Die auf den Produktseiten genannten Preise enthalten die gesetzliche Mehrwertsteuer und sonstige Preisbestandteile. F\u00fcr Lieferungen berechnen wir folgende Versand- und Verpackungskosten:<\/p>\n<table width=\"700\">\n<tbody>\n<tr>\n<th>Gewicht<\/th>\n<th>Max. Gr\u00f6\u00dfe<\/th>\n<th><strong>Kosten f\u00fcr Verpackung und Versand<\/strong><\/th>\n<\/tr>\n<tr>\n<td>bis 1 kg<\/td>\n<td>120 x 60 x 60 cm<\/td>\n<td>7,93 \u20ac<\/td>\n<\/tr>\n<tr>\n<td>bis 3 kg<\/td>\n<td>120 x 60 x 60 cm<\/td>\n<td>8,59 \u20ac<\/td>\n<\/tr>\n<tr>\n<td>bis 5 kg<\/td>\n<td>120 x 60 x 60 cm<\/td>\n<td>9,85 \u20ac<\/td>\n<\/tr>\n<tr>\n<td>bis 10 kg<\/td>\n<td>120 x 60 x 60 cm<\/td>\n<td>12,33 \u20ac<\/td>\n<\/tr>\n<tr>\n<td>bis 20 kg<\/td>\n<td>120 x 60 x 60 cm<\/td>\n<td>18,23 \u20ac<\/td>\n<\/tr>\n<tr>\n<td>bis 31,5 kg<\/td>\n<td>120 x 60 x 60 cm<\/td>\n<td>21,54 \u20ac<\/td>\n<\/tr>\n<\/tbody>\n<\/table>\n<p>F\u00fcr die Versendung eines Buches berechnen wir 3 \u20ac als Warensendung (ohne Haftung).<br \/>Alternativ k\u00f6nnen Sie ein Buch auch versichert im DHL Paket bestellen (Siehe Tabelle oben).<br \/>Mehr als ein Buch werden als DHL Paket verschickt (Siehe Tabelle oben).<\/p>\n<p>F\u00fcr die Versendung von bis zu 10 Karten (ohne weitere Artikel) berechnen wir entweder 1,80 \u20ac als Gro\u00dfbriefsendung ohne Haftung oder optional 4,15 \u20ac als Gro\u00dfbriefsendung mit Einschreiben Einwurf mit einer Haftung bis 20 \u20ac. Alternativ k\u00f6nnen Sie Karten auch versichert im DHL Paket bestellen (siehe Tabelle oben).<\/p>\n<\/div><h2 class=\"bde-heading-13389-122 bde-heading\">\n6. Lieferung\n<\/h2><div class=\"bde-text-13389-123 bde-text\">\nDie Lieferung erfolgt nur innerhalb Deutschlands mit DHL.<br>Die Lieferzeit betr\u00e4gt bis zu 5 Tage. Auf eventuell abweichende Lieferzeiten weisen wir auf der jeweiligen Produktseite hin.\n<\/div><h2 class=\"bde-heading-13389-124 bde-heading\">\n7. Zahlung\n<\/h2><div class=\"bde-rich-text-13389-135 bde-rich-text breakdance-rich-text-styles\">\n<p>Die Zahlung erfolgt wahlweise \u00fcber eine der folgenden Zahlmethoden:<\/p>\n<ul>\n<li>Kredit-\/Debitkarte (Zahlungsdienstleister: Stripe)<\/li>\n<li>SEPA-\u00dcberweisung per Lastschrift (Zahlungsdienstleister: Stripe)<\/li>\n<li>PayPal<\/li>\n<\/ul>\n<\/div><h2 class=\"bde-heading-13389-126 bde-heading\">\n8. Eigentumsvorbehalt\n<\/h2><div class=\"bde-text-13389-127 bde-text\">\nBis zur vollst\u00e4ndigen Zahlung bleibt die Ware unser Eigentum.\n<\/div><h2 class=\"bde-heading-13389-128 bde-heading\">\n9. Sachm\u00e4ngelgew\u00e4hrleistung\n<\/h2><div class=\"bde-text-13389-129 bde-text\">\nDie Stuttgarter Werkst\u00e4tten der Lebenshilfe GmbH haftet f\u00fcr Sachm\u00e4ngel nach den hierf\u00fcr geltenden gesetzlichen Vorschriften, insbesondere \u00a7\u00a7 434 ff B\u00fcrgerliches Gesetzbuch.\n<\/div><h2 class=\"bde-heading-13389-130 bde-heading\">\n10. Streitbeilegung\n<\/h2><div class=\"bde-text-13389-131 bde-text\">\nWir sind nicht verpflichtet und nicht bereit, an Streitbeilegungsverfahren vor einer Verbraucherschlichtungsstelle teilzunehmen.\n<\/div><\/div>\n<\/section>","protected":false},"excerpt":{"rendered":"<p>Allgemeine Gesch\u00e4ftsbedingungen im Shop der Werkst\u00e4tten der Lebenshilfe Stuttgart<\/p>","protected":false},"author":2,"featured_media":0,"parent":0,"menu_order":0,"comment_status":"closed","ping_status":"closed","template":"","meta":{"_acf_changed":false,"_breakdance_hide_in_design_set":false,"_breakdance_tags":"","footnotes":""},"folder":[],"class_list":["post-13389","page","type-page","status-publish","hentry"],"acf":[],"_links":{"self":[{"href":"https:\/\/www.lebenshilfe-stuttgart.de\/de_leicht\/wp-json\/wp\/v2\/pages\/13389","targetHints":{"allow":["GET"]}}],"collection":[{"href":"https:\/\/www.lebenshilfe-stuttgart.de\/de_leicht\/wp-json\/wp\/v2\/pages"}],"about":[{"href":"https:\/\/www.lebenshilfe-stuttgart.de\/de_leicht\/wp-json\/wp\/v2\/types\/page"}],"author":[{"embeddable":true,"href":"https:\/\/www.lebenshilfe-stuttgart.de\/de_leicht\/wp-json\/wp\/v2\/users\/2"}],"replies":[{"embeddable":true,"href":"https:\/\/www.lebenshilfe-stuttgart.de\/de_leicht\/wp-json\/wp\/v2\/comments?post=13389"}],"version-history":[{"count":36,"href":"https:\/\/www.lebenshilfe-stuttgart.de\/de_leicht\/wp-json\/wp\/v2\/pages\/13389\/revisions"}],"predecessor-version":[{"id":19593,"href":"https:\/\/www.lebenshilfe-stuttgart.de\/de_leicht\/wp-json\/wp\/v2\/pages\/13389\/revisions\/19593"}],"wp:attachment":[{"href":"https:\/\/www.lebenshilfe-stuttgart.de\/de_leicht\/wp-json\/wp\/v2\/media?parent=13389"}],"wp:term":[{"taxonomy":"folder","embeddable":true,"href":"https:\/\/www.lebenshilfe-stuttgart.de\/de_leicht\/wp-json\/wp\/v2\/folder?post=13389"}],"curies":[{"name":"wp","href":"https:\/\/api.w.org\/{rel}","templated":true}]}}