{"id":14236,"date":"2024-04-11T13:24:23","date_gmt":"2024-04-11T11:24:23","guid":{"rendered":"http:\/\/breakdance.lebenshilfe-stuttgart.de\/beschwerde\/"},"modified":"2025-05-26T12:35:21","modified_gmt":"2025-05-26T10:35:21","slug":"beschwerde","status":"publish","type":"page","link":"https:\/\/www.lebenshilfe-stuttgart.de\/de_leicht\/beschwerde\/","title":{"rendered":"Beschwerde"},"content":{"rendered":"<section class=\"bde-section-14236-100 bde-section\">\n  \n  \n\t\n\n\n\n<div class=\"section-container\"><div class=\"bde-columns-14236-101 bde-columns\"><div class=\"bde-column-14236-102 bde-column\">\n  \n  \n\t\n\n\n\n<div class=\"bde-image-14236-103 bde-image\">\n<figure class=\"breakdance-image breakdance-image--15988\">\n\t<div class=\"breakdance-image-container\">\n\t\t<div class=\"breakdance-image-clip\"><img loading=\"lazy\" decoding=\"async\" class=\"breakdance-image-object\" src=\"https:\/\/www.lebenshilfe-stuttgart.de\/wp-content\/uploads\/2024\/11\/Beschwerde_1050.jpg\" width=\"1050\" height=\"700\" srcset=\"https:\/\/www.lebenshilfe-stuttgart.de\/wp-content\/uploads\/2024\/11\/Beschwerde_1050.jpg 1050w, https:\/\/www.lebenshilfe-stuttgart.de\/wp-content\/uploads\/2024\/11\/Beschwerde_1050-300x200.jpg 300w, https:\/\/www.lebenshilfe-stuttgart.de\/wp-content\/uploads\/2024\/11\/Beschwerde_1050-1024x683.jpg 1024w, https:\/\/www.lebenshilfe-stuttgart.de\/wp-content\/uploads\/2024\/11\/Beschwerde_1050-768x512.jpg 768w, https:\/\/www.lebenshilfe-stuttgart.de\/wp-content\/uploads\/2024\/11\/Beschwerde_1050-600x400.jpg 600w\" sizes=\"auto, (max-width: 1050px) 100vw, 1050px\" alt=\"Ein Mensch schaut bei der Arbeit auf seine Armbanduhr\"><\/div>\n\t<\/div><\/figure>\n\n<\/div>\n<\/div><div class=\"bde-column-14236-104 bde-column\">\n  \n  \n\t\n\n\n\n<h1 class=\"bde-heading-14236-106 bde-heading\">\nBeschwerde\n<\/h1><div class=\"bde-rich-text-14236-112 bde-rich-text breakdance-rich-text-styles\">\n<p>Wir m\u00f6chten gute Arbeit leisten doch das klappt leider nicht immer.<br \/>Wenn Sie sich beschweren m\u00f6chten haben Sie hier die M\u00f6glichkeit.<br \/>Wir bearbeiten Ihre Beschwerde z\u00fcgig und antworten Ihnen.<br \/>Versprochen!<\/p><p>Telefon: 0711 32 097-125<br \/>E-Mail:\u00a0<a title=\"Beschwerde E-Mail\" href=\"mailto:beschwerde@lebenshilfe-stuttgart.de\">beschwerde@lebenshilfe-stuttgart.de<\/a><\/p><p>Sie k\u00f6nnen auch unser Beschwerdeformular verwenden<\/p>\n<\/div>\n<\/div><\/div><\/div>\n<\/section><section class=\"bde-section-14236-121 bde-section\">\n  \n  \n\t\n\n\n\n<div class=\"section-container\"><div class=\"bde-div-14236-128 bde-div\">\n  \n  \n\t\n\n\n\n<div class=\"bde-form-builder-14236-122 bde-form-builder\">\n\n<form id=\"beschwerdeformular122\" class=\"breakdance-form breakdance-form--vertical\" data-options=\"{&quot;slug&quot;:&quot;custom&quot;,&quot;name&quot;:&quot;Beschwerdeformular&quot;,&quot;ajaxUrl&quot;:&quot;https:\\\/\\\/www.lebenshilfe-stuttgart.de\\\/wp-admin\\\/admin-ajax.php&quot;,&quot;clearOnSuccess&quot;:true,&quot;hideOnSuccess&quot;:true,&quot;successMessage&quot;:&quot;Wir haben Ihre Beschwerde erhalten. Wir nehmen Ihre Beschwerde ernst und besprechen diese schnellstm\\u00f6glich intern. Anschlie\\u00dfend antworten wir Ihnen. Sie bekommen zus\\u00e4tzlich eine Best\\u00e4tigung Ihrer Beschwerde per E-Mail.&quot;,&quot;errorMessage&quot;:&quot;Leider gab es einen Fehler. Ihre Beschwerde konnte nicht abgeschickt werden.&quot;,&quot;redirect&quot;:false,&quot;redirectUrl&quot;:&quot;&quot;,&quot;customJavaScript&quot;:&quot;&quot;,&quot;recaptcha&quot;:{&quot;key&quot;:&quot;&quot;,&quot;enabled&quot;:false},&quot;honeypot_enabled&quot;:false,&quot;popupsOnSuccess&quot;:[],&quot;popupsOnError&quot;:[]}\" data-steps=\"0\" >\n  \n  \n  \n<div class=\"breakdance-form-field breakdance-form-field--text\" >\n    \n    \n            <label class=\"breakdance-form-field__label\" for=\"vorname\">\n            Vorname<span class=\"breakdance-form-field__required\">*<\/span>\n        <\/label>\n    \n    <input\n    class=\"breakdance-form-field__input\"\n    id=\"vorname\"\n    aria-describedby=\"vorname\"\n    type=\"text\"\n    name=\"fields[vorname]\"\n    placeholder=\"\"\n    value=\"\"\n                \n        \n        \n    required\n    \n    \n    \n    \n    \n>\n\n\n    \n    \n<\/div>\n\n\n<div class=\"breakdance-form-field breakdance-form-field--text\" >\n    \n    \n            <label class=\"breakdance-form-field__label\" for=\"nachname\">\n             Nachname<span class=\"breakdance-form-field__required\">*<\/span>\n        <\/label>\n    \n    <input\n    class=\"breakdance-form-field__input\"\n    id=\"nachname\"\n    aria-describedby=\"nachname\"\n    type=\"text\"\n    name=\"fields[nachname]\"\n    placeholder=\"\"\n    value=\"\"\n                \n        \n        \n    required\n    \n    \n    \n    \n    \n>\n\n\n    \n    \n<\/div>\n\n\n<div class=\"breakdance-form-field breakdance-form-field--email\" >\n    \n    \n            <label class=\"breakdance-form-field__label\" for=\"email\">\n            E-Mail<span class=\"breakdance-form-field__required\">*<\/span>\n        <\/label>\n    \n    <input\n    class=\"breakdance-form-field__input\"\n    id=\"email\"\n    aria-describedby=\"email\"\n    type=\"email\"\n    name=\"fields[email]\"\n    placeholder=\"\"\n    value=\"\"\n                \n        \n        \n    required\n    \n    \n    \n    \n    \n>\n\n\n    \n    \n<\/div>\n\n\n<div class=\"breakdance-form-field breakdance-form-field--tel\" >\n    \n    \n            <label class=\"breakdance-form-field__label\" for=\"Telefon\">\n            Telefon\n        <\/label>\n    \n    <input\n    class=\"breakdance-form-field__input\"\n    id=\"Telefon\"\n    aria-describedby=\"Telefon\"\n    type=\"tel\"\n    name=\"fields[Telefon]\"\n    placeholder=\"\"\n    value=\"\"\n                \n        \n        \n    \n    \n    \n    \n    \n    \n>\n\n\n    \n    \n<\/div>\n\n\n<div class=\"breakdance-form-field breakdance-form-field--select\" >\n    \n    \n            <label class=\"breakdance-form-field__label\" for=\"Beziehung\">\n            In welcher Beziehung stehen Sie zur Lebenshilfe Stuttgart?<span class=\"breakdance-form-field__required\">*<\/span>\n        <\/label>\n    \n    <select\n    class=\"breakdance-form-field__input\"\n    id=\"Beziehung\"\n    name=\"fields[Beziehung]\"\n    required\n    \n        \n    \n    >\n      <option value=\"\">Auswahl...<\/option>\n          <option value=\"Angeh\u00f6rige oder Angeh\u00f6riger\" >Angeh\u00f6rige oder Angeh\u00f6riger<\/option>\n        <option value=\"Gesetzliche Betreuungsperson o.\u00e4.\" >Gesetzliche Betreuungsperson o.\u00e4.<\/option>\n        <option value=\"Mitarbeiterin oder Mitarbeiter\" >Mitarbeiterin oder Mitarbeiter<\/option>\n        <option value=\"Wohnkundin oder Wohnkunde\" >Wohnkundin oder Wohnkunde<\/option>\n        <option value=\"Ich leite die Beschwerde einer anderen Person weiter\" >Ich leite die Beschwerde einer anderen Person weiter<\/option>\n        <option value=\"Kundin oder Kunde\" >Kundin oder Kunde<\/option>\n        <option value=\"Auf mich trifft keine Option zu\" >Auf mich trifft keine Option zu<\/option>\n  <\/select>\n\n\n    \n    \n<\/div>\n\n\n<div class=\"breakdance-form-field breakdance-form-field--select\" >\n    \n    \n            <label class=\"breakdance-form-field__label\" for=\"Einrichtung\">\n            Welche Einrichtung der Lebenshilfe Stuttgart betrifft Ihre Beschwerde?<span class=\"breakdance-form-field__required\">*<\/span>\n        <\/label>\n    \n    <select\n    class=\"breakdance-form-field__input\"\n    id=\"Einrichtung\"\n    name=\"fields[Einrichtung]\"\n    required\n    \n        \n    \n    >\n      <option value=\"\">Auswahl...<\/option>\n          <option value=\"Verein Lebenshilfe Stuttgart e.V.\" >Verein Lebenshilfe Stuttgart e.V.<\/option>\n        <option value=\"Werkst\u00e4tten allgemein\" >Werkst\u00e4tten allgemein<\/option>\n        <option value=\"Werkst\u00e4tten in Stuttgart-Vaihingen\" >Werkst\u00e4tten in Stuttgart-Vaihingen<\/option>\n        <option value=\"Werkst\u00e4tten am Stuttgarter L\u00f6wentor\" >Werkst\u00e4tten am Stuttgarter L\u00f6wentor<\/option>\n        <option value=\"Wohnst\u00e4tten allgemein\" >Wohnst\u00e4tten allgemein<\/option>\n        <option value=\"Wohngemeinschaft in Zuffenhausen\" >Wohngemeinschaft in Zuffenhausen<\/option>\n        <option value=\"Wohngemeinschaften am Probstsee in Stuttgart-M\u00f6hringen\" >Wohngemeinschaften am Probstsee in Stuttgart-M\u00f6hringen<\/option>\n        <option value=\"Wohngemeinschaften im Eugen-Fitz-Haus in Stuttgart-Weilimdorf\" >Wohngemeinschaften im Eugen-Fitz-Haus in Stuttgart-Weilimdorf<\/option>\n        <option value=\"Wohngemeinschaften in der Brennerstra\u00dfe in Stuttgart-Mitte\" >Wohngemeinschaften in der Brennerstra\u00dfe in Stuttgart-Mitte<\/option>\n        <option value=\"Wohngemeinschaften im Irene-Farenholtz-Haus in Stuttgart-Sonnenberg\" >Wohngemeinschaften im Irene-Farenholtz-Haus in Stuttgart-Sonnenberg<\/option>\n        <option value=\"Pflegedienst Lehi-mobil\" >Pflegedienst Lehi-mobil<\/option>\n        <option value=\"Kindertagest\u00e4tte \u201eAm Wallgraben\u201c\" >Kindertagest\u00e4tte \u201eAm Wallgraben\u201c<\/option>\n        <option value=\"Sonstige Einrichtung\" >Sonstige Einrichtung<\/option>\n        <option value=\"Unbekannt\" >Unbekannt<\/option>\n  <\/select>\n\n\n    \n    \n<\/div>\n\n\n<div class=\"breakdance-form-field breakdance-form-field--textarea\" >\n    \n    \n            <label class=\"breakdance-form-field__label\" for=\"was ist geschehen\">\n            Was ist wann geschehen? Wor\u00fcber m\u00f6chten Sie sich beschweren?<span class=\"breakdance-form-field__required\">*<\/span>\n        <\/label>\n    \n    <textarea\n    class=\"breakdance-form-field__input\"\n    id=\"was ist geschehen\"\n    aria-describedby=\"was ist geschehen\"\n    type=\"textarea\"\n    name=\"fields[was ist geschehen]\"\n        rows=\"2\"\n        placeholder=\"\"\n    required\n    \n    \n    >\n<\/textarea>\n\n\n    \n    \n<\/div>\n\n\n<div class=\"breakdance-form-field breakdance-form-field--textarea\" >\n    \n    \n            <label class=\"breakdance-form-field__label\" for=\"Anregung\">\n            Haben Sie eine Anregung oder einen konkreten Verbesserungsvorschlag?<span class=\"breakdance-form-field__required\">*<\/span>\n        <\/label>\n    \n    <textarea\n    class=\"breakdance-form-field__input\"\n    id=\"Anregung\"\n    aria-describedby=\"Anregung\"\n    type=\"textarea\"\n    name=\"fields[Anregung]\"\n        rows=\"2\"\n        placeholder=\"\"\n    required\n    \n    \n    >\n<\/textarea>\n\n\n    \n    \n<\/div>\n\n\n<div class=\"breakdance-form-field breakdance-form-field--radio breakdance-form-field__hide-label\" >\n    \n    \n    \n      <fieldset role=\"radiogroup\"\n          aria-label=\"Datenschutz\"\n      >\n          <legend class=\"breakdance-form-field__label\">Datenschutz<span class=\"breakdance-form-field__required\">*<\/span><\/legend>\n                <div class=\"breakdance-form-radio\">\n            <input\n                type=\"radio\"\n                name=\"fields[Datenschutz]\"\n                value=\"Ich bin damit einverstanden, dass die Lebenshilfe Stuttgart meine eingereichten Informationen speichert und \u00fcbermittelt, um auf meine Beschwerde reagieren zu k\u00f6nnen. Hier finden Sie unsere &lt;a href=&quot;\/datenschutz-beschwerde&quot;&gt;Datenschutzhinweise&lt;\/a&gt; zur Beschwerde.\"\n                id=\"Datenschutz-1\"\n                required\n                \n                \n                            >\n            <label class=\"breakdance-form-radio__text\" for=\"Datenschutz-1\">Ich bin damit einverstanden, dass die Lebenshilfe Stuttgart meine eingereichten Informationen speichert und \u00fcbermittelt, um auf meine Beschwerde reagieren zu k\u00f6nnen. Hier finden Sie unsere <a href=\"\/datenschutz-beschwerde\">Datenschutzhinweise<\/a> zur Beschwerde.<\/label>\n        <\/div>\n      <\/fieldset>\n\n\n    \n    \n<\/div>\n\n\n<div class=\"breakdance-form-field breakdance-form-field--hidden\" >\n    \n    \n    \n    <input\n    id=\"br-verein\"\n    type=\"hidden\"\n    name=\"fields[br-verein]\"\n    value=\"BetriebsratVerein@lebenshilfe-stuttgart.de\"\n    \n                data-conditional-field-id=\"Einrichtung\"\n            data-conditional-value=\"Verein Lebenshilfe Stuttgart e.V.\"\n        data-conditional-operand=\"equals\"\n\n    >\n\n\n    \n    \n<\/div>\n\n\n<div class=\"breakdance-form-field breakdance-form-field--hidden\" >\n    \n    \n    \n    <input\n    id=\"br-verein\"\n    type=\"hidden\"\n    name=\"fields[br-verein]\"\n    value=\"BetriebsratVerein@lebenshilfe-stuttgart.de\"\n    \n                data-conditional-field-id=\"Einrichtung\"\n            data-conditional-value=\"Kindertagest\u00e4tte \u201eAm Wallgraben\u201c\"\n        data-conditional-operand=\"equals\"\n\n    >\n\n\n    \n    \n<\/div>\n\n\n<div class=\"breakdance-form-field breakdance-form-field--hidden\" >\n    \n    \n    \n    <input\n    id=\"br-werkstatt\"\n    type=\"hidden\"\n    name=\"fields[br-werkstatt]\"\n    value=\"Betriebsrat@lebenshilfe-stuttgart.de\"\n    \n                data-conditional-field-id=\"Einrichtung\"\n            data-conditional-value=\"Werkst\u00e4tten allgemein\"\n        data-conditional-operand=\"equals\"\n\n    >\n\n\n    \n    \n<\/div>\n\n\n<div class=\"breakdance-form-field breakdance-form-field--hidden\" >\n    \n    \n    \n    <input\n    id=\"br-werkstatt\"\n    type=\"hidden\"\n    name=\"fields[br-werkstatt]\"\n    value=\"Betriebsrat@lebenshilfe-stuttgart.de\"\n    \n                data-conditional-field-id=\"Einrichtung\"\n            data-conditional-value=\"Werkst\u00e4tten in Stuttgart-Vaihingen\"\n        data-conditional-operand=\"equals\"\n\n    >\n\n\n    \n    \n<\/div>\n\n\n<div class=\"breakdance-form-field breakdance-form-field--hidden\" >\n    \n    \n    \n    <input\n    id=\"br-wohnstaetten\"\n    type=\"hidden\"\n    name=\"fields[br-wohnstaetten]\"\n    value=\"Betriebsrat_Wohnstaetten@lebenshilfe-stuttgart.de\"\n    \n                data-conditional-field-id=\"Einrichtung\"\n            data-conditional-value=\"Wohnst\u00e4tten allgemein\"\n        data-conditional-operand=\"equals\"\n\n    >\n\n\n    \n    \n<\/div>\n\n\n<div class=\"breakdance-form-field breakdance-form-field--hidden\" >\n    \n    \n    \n    <input\n    id=\"br-wohnstaetten\"\n    type=\"hidden\"\n    name=\"fields[br-wohnstaetten]\"\n    value=\"Betriebsrat_Wohnstaetten@lebenshilfe-stuttgart.de\"\n    \n                data-conditional-field-id=\"Einrichtung\"\n            data-conditional-value=\"Wohngemeinschaft in Zuffenhausen\"\n        data-conditional-operand=\"equals\"\n\n    >\n\n\n    \n    \n<\/div>\n\n\n<div class=\"breakdance-form-field breakdance-form-field--hidden\" >\n    \n    \n    \n    <input\n    id=\"br-wohnstaetten\"\n    type=\"hidden\"\n    name=\"fields[br-wohnstaetten]\"\n    value=\"Betriebsrat_Wohnstaetten@lebenshilfe-stuttgart.de\"\n    \n                data-conditional-field-id=\"Einrichtung\"\n            data-conditional-value=\"Wohngemeinschaften am Probstsee in Stuttgart-M\u00f6hringen\"\n        data-conditional-operand=\"equals\"\n\n    >\n\n\n    \n    \n<\/div>\n\n\n<div class=\"breakdance-form-field breakdance-form-field--hidden\" >\n    \n    \n    \n    <input\n    id=\"br-wohnstaetten\"\n    type=\"hidden\"\n    name=\"fields[br-wohnstaetten]\"\n    value=\"Betriebsrat_Wohnstaetten@lebenshilfe-stuttgart.de\"\n    \n                data-conditional-field-id=\"Einrichtung\"\n            data-conditional-value=\"Wohngemeinschaften im Eugen-Fitz-Haus in Stuttgart-Weilimdorf\"\n        data-conditional-operand=\"equals\"\n\n    >\n\n\n    \n    \n<\/div>\n\n\n<div class=\"breakdance-form-field breakdance-form-field--hidden\" >\n    \n    \n    \n    <input\n    id=\"br-wohnstaetten\"\n    type=\"hidden\"\n    name=\"fields[br-wohnstaetten]\"\n    value=\"Betriebsrat_Wohnstaetten@lebenshilfe-stuttgart.de\"\n    \n                data-conditional-field-id=\"Einrichtung\"\n            data-conditional-value=\"Wohngemeinschaften in der Brennerstra\u00dfe in Stuttgart-Mitte\"\n        data-conditional-operand=\"equals\"\n\n    >\n\n\n    \n    \n<\/div>\n\n\n<div class=\"breakdance-form-field breakdance-form-field--hidden\" >\n    \n    \n    \n    <input\n    id=\"br-wohnstaetten\"\n    type=\"hidden\"\n    name=\"fields[br-wohnstaetten]\"\n    value=\"Betriebsrat_Wohnstaetten@lebenshilfe-stuttgart.de\"\n    \n                data-conditional-field-id=\"Einrichtung\"\n            data-conditional-value=\"Wohngemeinschaften im Irene-Farenholtz-Haus in Stuttgart-Sonnenberg\"\n        data-conditional-operand=\"equals\"\n\n    >\n\n\n    \n    \n<\/div><div class=\"breakdance-form-field breakdance-form-footer\">    \n    \n    \n    \n    \n            \n            <button type=\"submit\" class=\"button-atom button-atom--primary breakdance-form-button breakdance-form-button__submit\"  >\n    \n        <span class=\"button-atom__text\">Beschwerde abschicken<\/span>\n\n        \n        \n            <\/button>\n    \n    <input type=\"hidden\" name=\"form_id\" value=\"122\">\n    <input type=\"hidden\" name=\"post_id\" value=\"14236\">\n<\/div>\n\n  \n<\/form>\n\n\n<\/div>\n<\/div><\/div>\n<\/section><section class=\"bde-section-14236-123 bde-section\">\n  \n  \n\t\n\n\n\n<div class=\"section-container\"><div class=\"bde-columns-14236-124 bde-columns\"><div class=\"bde-column-14236-125 bde-column\">\n  \n  \n\t\n\n\n\n<h3 class=\"bde-heading-14236-126 bde-heading\">\nKontakt\n<\/h3><div class=\"bde-rich-text-14236-127 bde-rich-text breakdance-rich-text-styles\">\n<p>Lebenshilfe Stuttgart e.V.<br \/>Gesch\u00e4ftsstelle<\/p><p>Ernsthaldenstra\u00dfe 39<br \/>70565 Stuttgart<\/p><p>Telefon: 0711 31 097-125<br \/>E-Mail:\u00a0<a title=\"Verein E-Mail\" href=\"mailto:%20verein@lebenshilfe-stuttgart.de\">verein@lebenshilfe-stuttgart.de<\/a><\/p>\n<\/div>\n<\/div><\/div><\/div>\n<\/section>","protected":false},"excerpt":{"rendered":"<p>Beschwerde Wir m\u00f6chten gute Arbeit leisten doch das klappt leider nicht immer.Wenn Sie sich beschweren m\u00f6chten haben Sie hier die M\u00f6glichkeit.Wir bearbeiten Ihre Beschwerde z\u00fcgig und antworten Ihnen.Versprochen!Telefon: 0711 32 097-125E-Mail:\u00a0beschwerde@lebenshilfe-stuttgart.deSie k\u00f6nnen auch unser Beschwerdeformular verwenden Vorname* Nachname* E-Mail* Telefon In welcher Beziehung stehen Sie zur Lebenshilfe Stuttgart?* Auswahl&#8230; Angeh\u00f6rige oder Angeh\u00f6riger Gesetzliche Betreuungsperson o.\u00e4. [&hellip;]<\/p>\n","protected":false},"author":2,"featured_media":0,"parent":0,"menu_order":0,"comment_status":"closed","ping_status":"closed","template":"","meta":{"_acf_changed":false,"_breakdance_hide_in_design_set":false,"_breakdance_tags":"","footnotes":""},"folder":[],"class_list":["post-14236","page","type-page","status-publish","hentry"],"acf":[],"_links":{"self":[{"href":"https:\/\/www.lebenshilfe-stuttgart.de\/de_leicht\/wp-json\/wp\/v2\/pages\/14236","targetHints":{"allow":["GET"]}}],"collection":[{"href":"https:\/\/www.lebenshilfe-stuttgart.de\/de_leicht\/wp-json\/wp\/v2\/pages"}],"about":[{"href":"https:\/\/www.lebenshilfe-stuttgart.de\/de_leicht\/wp-json\/wp\/v2\/types\/page"}],"author":[{"embeddable":true,"href":"https:\/\/www.lebenshilfe-stuttgart.de\/de_leicht\/wp-json\/wp\/v2\/users\/2"}],"replies":[{"embeddable":true,"href":"https:\/\/www.lebenshilfe-stuttgart.de\/de_leicht\/wp-json\/wp\/v2\/comments?post=14236"}],"version-history":[{"count":40,"href":"https:\/\/www.lebenshilfe-stuttgart.de\/de_leicht\/wp-json\/wp\/v2\/pages\/14236\/revisions"}],"predecessor-version":[{"id":19089,"href":"https:\/\/www.lebenshilfe-stuttgart.de\/de_leicht\/wp-json\/wp\/v2\/pages\/14236\/revisions\/19089"}],"wp:attachment":[{"href":"https:\/\/www.lebenshilfe-stuttgart.de\/de_leicht\/wp-json\/wp\/v2\/media?parent=14236"}],"wp:term":[{"taxonomy":"folder","embeddable":true,"href":"https:\/\/www.lebenshilfe-stuttgart.de\/de_leicht\/wp-json\/wp\/v2\/folder?post=14236"}],"curies":[{"name":"wp","href":"https:\/\/api.w.org\/{rel}","templated":true}]}}