{"id":15248,"date":"2024-06-20T11:41:19","date_gmt":"2024-06-20T09:41:19","guid":{"rendered":"http:\/\/breakdance.lebenshilfe-stuttgart.de\/?page_id=15248"},"modified":"2025-10-02T10:37:11","modified_gmt":"2025-10-02T08:37:11","slug":"impressum-shop","status":"publish","type":"page","link":"https:\/\/www.lebenshilfe-stuttgart.de\/de_leicht\/impressum-shop\/","title":{"rendered":"Impressum Shop"},"content":{"rendered":"<section class=\"bde-section-15248-100 bde-section\">\n  \n  \n\t\n\n\n\n<div class=\"section-container\"><h1 class=\"bde-heading-15248-101 bde-heading\">\nImpressum Online-Shop\n<\/h1><\/div>\n<\/section><section class=\"bde-section-15248-102 bde-section\">\n  \n  \n\t\n\n\n\n<div class=\"section-container\"><h2 class=\"bde-heading-15248-103 bde-heading\">\nAngaben gem\u00e4\u00df \u00a7 5 TMG\n<\/h2><div class=\"bde-text-15248-104 bde-text\">\nStuttgarter Werkst\u00e4tten der Lebenshilfe GmbH<br>Online-Shop<br>Ernsthaldenstra\u00dfe 39<br>70565 Stuttgart<br><br>Vertreten durch Markus Schropp\n<\/div><h3 class=\"bde-heading-15248-105 bde-heading\">\nKontakt\n<\/h3><div class=\"bde-rich-text-15248-106 bde-rich-text breakdance-rich-text-styles\">\nTelefon: 0711 32 097 \u2013 125<br>\nTelefax: 0711 32 097 \u2013 140<br>\nE-Mail:\u00a0<a title=\"Werkst\u00e4tten E-Mail\" href=\"mailto:werkstaetten@lebenshilfe-stuttgart.de\">werkstaetten@lebenshilfe-stuttgart.de<\/a>\n<\/div><h3 class=\"bde-heading-15248-107 bde-heading\">\nRegistereintrag\n<\/h3><div class=\"bde-text-15248-108 bde-text\">\nRegistergericht: Amtsgericht Stuttgart<br>HRB 18200\n<\/div><h3 class=\"bde-heading-15248-109 bde-heading\">\nUmsatzsteuer-ID\n<\/h3><div class=\"bde-text-15248-110 bde-text\">\nUmsatzsteuer-Identifikationsnummer gem\u00e4\u00df \u00a727 a Umsatzsteuergesetz: DE 183 277 143\n<\/div><h2 class=\"bde-heading-15248-119 bde-heading\">\nBilder\n<\/h2><div class=\"bde-text-15248-120 bde-text\">\nBernd Eidenm\u00fcller, Stuttgart<br>Lebenshilfe Stuttgart e.V.<br>Bundesvereinigung Lebenshilfe e.V.\/David Maurer\n<\/div><h2 class=\"bde-heading-15248-121 bde-heading\">\nTexte\n<\/h2><div class=\"bde-text-15248-122 bde-text\">\nEduard Kasdorf\n<\/div><h2 class=\"bde-heading-15248-123 bde-heading\">\nGestaltung und Programmierung\n<\/h2><div class=\"bde-text-15248-124 bde-text\">\nLebenshilfe Stuttgart<br>B\u00fcro15\n<\/div><h2 class=\"bde-heading-15248-125 bde-heading\">\nStreitschlichtung\n<\/h2><div class=\"bde-rich-text-15248-126 bde-rich-text breakdance-rich-text-styles\">\n<p>Die Europ\u00e4ische Kommission stellt eine Plattform zur Online-Streitbeilegung (OS) bereit:\u00a0<a href=\"https:\/\/ec.europa.eu\/consumers\/odr\" target=\"_blank\" rel=\"noopener noreferrer\">https:\/\/ec.europa.eu\/consumers\/odr<\/a>.<br \/>Unsere E-Mail-Adresse finden Sie oben im Impressum.<\/p><p>Wir sind nicht bereit oder verpflichtet, an Streitbeilegungsverfahren vor einer Verbraucherschlichtungsstelle teilzunehmen.<\/p>\n<\/div><h2 class=\"bde-heading-15248-127 bde-heading\">\nHaftung f\u00fcr Inhalte\n<\/h2><div class=\"bde-text-15248-128 bde-text\">\nAls Diensteanbieter sind wir f\u00fcr eigene Inhalte auf diesen Seiten nach den allgemeinen Gesetzen verantwortlich. Wir sind als Diensteanbieter jedoch nicht verpflichtet, \u00fcbermittelte oder gespeicherte fremde Informationen zu \u00fcberwachen oder nach Umst\u00e4nden zu forschen, die auf eine rechtswidrige T\u00e4tigkeit hinweisen.<br><br>Verpflichtungen zur Entfernung oder Sperrung der Nutzung von Informationen nach den allgemeinen Gesetzen bleiben hiervon unber\u00fchrt. Eine diesbez\u00fcgliche Haftung ist jedoch erst ab dem Zeitpunkt der Kenntnis einer konkreten Rechtsverletzung m\u00f6glich. Bei Bekanntwerden von entsprechenden Rechtsverletzungen werden wir diese Inhalte umgehend entfernen.\n<\/div><h2 class=\"bde-heading-15248-129 bde-heading\">\nHaftung f\u00fcr Links\n<\/h2><div class=\"bde-text-15248-130 bde-text\">\nUnser Angebot enth\u00e4lt Links zu externen Websites Dritter, auf deren Inhalte wir keinen Einfluss haben. Deshalb k\u00f6nnen wir f\u00fcr diese fremden Inhalte auch keine Gew\u00e4hr \u00fcbernehmen. F\u00fcr die Inhalte der verlinkten Seiten ist stets der jeweilige Anbieter oder Betreiber der Seiten verantwortlich. Die verlinkten Seiten wurden zum Zeitpunkt der Verlinkung auf m\u00f6gliche Rechtsverst\u00f6\u00dfe \u00fcberpr\u00fcft. Rechtswidrige Inhalte waren zum Zeitpunkt der Verlinkung nicht erkennbar.<br><br>Eine permanente inhaltliche Kontrolle der verlinkten Seiten ist jedoch ohne konkrete Anhaltspunkte einer Rechtsverletzung nicht zumutbar. Bei Bekanntwerden von Rechtsverletzungen werden wir derartige Links umgehend entfernen.\n<\/div><h2 class=\"bde-heading-15248-131 bde-heading\">\nUrheberrecht\n<\/h2><div class=\"bde-text-15248-132 bde-text\">\nDie durch die Seitenbetreiber erstellten Inhalte und Werke auf diesen Seiten unterliegen dem deutschen Urheberrecht. Die Vervielf\u00e4ltigung, Bearbeitung, Verbreitung und jede Art der Verwertung au\u00dferhalb der Grenzen des Urheberrechtes bed\u00fcrfen der schriftlichen Zustimmung des jeweiligen Autors bzw. Erstellers. Downloads und Kopien dieser Seite sind nur f\u00fcr den privaten, nicht kommerziellen Gebrauch gestattet.<br><br>Soweit die Inhalte auf dieser Seite nicht vom Betreiber erstellt wurden, werden die Urheberrechte Dritter beachtet. Insbesondere werden Inhalte Dritter als solche gekennzeichnet. Sollten Sie trotzdem auf eine Urheberrechtsverletzung aufmerksam werden, bitten wir um einen entsprechenden Hinweis. Bei Bekanntwerden von Rechtsverletzungen werden wir derartige Inhalte umgehend entfernen.\n<\/div><\/div>\n<\/section><section class=\"bde-section-15248-133 bde-section\">\n  \n  \n\t\n\n\n\n<div class=\"section-container\"><div class=\"bde-columns-15248-134 bde-columns\"><div class=\"bde-column-15248-135 bde-column\">\n  \n  \n\t\n\n\n\n<h3 class=\"bde-heading-15248-136 bde-heading\">\nKontakt\n<\/h3><div class=\"bde-rich-text-15248-137 bde-rich-text breakdance-rich-text-styles\">\n<p>Lebenshilfe Stuttgart e.V.<br \/>Ernsthaldenstra\u00dfe 39<br \/>70565 Stuttgart<\/p><p>Telefon: 0711 31 097-125<br \/>E-Mail:\u00a0<a title=\"Verein E-Mail\" href=\"mailto:%20verein@lebenshilfe-stuttgart.de\">verein@lebenshilfe-stuttgart.de<\/a><\/p>\n<\/div>\n<\/div><\/div><\/div>\n<\/section>","protected":false},"excerpt":{"rendered":"<p>Impressum der Webseite der Lebenshilfe Stuttgart www.lebenshilfe-stuttgart.de<\/p>","protected":false},"author":2,"featured_media":0,"parent":0,"menu_order":0,"comment_status":"closed","ping_status":"closed","template":"","meta":{"_acf_changed":false,"_breakdance_hide_in_design_set":false,"_breakdance_tags":"","footnotes":""},"folder":[],"class_list":["post-15248","page","type-page","status-publish","hentry"],"acf":[],"_links":{"self":[{"href":"https:\/\/www.lebenshilfe-stuttgart.de\/de_leicht\/wp-json\/wp\/v2\/pages\/15248","targetHints":{"allow":["GET"]}}],"collection":[{"href":"https:\/\/www.lebenshilfe-stuttgart.de\/de_leicht\/wp-json\/wp\/v2\/pages"}],"about":[{"href":"https:\/\/www.lebenshilfe-stuttgart.de\/de_leicht\/wp-json\/wp\/v2\/types\/page"}],"author":[{"embeddable":true,"href":"https:\/\/www.lebenshilfe-stuttgart.de\/de_leicht\/wp-json\/wp\/v2\/users\/2"}],"replies":[{"embeddable":true,"href":"https:\/\/www.lebenshilfe-stuttgart.de\/de_leicht\/wp-json\/wp\/v2\/comments?post=15248"}],"version-history":[{"count":12,"href":"https:\/\/www.lebenshilfe-stuttgart.de\/de_leicht\/wp-json\/wp\/v2\/pages\/15248\/revisions"}],"predecessor-version":[{"id":19776,"href":"https:\/\/www.lebenshilfe-stuttgart.de\/de_leicht\/wp-json\/wp\/v2\/pages\/15248\/revisions\/19776"}],"wp:attachment":[{"href":"https:\/\/www.lebenshilfe-stuttgart.de\/de_leicht\/wp-json\/wp\/v2\/media?parent=15248"}],"wp:term":[{"taxonomy":"folder","embeddable":true,"href":"https:\/\/www.lebenshilfe-stuttgart.de\/de_leicht\/wp-json\/wp\/v2\/folder?post=15248"}],"curies":[{"name":"wp","href":"https:\/\/api.w.org\/{rel}","templated":true}]}}