{"id":16725,"date":"2024-12-20T16:35:28","date_gmt":"2024-12-20T15:35:28","guid":{"rendered":"http:\/\/breakdance.lebenshilfe-stuttgart.de\/?page_id=16725"},"modified":"2025-01-20T17:07:58","modified_gmt":"2025-01-20T16:07:58","slug":"lieferung_versand","status":"publish","type":"page","link":"https:\/\/www.lebenshilfe-stuttgart.de\/de_leicht\/lieferung_versand\/","title":{"rendered":"Lieferung und Versand"},"content":{"rendered":"<section class=\"bde-section-16725-100 bde-section\">\n  \n  \n\t\n\n\n\n<div class=\"section-container\"><div class=\"bde-columns-16725-102 bde-columns\"><div class=\"bde-column-16725-103 bde-column\">\n  \n  \n\t\n\n\n\n<div class=\"bde-wp-menu-16725-174 bde-wp-menu\">\n\n\n      \n        \n    <nav class=\"breakdance-menu breakdance-menu--collapse breakdance-menu--vertical\">\n    <button class=\"breakdance-menu-toggle breakdance-menu-toggle--squeeze\" type=\"button\" aria-label=\"Open Menu\" aria-expanded=\"false\" aria-controls=\"menu-174\">\n                  <span class=\"breakdance-menu-toggle-icon\">\n            <span class=\"breakdance-menu-toggle-lines\"><\/span>\n          <\/span>\n            <\/button>\n    \n  <ul class=\"breakdance-menu-list\" id=\"menu-174\">\n              \n  \n    <li id=\"menu-item-16728\" class=\"menu-item menu-item-type-custom menu-item-object-custom menu-item-16728 breakdance-menu-item\"><a href=\"\/de_leicht\/lieferung_versand\/\" class=\"breakdance-menu-link\">Lieferung und Versand<\/a><\/li>\n<li id=\"menu-item-16729\" class=\"menu-item menu-item-type-post_type menu-item-object-page menu-item-16729 breakdance-menu-item\"><a href=\"https:\/\/www.lebenshilfe-stuttgart.de\/de_leicht\/pflegedienst\/\" class=\"breakdance-menu-link\">Pflege\u00b7dienst<\/a><\/li>\n\n  <\/ul>\n  <\/nav>\n\n\n<\/div>\n<\/div><div class=\"bde-column-16725-104 bde-column\">\n  \n  \n\t\n\n\n\n<div class=\"bde-div-16725-143 bde-div\">\n  \n  \n\t\n\n\n\n<h1 class=\"bde-heading-16725-121 bde-heading\">\nLieferung und Versand\n<\/h1><div class=\"bde-text-16725-124 bde-text\">\nWir bearbeiten Ihre Sendung innerhalb von drei Werktagen nach der erfolgreichen Bestellung und \u00fcbergeben sie dann an den Versanddienstleister DHL.<br>F\u00fcr jede Sendung berechnen wir Versand- und Verpackungskosten abh\u00e4ngig vom Gewicht und der Gr\u00f6\u00dfe der Sendung. Die Preise sind dabei folgende:\n<\/div><div class=\"bde-rich-text-16725-154 bde-rich-text breakdance-rich-text-styles\">\n<table width=\"700\"><tbody><tr><th>Gewicht<\/th><th>maximale Gr\u00f6\u00dfe<\/th><th>Versandkosten<\/th><\/tr><tr><td>bis 2 kg<\/td><td>60 x 30 x 15 cm<\/td><td>6,50 \u20ac<\/td><\/tr><tr><td>bis 5 kg<\/td><td>120 x 60 x 60 cm<\/td><td>8,00 \u20ac<\/td><\/tr><tr><td>bis 10 kg<\/td><td>120 x 60 x 60 cm<\/td><td>12,00 \u20ac<\/td><\/tr><tr><td>bis 31,5 kg<\/td><td>120 x 60 x 60 cm<\/td><td>25,50 \u20ac<\/td><\/tr><tr><td>bis 41,5 kg<\/td><td>120 x 60 x 60 cm<\/td><td>37,50 \u20ac<\/td><\/tr><tr><td>bis 62 kg<\/td><td>120 x 60 x 60 cm<\/td><td>50,00 \u20ac<\/td><\/tr><\/tbody><\/table>\n<\/div><div class=\"bde-text-16725-175 bde-text\">\nWenn Sie ausschlie\u00dflich ein Buch bestellen versenden wir Ihre Sendung als Warensendung f\u00fcr 3,00 \u20ac Versand- und Verpackungskosten.\n<\/div>\n<\/div>\n<\/div><\/div><\/div>\n<\/section>","protected":false},"excerpt":{"rendered":"<p>Lieferung und Versand Pflegedienst Lieferung und Versand Wir bearbeiten Ihre Sendung innerhalb von drei Werktagen nach der erfolgreichen Bestellung und \u00fcbergeben sie dann an den Versanddienstleister DHL.F\u00fcr jede Sendung berechnen wir Versand- und Verpackungskosten abh\u00e4ngig vom Gewicht und der Gr\u00f6\u00dfe der Sendung. Die Preise sind dabei folgende: Gewichtmaximale Gr\u00f6\u00dfeVersandkostenbis 2 kg60 x 30 x 15 [&hellip;]<\/p>\n","protected":false},"author":2,"featured_media":0,"parent":0,"menu_order":0,"comment_status":"closed","ping_status":"closed","template":"","meta":{"_acf_changed":false,"_breakdance_hide_in_design_set":false,"_breakdance_tags":"","footnotes":""},"folder":[],"class_list":["post-16725","page","type-page","status-publish","hentry"],"acf":[],"_links":{"self":[{"href":"https:\/\/www.lebenshilfe-stuttgart.de\/de_leicht\/wp-json\/wp\/v2\/pages\/16725","targetHints":{"allow":["GET"]}}],"collection":[{"href":"https:\/\/www.lebenshilfe-stuttgart.de\/de_leicht\/wp-json\/wp\/v2\/pages"}],"about":[{"href":"https:\/\/www.lebenshilfe-stuttgart.de\/de_leicht\/wp-json\/wp\/v2\/types\/page"}],"author":[{"embeddable":true,"href":"https:\/\/www.lebenshilfe-stuttgart.de\/de_leicht\/wp-json\/wp\/v2\/users\/2"}],"replies":[{"embeddable":true,"href":"https:\/\/www.lebenshilfe-stuttgart.de\/de_leicht\/wp-json\/wp\/v2\/comments?post=16725"}],"version-history":[{"count":7,"href":"https:\/\/www.lebenshilfe-stuttgart.de\/de_leicht\/wp-json\/wp\/v2\/pages\/16725\/revisions"}],"predecessor-version":[{"id":17410,"href":"https:\/\/www.lebenshilfe-stuttgart.de\/de_leicht\/wp-json\/wp\/v2\/pages\/16725\/revisions\/17410"}],"wp:attachment":[{"href":"https:\/\/www.lebenshilfe-stuttgart.de\/de_leicht\/wp-json\/wp\/v2\/media?parent=16725"}],"wp:term":[{"taxonomy":"folder","embeddable":true,"href":"https:\/\/www.lebenshilfe-stuttgart.de\/de_leicht\/wp-json\/wp\/v2\/folder?post=16725"}],"curies":[{"name":"wp","href":"https:\/\/api.w.org\/{rel}","templated":true}]}}