{"id":18631,"date":"2025-04-08T13:13:36","date_gmt":"2025-04-08T11:13:36","guid":{"rendered":"https:\/\/www.lebenshilfe-stuttgart.de\/?page_id=18631"},"modified":"2025-05-20T14:51:11","modified_gmt":"2025-05-20T12:51:11","slug":"datenschutz-newsletter","status":"publish","type":"page","link":"https:\/\/www.lebenshilfe-stuttgart.de\/de_leicht\/datenschutz-newsletter\/","title":{"rendered":"Datenschutz Newsletter"},"content":{"rendered":"<section class=\"bde-section-18631-100 bde-section\">\n  \n  \n\t\n\n\n\n<div class=\"section-container\"><div class=\"bde-div-18631-123 bde-div\">\n  \n  \n\t\n\n\n\n<h1 class=\"bde-heading-18631-101 bde-heading\">\nDatenschutzhinweise f\u00fcr den Newsletter der Lebenshilfe Stuttgart\n<\/h1>\n<\/div><\/div>\n<\/section><section class=\"bde-section-18631-102 bde-section\">\n  \n  \n\t\n\n\n\n<div class=\"section-container\"><div class=\"bde-text-18631-103 bde-text\">\nGerne informieren wir Sie hiermit \u00fcber die Verarbeitung Ihrer Daten gem\u00e4\u00df Artikel 13 DSGVO.\n<\/div><h2 class=\"bde-heading-18631-104 bde-heading\">\n1. Allgemeine Hinweise\n<\/h2><div class=\"bde-rich-text-18631-105 bde-rich-text breakdance-rich-text-styles\">\n<p>Verantwortlich f\u00fcr die Datenverarbeitung auf dieser Website ist:<br \/>Lebenshilfe Stuttgart e.V.<br \/>Ernsthaldenstra\u00dfe 39<br \/>70565 Stuttgart<br \/>Telefon: 0711 32 09 71 25<br \/>E-Mail: <a href=\"mailto:verein@lebenshilfe-stuttgart.de\">verein@lebenshilfe-stuttgart.de<\/a><\/p><h3>Datenschutzbeauftrager<\/h3><p>Lebenshilfe Stuttgart e.V.<br \/>Ernsthaldenstra\u00dfe 39<br \/>70565 Stuttgart<br \/>E-Mail: <a href=\"mailto:datenschutz@lebenshilfe-stuttgart.de\">datenschutz@lebenshilfe-stuttgart.de<\/a><\/p><p>Wenden Sie sich bei Fragen zu unserem Datenschutz gerne jederzeit an uns oder unseren Datenschutzbeauftragten.<\/p>\n<\/div><h2 class=\"bde-heading-18631-106 bde-heading\">\n2. Zwecke und Rechtsgrundlage der Datenverarbeitung\n<\/h2><div class=\"bde-text-18631-107 bde-text\">\nWir m\u00f6chten mit dem E-Mail Newsletter allen Menschen die M\u00f6glichkeit geben \u00fcber die Angebote der Lebenshilfe Stuttgart informiert zu werden. Um Sie unserer Empf\u00e4ngerliste f\u00fcr unseren E-Mail Newsletters aufzunehmen, ben\u00f6tigen wir hierf\u00fcr personenbezogene Daten von Ihnen.<br>Grundlage f\u00fcr jede Datenverarbeitung auf dieser Seite ist Artikel 6 Abs. 1 Uabs. 1 lit. a DSGVO (Einwilligung).\n<\/div><h2 class=\"bde-heading-18631-108 bde-heading\">\n3. Datenverarbeitung und Daten\u00fcbermittlung\n<\/h2><div class=\"bde-text-18631-109 bde-text\">\nWenn Sie sich zur f\u00fcr unseren E-Mail Newsletters anmelden,\u00a0werden Ihr Vorname, Ihr Nachname und Ihre E-Mailadresse an das Unternehmen Sendinblue GmbH,\u00a0K\u00f6penicker Stra\u00dfe 126, 10179 Berlin \u00fcbertragen und dort in der Empf\u00e4ngerliste des Newsletters der Lebenshilfe Stuttgart gespeichert. Zugriff auf Ihre Daten haben nur die zust\u00e4ndigen Mitarbeiterinnen und Mitarbeiter bei der Lebenshilfe Stuttgart e.V.\n<\/div><h2 class=\"bde-heading-18631-110 bde-heading\">\n4. Weitergabe Ihrer pers\u00f6nlichen Daten\n<\/h2><div class=\"bde-text-18631-111 bde-text\">\nIhre Daten werden nicht in L\u00e4nder au\u00dferhalb der EU oder an externe Dritte \u00fcbermittelt.\n<\/div><h2 class=\"bde-heading-18631-112 bde-heading\">\n5. Speicherung Ihrer pers\u00f6nlichen Daten\n<\/h2><div class=\"bde-text-18631-113 bde-text\">\nDie von Ihnen im Anmeldeformular eingegebenen Daten werden bei Sendinblue gespeichert, bis Sie sich wieder aus der Empf\u00e4ngerliste unseres Newsletter abmelden. Den Link zur Abmeldung finden Sie in jedem E-Mail Newsletter, den Sie von uns erhalten.\n<\/div><h2 class=\"bde-heading-18631-114 bde-heading\">\n7. Ihre Rechte\n<\/h2><div class=\"bde-rich-text-18631-115 bde-rich-text breakdance-rich-text-styles\">\n<p>Folgende Rechte haben Sie bez\u00fcglich der Verarbeitung Ihrer Daten bei uns:<\/p><ul><li>Wenn Sie wissen m\u00f6chten, welche Daten wir \u00fcber Sie gespeichert haben, sagen wir es Ihnen gerne, Sie haben ein Auskunftsrecht nach Art. 15 DSGVO in Verbindung mit \u00a734 BDSG.<\/li><li>Sie haben ein Recht auf L\u00f6schung Ihrer Daten nach Art. 17 DSGVO in Verbindung mit \u00a735 BDSG.<br \/>Wenn wir Ihre Daten aufgrund von gesetzlichen oder anderen Verpflichtungen nicht l\u00f6schen k\u00f6nnen, z.B. wenn die Aufbewahrungsfristen noch nicht abgelaufen sind, k\u00f6nnen Sie die Einschr\u00e4nkung der Verarbeitung Ihrer Daten verlangen. Sie haben das Recht auf Einschr\u00e4nkung der Verarbeitung Ihrer Daten nach Art. 18 DSGVO.<\/li><li>Sie haben Widerspruchsrecht nach Art. 21 DSGVO, wenn wir Daten zur Direktinformation nach Art. 6 (1) lit. f DSGVO verarbeiten.<\/li><li>Eine von Ihnen erteilte Einwilligung in der Verarbeitung Ihrer Daten k\u00f6nnen Sie jederzeit mit Wirkung f\u00fcr die Zukunft widerrufen, sofern die Grundlage der Verarbeitung auf Art. 6 (1) lit. a DSGVO, \u201eEinwilligung\u201c beruht.<\/li><li>Wenn Sie keine Informationen von uns erhalten m\u00f6chten, k\u00f6nnen Sie dem jederzeit widersprechen, und wir werden Ihre Daten zuk\u00fcnftig nicht mehr zum Zwecke der allgemeinen Information verwenden.<\/li><li>Legen Sie Widerspruch gegen die Verarbeitung Ihrer Daten ein, wird dadurch die Rechtm\u00e4\u00dfigkeit der Verarbeitung auf der Grundlage Ihrer Einwilligung bis zum Widerspruch nicht ber\u00fchrt.<\/li><li>Sie haben ein Recht auf Daten\u00fcbertragbarkeit nach Art 20 DSGVO.<\/li><\/ul><p>Wenn Sie von Ihren Rechten Gebrauch machen, kostet Sie das normalerweise nichts. Kontaktieren Sie uns in einem solchen Fall.<\/p><p>Haben Sie eine Beschwerde oder eine Frage zum Datenschutz, wenden Sie sich gerne an uns (siehe Punkt 1). Sie haben auch das Recht, sich bei einer Aufsichtsbeh\u00f6rde zu beschweren.<\/p>\n<\/div><h2 class=\"bde-heading-18631-116 bde-heading\">\n8. \u00c4nderung dieser Datenschutzhinweise\n<\/h2><div class=\"bde-text-18631-117 bde-text\">\nWir \u00fcberarbeiten diese Datenschutzhinweise bei \u00c4nderungen an dieser Internetseite oder bei sonstigen Anl\u00e4ssen, die dies erforderlich machen. Die jeweils aktuelle Fassung finden Sie stets auf dieser Internetseite.<br>Stand: 08.04.2025\n<\/div><\/div>\n<\/section><section class=\"bde-section-18631-118 bde-section\">\n  \n  \n\t\n\n\n\n<div class=\"section-container\"><div class=\"bde-columns-18631-119 bde-columns\"><div class=\"bde-column-18631-120 bde-column\">\n  \n  \n\t\n\n\n\n<h3 class=\"bde-heading-18631-121 bde-heading\">\nKontakt\n<\/h3><div class=\"bde-rich-text-18631-122 bde-rich-text breakdance-rich-text-styles\">\n<p>Lebenshilfe Stuttgart e.V.<br \/>Ernsthaldenstra\u00dfe 39<br \/>70565 Stuttgart<\/p><p>Telefon: 0711 31 097-125<br \/>E-Mail:\u00a0<a title=\"Verein E-Mail\" href=\"mailto:%20verein@lebenshilfe-stuttgart.de\">verein@lebenshilfe-stuttgart.de<\/a><\/p>\n<\/div>\n<\/div><\/div><\/div>\n<\/section>","protected":false},"excerpt":{"rendered":"<p>Datenschutzhinweise f\u00fcr den Newsletter der Lebenshilfe Stuttgart Gerne informieren wir Sie hiermit \u00fcber die Verarbeitung Ihrer Daten gem\u00e4\u00df Artikel 13 DSGVO. 1. Allgemeine Hinweise Verantwortlich f\u00fcr die Datenverarbeitung auf dieser Website ist:Lebenshilfe Stuttgart e.V.Ernsthaldenstra\u00dfe 3970565 StuttgartTelefon: 0711 32 09 71 25E-Mail: verein@lebenshilfe-stuttgart.deDatenschutzbeauftragerLebenshilfe Stuttgart e.V.Ernsthaldenstra\u00dfe 3970565 StuttgartE-Mail: datenschutz@lebenshilfe-stuttgart.deWenden Sie sich bei Fragen zu unserem Datenschutz gerne [&hellip;]<\/p>\n","protected":false},"author":2,"featured_media":0,"parent":0,"menu_order":0,"comment_status":"closed","ping_status":"closed","template":"","meta":{"_acf_changed":false,"_breakdance_hide_in_design_set":false,"_breakdance_tags":"","footnotes":""},"folder":[],"class_list":["post-18631","page","type-page","status-publish","hentry"],"acf":[],"_links":{"self":[{"href":"https:\/\/www.lebenshilfe-stuttgart.de\/de_leicht\/wp-json\/wp\/v2\/pages\/18631","targetHints":{"allow":["GET"]}}],"collection":[{"href":"https:\/\/www.lebenshilfe-stuttgart.de\/de_leicht\/wp-json\/wp\/v2\/pages"}],"about":[{"href":"https:\/\/www.lebenshilfe-stuttgart.de\/de_leicht\/wp-json\/wp\/v2\/types\/page"}],"author":[{"embeddable":true,"href":"https:\/\/www.lebenshilfe-stuttgart.de\/de_leicht\/wp-json\/wp\/v2\/users\/2"}],"replies":[{"embeddable":true,"href":"https:\/\/www.lebenshilfe-stuttgart.de\/de_leicht\/wp-json\/wp\/v2\/comments?post=18631"}],"version-history":[{"count":3,"href":"https:\/\/www.lebenshilfe-stuttgart.de\/de_leicht\/wp-json\/wp\/v2\/pages\/18631\/revisions"}],"predecessor-version":[{"id":19034,"href":"https:\/\/www.lebenshilfe-stuttgart.de\/de_leicht\/wp-json\/wp\/v2\/pages\/18631\/revisions\/19034"}],"wp:attachment":[{"href":"https:\/\/www.lebenshilfe-stuttgart.de\/de_leicht\/wp-json\/wp\/v2\/media?parent=18631"}],"wp:term":[{"taxonomy":"folder","embeddable":true,"href":"https:\/\/www.lebenshilfe-stuttgart.de\/de_leicht\/wp-json\/wp\/v2\/folder?post=18631"}],"curies":[{"name":"wp","href":"https:\/\/api.w.org\/{rel}","templated":true}]}}