{"id":20235,"date":"2025-12-22T11:08:23","date_gmt":"2025-12-22T10:08:23","guid":{"rendered":"https:\/\/www.lebenshilfe-stuttgart.de\/?page_id=20235"},"modified":"2025-12-22T11:20:00","modified_gmt":"2025-12-22T10:20:00","slug":"barrierefreiheitserklaerung","status":"publish","type":"page","link":"https:\/\/www.lebenshilfe-stuttgart.de\/de_leicht\/barrierefreiheitserklaerung\/","title":{"rendered":"Barrierefreiheitserkl\u00e4rung"},"content":{"rendered":"<section class=\"bde-section-20235-100 bde-section\">\n  \n  \n\t\n\n\n\n<div class=\"section-container\"><h1 class=\"bde-heading-20235-101 bde-heading\">\nBarrierefreiheitserkl\u00e4rung\n<\/h1><div class=\"bde-rich-text-20235-131 bde-rich-text breakdance-rich-text-styles\">\n<p>Der Lebenshilfe Stuttgart e.V. ist bem\u00fcht, seine Website im Einklang mit dem Barrierefreiheitsst\u00e4rkungsgesetz (BFSG) und der Verordnung zum Barrierefreiheitsst\u00e4rkungsgesetz (BFSGV) barrierefrei zug\u00e4nglich zu machen. Diese Erkl\u00e4rung gilt f\u00fcr <a href=\"https:\/\/dashboard.eye-able.com\/report\/accessibility-statement\/www.lebenshilfe-stuttgart.de\">www.lebenshilfe-stuttgart.de<\/a>.<\/p>\n<\/div><h2 class=\"bde-heading-20235-103 bde-heading\">\nBeschreibung der Dienstleistung<br>\n<\/h2><div class=\"bde-rich-text-20235-104 bde-rich-text breakdance-rich-text-styles\">\n<p>Wir helfen Menschen mit Behinderungen ein selbstbestimmtes Leben zu f\u00fchren.<\/p>\n<\/div><h2 class=\"bde-heading-20235-105 bde-heading\">\nWie unsere Website die Barrierefreiheitsanforderungen erf\u00fcllt<br>\n<\/h2><h3 class=\"bde-heading-20235-132 bde-heading\">\nStand der Vereinbarkeit mit den Anforderungen\n<\/h3><div class=\"bde-text-20235-106 bde-text\">\nUnsere Produkte und Dienstleistungen sind f\u00fcr Menschen mit Behinderungen in der allgemein \u00fcblichen Weise, ohne besondere Erschwernis und grunds\u00e4tzlich ohne fremde Hilfe auffindbar, zug\u00e4nglich und nutzbar.<br><br>Unsere Webseite ist in gro\u00dfen Teilen mit dem BFSG und der BFSGV vereinbar. Jedoch bestehen noch einige Barrieren auf unseren Seiten, an denen wir aktiv arbeiten und diese in Zukunft beseitigen wollen. Folgende Ausnahmen und Unvereinbarkeiten bestehen:\n<\/div><h3 class=\"bde-heading-20235-107 bde-heading\">\nDie folgenden Inhalte sind nicht barrierefrei, da sie nicht mit der zugrundeliegenden harmonisierten Norm EN 301 549 vereinbar sind:\n<\/h3><div class=\"bde-rich-text-20235-133 bde-rich-text breakdance-rich-text-styles\">\n<ul>\n<li>Auf vielen Seiten gibt es Bilder ohne Beschriftung. Die Navigation mit Screenreadern zu den Bildern ist erschwert.<\/li>\n<li>Auf allen Seiten gibt es Links ohne Linktext.<\/li>\n<li>Auf vielen Seiten ist der Kontrast zwischen Text und Hintergrund zu gering.<\/li>\n<li>Auf einzelnen Seiten gibt es \u00dcberschriften, die keine Beschriftung haben oder das Attribut aria-hidden enthalten und somit f\u00fcr Screenreader nicht erreichbar sind.<\/li>\n<li>Auf einzelnen Seiten fehlen einem \u00fcbergeordneten Element die passenden untergeordneten Elemente. Dies kann Nutzende von Screenreader verwirren, da ein Inhalt erwartet wird, aber keiner da ist.<\/li>\n<li>Auf einzelnen Seiten gibt es Elemente, deren Aria ID mehrmals vorkommen. Das erschwert die Navigation der Webseite mit Screenreadern.<\/li>\n<\/ul>\n<\/div><div class=\"bde-rich-text-20235-110 bde-rich-text breakdance-rich-text-styles\">\n<p>Diese Erkl\u00e4rung wurde am\u00a0<b>22.12.2025<\/b>\u00a0erstellt. Die Erkl\u00e4rung wurde mithilfe der Eye-Able\u00ae Technologie der\u00a0<a href=\"https:\/\/eye-able.com\/\" target=\"_blank\" rel=\"noopener\">Web Inclusion GmbH<\/a> erstellt. Eye-Able Report\u00ae - ein Produkt der Web Inclusion GmbH - hat alle maschinell \u00fcberpr\u00fcfbaren Pr\u00fcfschritte durchlaufen.<br \/>Diese Erkl\u00e4rung wurde zuletzt am 22.12.2025 \u00fcberpr\u00fcft.<\/p>\n<\/div><h2 class=\"bde-heading-20235-109 bde-heading\">\nKontaktangaben\n<\/h2><div class=\"bde-rich-text-20235-134 bde-rich-text breakdance-rich-text-styles\">\n<p>Sie k\u00f6nnen alle F\u00e4lle von Schwierigkeiten beim Zugriff auf den Inhalt der Website an uns melden:<br \/><br \/>Lebenshilfe Stuttgart e.V.<br \/>Ernsthaldenstra\u00dfe 39<br \/>70565\u00a0Stuttgart<br \/><a href=\"mailto:verein@lebenshilfe-stuttgart.er\" aria-label=\"Sende eine E-Mail an verein@lebenshilfe-stuttgart.de\">verein@lebenshilfe-stuttgart.de<\/a><\/p>\n<\/div><h2 class=\"bde-heading-20235-111 bde-heading\">\nMarkt\u00fcberwachungsbeh\u00f6rde\n<\/h2><div class=\"bde-rich-text-20235-112 bde-rich-text breakdance-rich-text-styles\">\n<p>Die Kontaktdaten der f\u00fcr uns zust\u00e4ndigen Markt\u00fcberwachungsbeh\u00f6rde lauten:<\/p>\n<p>MLBF A\u00f6R<br \/>Markt\u00fcberwachungsstelle der L\u00e4nder f\u00fcr die Barrierefreiheit von Produkten und Dienstleistungen<br \/>Carl-Miller-Str. 6<br \/>39112\u00a0Magdeburg<br \/><a href=\"mailto:MLBF@ms.sachsen-%E2%80%8Banhalt.de\" aria-label=\"Sende eine E-Mail an MLBF@ms.sachsen-\u200banhalt.de\">MLBF@ms.sachsen-\u200banhalt.de<\/a><br \/>Tel.:\u00a00391 567 6970<\/p>\n<\/div><h2 class=\"bde-heading-20235-113 bde-heading\">\nDisclaimer\n<\/h2><div class=\"bde-rich-text-20235-114 bde-rich-text breakdance-rich-text-styles\">\n<p>Die automatische \u00dcberpr\u00fcfung der Webinhalte erfolgte am: 22.12.2025. F\u00fcr die Webinhalte beim Aufruf durch Eye-Able wurde der Browser Google Chrome in der Version 136.0.7103.92 verwendet. F\u00fcr die gepr\u00fcfte Anwendungsversion unter den spezifizierten Browser- und Betriebssystemparametern garantieren wir die Richtigkeit der gemachten Angaben. Bei Einsatz abweichender Versionen oder Umgebungen ist eine abweichende Darstellung m\u00f6glich, die von den hier gemachten Ergebnissen abweichen kann. F\u00fcr eine vollst\u00e4ndige Pr\u00fcfung sind auch manuelle Tests durch den Webseitenbetreiber zu empfehlen.<\/p>\n<\/div><\/div>\n<\/section>","protected":false},"excerpt":{"rendered":"<p>Barrierefreiheitserkl\u00e4rung Der Lebenshilfe Stuttgart e.V. ist bem\u00fcht, seine Website im Einklang mit dem Barrierefreiheitsst\u00e4rkungsgesetz (BFSG) und der Verordnung zum Barrierefreiheitsst\u00e4rkungsgesetz (BFSGV) barrierefrei zug\u00e4nglich zu machen. Diese Erkl\u00e4rung gilt f\u00fcr www.lebenshilfe-stuttgart.de. Beschreibung der Dienstleistung Wir helfen Menschen mit Behinderungen ein selbstbestimmtes Leben zu f\u00fchren. Wie unsere Website die Barrierefreiheitsanforderungen erf\u00fcllt Stand der Vereinbarkeit mit den Anforderungen [&hellip;]<\/p>\n","protected":false},"author":2,"featured_media":0,"parent":0,"menu_order":0,"comment_status":"closed","ping_status":"closed","template":"","meta":{"_acf_changed":false,"_breakdance_hide_in_design_set":false,"_breakdance_tags":"","footnotes":""},"folder":[],"class_list":["post-20235","page","type-page","status-publish","hentry"],"acf":[],"_links":{"self":[{"href":"https:\/\/www.lebenshilfe-stuttgart.de\/de_leicht\/wp-json\/wp\/v2\/pages\/20235","targetHints":{"allow":["GET"]}}],"collection":[{"href":"https:\/\/www.lebenshilfe-stuttgart.de\/de_leicht\/wp-json\/wp\/v2\/pages"}],"about":[{"href":"https:\/\/www.lebenshilfe-stuttgart.de\/de_leicht\/wp-json\/wp\/v2\/types\/page"}],"author":[{"embeddable":true,"href":"https:\/\/www.lebenshilfe-stuttgart.de\/de_leicht\/wp-json\/wp\/v2\/users\/2"}],"replies":[{"embeddable":true,"href":"https:\/\/www.lebenshilfe-stuttgart.de\/de_leicht\/wp-json\/wp\/v2\/comments?post=20235"}],"version-history":[{"count":2,"href":"https:\/\/www.lebenshilfe-stuttgart.de\/de_leicht\/wp-json\/wp\/v2\/pages\/20235\/revisions"}],"predecessor-version":[{"id":20237,"href":"https:\/\/www.lebenshilfe-stuttgart.de\/de_leicht\/wp-json\/wp\/v2\/pages\/20235\/revisions\/20237"}],"wp:attachment":[{"href":"https:\/\/www.lebenshilfe-stuttgart.de\/de_leicht\/wp-json\/wp\/v2\/media?parent=20235"}],"wp:term":[{"taxonomy":"folder","embeddable":true,"href":"https:\/\/www.lebenshilfe-stuttgart.de\/de_leicht\/wp-json\/wp\/v2\/folder?post=20235"}],"curies":[{"name":"wp","href":"https:\/\/api.w.org\/{rel}","templated":true}]}}