{"id":2074,"date":"2021-01-26T12:37:38","date_gmt":"2021-01-26T11:37:38","guid":{"rendered":"http:\/\/dev.lebenshilfe-stuttgart.de\/?page_id=2074"},"modified":"2025-08-19T10:59:58","modified_gmt":"2025-08-19T08:59:58","slug":"bistro","status":"publish","type":"page","link":"https:\/\/www.lebenshilfe-stuttgart.de\/de_leicht\/bistro\/","title":{"rendered":"Bistro"},"content":{"rendered":"<section class=\"bde-section-2074-100 bde-section\">\n  \n  \n\t\n\n\n\n<div class=\"section-container\"><div class=\"bde-columns-2074-101 bde-columns\"><div class=\"bde-column-2074-102 bde-column\">\n  \n  \n\t\n\n\n\n<div class=\"bde-image-2074-103 bde-image\">\n<figure class=\"breakdance-image breakdance-image--15914\">\n\t<div class=\"breakdance-image-container\">\n\t\t<div class=\"breakdance-image-clip\"><img loading=\"lazy\" decoding=\"async\" class=\"breakdance-image-object\" src=\"https:\/\/www.lebenshilfe-stuttgart.de\/wp-content\/uploads\/2024\/10\/Panino_mood_02_1050.jpg\" width=\"1050\" height=\"700\" srcset=\"https:\/\/www.lebenshilfe-stuttgart.de\/wp-content\/uploads\/2024\/10\/Panino_mood_02_1050.jpg 1050w, https:\/\/www.lebenshilfe-stuttgart.de\/wp-content\/uploads\/2024\/10\/Panino_mood_02_1050-300x200.jpg 300w, https:\/\/www.lebenshilfe-stuttgart.de\/wp-content\/uploads\/2024\/10\/Panino_mood_02_1050-1024x683.jpg 1024w, https:\/\/www.lebenshilfe-stuttgart.de\/wp-content\/uploads\/2024\/10\/Panino_mood_02_1050-768x512.jpg 768w, https:\/\/www.lebenshilfe-stuttgart.de\/wp-content\/uploads\/2024\/10\/Panino_mood_02_1050-600x400.jpg 600w\" sizes=\"auto, (max-width: 1050px) 100vw, 1050px\" alt=\"Ein Kunde wird im Bistro Panino der Lebenshilfe Stuttgart bedient\"><\/div>\n\t<\/div><\/figure>\n\n<\/div>\n<\/div><div class=\"bde-column-2074-104 bde-column\">\n  \n  \n\t\n\n\n\n<div class=\"bde-image-2074-105 bde-image\">\n<figure class=\"breakdance-image breakdance-image--15912\">\n\t<div class=\"breakdance-image-container\">\n\t\t<div class=\"breakdance-image-clip\"><img loading=\"lazy\" decoding=\"async\" class=\"breakdance-image-object\" src=\"https:\/\/www.lebenshilfe-stuttgart.de\/wp-content\/uploads\/2024\/10\/Logo_Panino_02.png\" width=\"220\" height=\"49\" sizes=\"auto, (max-width: 220px) 100vw, 220px\" alt=\"Logo vom Bistro Panino der Lebenshilfe Stuttgart\"><\/div>\n\t<\/div><\/figure>\n\n<\/div><h1 class=\"bde-heading-2074-193 bde-heading\">\nCaf\u00e9 & Bistro Panino\n<\/h1><div class=\"bde-rich-text-2074-192 bde-rich-text breakdance-rich-text-styles\">\n<p class=\"translation-block\">Die Lebenshilfe Stuttgart hat zwei Bistros.<br>\nDie Bistros hei\u00dfen: Panino.<br>\nHier gibt es Kaffee.<br>\nUnd etwas zum Essen.<\/p>\n<\/div><div class=\"bde-div-2074-108 bde-div\">\n  \n  \n\t\n\n\n\n<div class=\"bde-button-2074-109 bde-button bde-preset-52693b22-12c9-4498-ae0a-68d537189dbe\">\n        \n    \n    \n    \n    \n            \n                    \n            \n            \n\n    \n    \n    \n    \n    \n    <a class=\"breakdance-link button-atom button-atom--custom bde-button__button\" href=\"#anker_getraenke\" target=\"_self\" data-type=\"url\"  >\n\n    \n        <span class=\"button-atom__text\">Getr\u00e4nke<\/span>\n\n                            \n        \n                <\/a>\n\n    \n\n\n<\/div><div class=\"bde-button-2074-110 bde-button bde-preset-52693b22-12c9-4498-ae0a-68d537189dbe\">\n        \n    \n    \n    \n    \n            \n                    \n            \n            \n\n    \n    \n    \n    \n    \n    <a class=\"breakdance-link button-atom button-atom--custom bde-button__button\" href=\"#anker_speisen\" target=\"_self\" data-type=\"url\"  >\n\n    \n        <span class=\"button-atom__text\">Speisen<\/span>\n\n                            \n        \n                <\/a>\n\n    \n\n\n<\/div><div class=\"bde-button-2074-111 bde-button bde-preset-52693b22-12c9-4498-ae0a-68d537189dbe\">\n        \n    \n    \n    \n    \n            \n                    \n            \n            \n\n    \n    \n    \n    \n    \n    <a class=\"breakdance-link button-atom button-atom--custom bde-button__button\" href=\"#anker_kontakt\" target=\"_self\" data-type=\"url\"  >\n\n    \n        <span class=\"button-atom__text\">\u00d6ffnungszeiten und Kontakt<\/span>\n\n                            \n        \n                <\/a>\n\n    \n\n\n<\/div>\n<\/div>\n<\/div><\/div><\/div>\n<\/section><section id=\"anker_getraenke\" class=\"bde-section-2074-113 bde-section\">\n  \n  \n\t\n\n\n\n<div class=\"section-container\"><div class=\"bde-columns-2074-114 bde-columns\"><div class=\"bde-column-2074-177 bde-column\">\n  \n  \n\t\n\n\n\n<h2 class=\"bde-heading-2074-179 bde-heading\">\nGetr\u00e4nke\n<\/h2><div class=\"bde-rich-text-2074-180 bde-rich-text breakdance-rich-text-styles\">\n<p class=\"translation-block\">Unseren Kaffee kann man auch mitnehmen.<br>\nDen Kaffee zum mitnehmen verkaufen wir im Pfand\u00b7becher.<br>\nDiese Pfand\u00b7becher hei\u00dfen: Recup.<br>\nDie Pfand\u00b7becher kosten 1\u20ac Pfand.<br>\nDas Pfand\u00b7geld bekommt man sp\u00e4ter zur\u00fcck.<\/p><p>Neben Kaffee bieten wir weitere hei\u00dfe Getr\u00e4nke.<br>\nZum Beispiel Tee und Hei\u00dfe Schokolade.<\/p><p>Wir bieten auch k\u00fchle Getr\u00e4nke an.<br>\nZum Beispiel Mineral\u00b7wasser, S\u00e4fte, Schorle, Eis\u00b7tee und Limonade.<\/p>\n<\/div><div class=\"bde-accordion-2074-181 bde-accordion bde-accordion--bordered-bottom\"><div class=\"bde-accordion__content-wrapper-2074-182 bde-accordion__content-wrapper\">\n<h3 class=\"bde-accordion__title-tag\">\n  <button type=\"button\" class=\"bde-accordion__button\" id=\"accordion-button-182\" aria-controls=\"accordion-panel-182\" aria-expanded=\"false\">\n     <span class=\"bde-accordion__title\" >Preisliste Getr\u00e4nke<\/span>\n     <span class=\"bde-accordion__icon bde-accordion__icon--default\"><\/span>\n     <span class=\"bde-accordion__icon bde-accordion__icon--active\"><\/span>\n  <\/button>\n<\/h3>\n\n<div role=\"region\" class=\"bde-accordion__panel\" id=\"accordion-panel-182\" aria-labelledby=\"accordion-button-182\">\n    <div class=\"bde-accordion__panel-content\">\n        <div class=\"bde-rich-text-2074-183 bde-rich-text breakdance-rich-text-styles\">\n<p><strong>Hei\u00dfe Getr\u00e4nke<\/strong><\/p><p>Tee: 1,80\u20ac<br \/>Kleiner Kaffee: 1,80 \u20ac<br \/>Gro\u00dfer Kaffee: 2,30 \u20ac<br \/>Espresso: 2,30 \u20ac<br \/>Cappuccino: 2,90 \u20ac<br \/>Hei\u00dfe Schokolade: 2,90 \u20ac<br \/>Latte Macchiato: 3,20 \u20ac<br \/>Schokoccino: 3,20 \u20ac<\/p><p>Alle Getr\u00e4nke auch zum Mitnehmen im\u00a0<em>Recup<\/em>-Becher. Pfand: 1,00 \u20ac<\/p><p><strong>K\u00fchle Getr\u00e4nke<\/strong><\/p><p>Mineralwasser: 1,75 \u20ac<br \/>Seez\u00fcngle: 2,35 \u20ac<br \/>Softgetr\u00e4nke Cola, Fanta, Schorle: 2,10 \u20ac<br \/>Eistee, Tetrapack: 1,35 \u20ac<br \/>Kakao, Tetrapack: 1,45 \u20ac<\/p><p>Pfand f\u00fcr PET-Flasche: 0,25 \u20ac<\/p>\n<\/div>\n    <\/div>\n<\/div>\n\n\n\n<\/div>\r\n\r\n<\/div>\n<\/div><div class=\"bde-column-2074-115 bde-column\">\n  \n  \n\t\n\n\n\n<div class=\"bde-image-2074-140 bde-image\">\n<figure class=\"breakdance-image breakdance-image--15915\">\n\t<div class=\"breakdance-image-container\">\n\t\t<div class=\"breakdance-image-clip\"><img loading=\"lazy\" decoding=\"async\" class=\"breakdance-image-object\" src=\"https:\/\/www.lebenshilfe-stuttgart.de\/wp-content\/uploads\/2024\/10\/Recup_01_1050.jpg\" width=\"1050\" height=\"700\" srcset=\"https:\/\/www.lebenshilfe-stuttgart.de\/wp-content\/uploads\/2024\/10\/Recup_01_1050.jpg 1050w, https:\/\/www.lebenshilfe-stuttgart.de\/wp-content\/uploads\/2024\/10\/Recup_01_1050-300x200.jpg 300w, https:\/\/www.lebenshilfe-stuttgart.de\/wp-content\/uploads\/2024\/10\/Recup_01_1050-1024x683.jpg 1024w, https:\/\/www.lebenshilfe-stuttgart.de\/wp-content\/uploads\/2024\/10\/Recup_01_1050-768x512.jpg 768w, https:\/\/www.lebenshilfe-stuttgart.de\/wp-content\/uploads\/2024\/10\/Recup_01_1050-600x400.jpg 600w\" sizes=\"auto, (max-width: 1050px) 100vw, 1050px\" alt=\"Recup Becher im Bistro der Lebenshilfe Stuttgart\"><\/div>\n\t<\/div><\/figure>\n\n<\/div><div class=\"bde-accordion-2074-128 bde-accordion bde-accordion--bordered-bottom\">\r\n\r\n<\/div>\n<\/div><\/div><\/div>\n<\/section><section id=\"anker_speisen\" class=\"bde-section-2074-161 bde-section\">\n  \n  \n\t\n\n\n\n<div class=\"section-container\"><div class=\"bde-columns-2074-162 bde-columns\"><div class=\"bde-column-2074-170 bde-column\">\n  \n  \n\t\n\n\n\n<div class=\"bde-image-2074-171 bde-image\">\n<figure class=\"breakdance-image breakdance-image--15913\">\n\t<div class=\"breakdance-image-container\">\n\t\t<div class=\"breakdance-image-clip\"><img loading=\"lazy\" decoding=\"async\" class=\"breakdance-image-object\" src=\"https:\/\/www.lebenshilfe-stuttgart.de\/wp-content\/uploads\/2024\/10\/Backwaren_02_1050.jpg\" width=\"1050\" height=\"700\" srcset=\"https:\/\/www.lebenshilfe-stuttgart.de\/wp-content\/uploads\/2024\/10\/Backwaren_02_1050.jpg 1050w, https:\/\/www.lebenshilfe-stuttgart.de\/wp-content\/uploads\/2024\/10\/Backwaren_02_1050-300x200.jpg 300w, https:\/\/www.lebenshilfe-stuttgart.de\/wp-content\/uploads\/2024\/10\/Backwaren_02_1050-1024x683.jpg 1024w, https:\/\/www.lebenshilfe-stuttgart.de\/wp-content\/uploads\/2024\/10\/Backwaren_02_1050-768x512.jpg 768w, https:\/\/www.lebenshilfe-stuttgart.de\/wp-content\/uploads\/2024\/10\/Backwaren_02_1050-600x400.jpg 600w\" sizes=\"auto, (max-width: 1050px) 100vw, 1050px\" alt=\"Brezeln auf einem Wagen in der B\u00e4ckerei\"><\/div>\n\t<\/div><\/figure>\n\n<\/div>\n<\/div><div class=\"bde-column-2074-184 bde-column\">\n  \n  \n\t\n\n\n\n<h2 class=\"bde-heading-2074-186 bde-heading\">\nSpeisen\n<\/h2><div class=\"bde-rich-text-2074-187 bde-rich-text breakdance-rich-text-styles\">\n<p>Wir verkaufen leckeres zum Essen.<br>\nZum Beispiel Brezeln, Pizza-Schnitten oder S\u00fc\u00dfes.<\/p><p>Wir backen das alles in unserer eigenen B\u00e4ckerei.<\/p><p><br><\/p>\n<\/div><div class=\"bde-accordion-2074-188 bde-accordion bde-accordion--bordered\"><div class=\"bde-accordion__content-wrapper-2074-189 bde-accordion__content-wrapper\">\n<h3 class=\"bde-accordion__title-tag\">\n  <button type=\"button\" class=\"bde-accordion__button\" id=\"accordion-button-189\" aria-controls=\"accordion-panel-189\" aria-expanded=\"false\">\n     <span class=\"bde-accordion__title\" >Preisliste Speisen<\/span>\n     <span class=\"bde-accordion__icon bde-accordion__icon--default\"><\/span>\n     <span class=\"bde-accordion__icon bde-accordion__icon--active\"><\/span>\n  <\/button>\n<\/h3>\n\n<div role=\"region\" class=\"bde-accordion__panel\" id=\"accordion-panel-189\" aria-labelledby=\"accordion-button-189\">\n    <div class=\"bde-accordion__panel-content\">\n        <div class=\"bde-rich-text-2074-190 bde-rich-text breakdance-rich-text-styles\">\n<p><strong>Br\u00f6tchen<\/strong><\/p><p>K\u00fcrbiskernbr\u00f6tchen: 0,85 \u20ac<br \/>Mehrkornstengel: 0,85 \u20ac<br \/>Dinkelvollkornbr\u00f6tchen: 0,85 \u20ac<br \/>Tafel- und Baguettebr\u00f6tchen: 0,65 \u20ac<br \/>Mohn- und Sesambr\u00f6tchen: 0,80 \u20ac<br \/>Laugenbr\u00f6tchen \/ Laugenstange: 0,80 \u20ac<br \/>Salzbr\u00f6tchen: 0,80 \u20ac<br \/>Urkorn-Vitalbr\u00f6tchen: 1,00 \u20ac<\/p><p><strong>Brot<\/strong><\/p><p>Kartoffel-Zwiebelbrot: 4,50 \u20ac<br \/>M\u00fchlsteinbrot: 4,80 \u20ac<br \/>Dinkelvollkornbrot: 4,80 \u20ac<br \/>Werkstattbrot: 4,80 \u20ac<br \/>Roggenmischbrot: 4,50 \u20ac<\/p><p><b>Salziges<\/b><\/p><p>Salzige Teilchen: 1,90 \u20ac<br \/>Brezel: 0,95 \u20ac<br \/>Butterbrezel: 1,90 \u20ac<br \/>Laugenbr\u00f6tchen mit Butter: 1,50 \u20ac<br \/>K\u00e4sebrezel: 2,00 \u20ac<br \/>K\u00e4selaugenstange: 2,00 \u20ac<br \/>Dinkelk\u00e4seseele: 2,20 \u20ac<br \/>Dinkelvollkornseele: 1,40 \u20ac<\/p><p><b>Belegte Br\u00f6tchen<\/b><\/p><p>Gourmet-Br\u00f6tchen: 2,65 \u20ac<br \/>Werkstattbr\u00f6tchen: 2,20 \u20ac<br \/>Frischk\u00e4sebr\u00f6tchen: 2,20 \u20ac<br \/>Schaumkussbr\u00f6tchen: 1,80 \u20ac<\/p><p><b>Warme Theke<\/b><\/p><p>Roggie Cross: 2,00 \u20ac<br \/>Fleischk\u00fcchle im Br\u00f6tchen: 3,30 \u20ac<br \/>Leberk\u00e4sewecken: 3,30 \u20ac<br \/>Saitenw\u00fcrstle mit Br\u00f6tchen: 3,30 \u20ac<br \/>Debreziner: 3,30 \u20ac<br \/>Schnitzelweck: 3,95 \u20ac<\/p><p><b>S\u00fc\u00dfe Kuchen<\/b><\/p><p>Hefezopf: 4,50 \u20ac<br \/>Nuss- und Mohnkapsel: 4,95 \u20ac<br \/>Marmor- und Zitronenkuchen: 18,00 \u20ac<br \/>Kuchenschnitte z.B. Zwetschgen: 2,90 \u20ac<br \/>Muffin: 2,95 \u20ac<\/p><p><b>S\u00fc\u00dfes<\/b><\/p><p>S\u00fc\u00dfe Teilchen: 1,90 \u20ac<br \/>Dauergeb\u00e4ck s\u00fc\u00df: 2,30 \u20ac<\/p><p><b>S\u00fc\u00dfigkeiten<\/b><\/p><p>Schokoriegel: 1,05 \u20ac<br \/>Brausew\u00fcrfel \/ Gummib\u00e4rchent\u00fcte: 0,35 \u20ac<br \/>Schaumkuss: 0,65 \u20ac<br \/>Erdn\u00fcsse: 1,50 \u20ac<br \/>Chips: 1,70 \u20ac<\/p>\n<\/div>\n    <\/div>\n<\/div>\n\n\n\n<\/div>\r\n\r\n<\/div>\n<\/div><\/div><\/div>\n<\/section><section id=\"anker_kontakt\" class=\"bde-section-2074-148 bde-section\">\n  \n  \n\t\n\n\n\n<div class=\"section-container\"><div class=\"bde-columns-2074-149 bde-columns\"><div class=\"bde-column-2074-150 bde-column\">\n  \n  \n\t\n\n\n\n<h3 class=\"bde-heading-2074-151 bde-heading\">\nPanino am L\u00f6wentor (Stuttgart-Nord)\n<\/h3><div class=\"bde-text-2074-152 bde-text\">\nL\u00f6wentorstra\u00dfe 18-20<br>70191 Stuttgart-Nord<br><br>\u00d6ffnungszeiten<br>Montag \u2013 Freitag: 8.45 Uhr \u2013 14.30 Uhr<br><br>Telefon: 0711 89 69 08 35\n<\/div>\n<\/div><div class=\"bde-column-2074-153 bde-column\">\n  \n  \n\t\n\n\n\n<h3 class=\"bde-heading-2074-154 bde-heading\">\nWerkstatt in Stuttgart-Vaihingen\n<\/h3><div class=\"bde-text-2074-155 bde-text\">\nErnsthaldenstra\u00dfe 39<br>70565 Stuttgart-Vaihingen<br><br>\u00d6ffnungszeiten:<br>Montag \u2013 Freitag, 7.30 Uhr \u2013 14 Uhr<br><br>Telefon: 0711 32 097 261\n<\/div>\n<\/div><\/div><\/div>\n<\/section>","protected":false},"excerpt":{"rendered":"<p>Die Lebenshilfe Stuttgart betreibt die beiden Bistros\u00a0Panino in Stuttgart-Vaihingen und in Stuttgart-Nord am L\u00f6wentor. Die gem\u00fctliche Atmosph\u00e4re l\u00e4dt zu einem Kaffee und einem Snack ein. Die Br\u00f6tchen, Brezeln und s\u00fc\u00dfen Teilchen stelle wir frisch in unserer hauseigenen B\u00e4ckerei her.<\/p>","protected":false},"author":2,"featured_media":0,"parent":0,"menu_order":0,"comment_status":"closed","ping_status":"closed","template":"","meta":{"_acf_changed":false,"_breakdance_hide_in_design_set":false,"_breakdance_tags":"","footnotes":""},"folder":[],"class_list":["post-2074","page","type-page","status-publish","hentry"],"acf":[],"_links":{"self":[{"href":"https:\/\/www.lebenshilfe-stuttgart.de\/de_leicht\/wp-json\/wp\/v2\/pages\/2074","targetHints":{"allow":["GET"]}}],"collection":[{"href":"https:\/\/www.lebenshilfe-stuttgart.de\/de_leicht\/wp-json\/wp\/v2\/pages"}],"about":[{"href":"https:\/\/www.lebenshilfe-stuttgart.de\/de_leicht\/wp-json\/wp\/v2\/types\/page"}],"author":[{"embeddable":true,"href":"https:\/\/www.lebenshilfe-stuttgart.de\/de_leicht\/wp-json\/wp\/v2\/users\/2"}],"replies":[{"embeddable":true,"href":"https:\/\/www.lebenshilfe-stuttgart.de\/de_leicht\/wp-json\/wp\/v2\/comments?post=2074"}],"version-history":[{"count":107,"href":"https:\/\/www.lebenshilfe-stuttgart.de\/de_leicht\/wp-json\/wp\/v2\/pages\/2074\/revisions"}],"predecessor-version":[{"id":19739,"href":"https:\/\/www.lebenshilfe-stuttgart.de\/de_leicht\/wp-json\/wp\/v2\/pages\/2074\/revisions\/19739"}],"wp:attachment":[{"href":"https:\/\/www.lebenshilfe-stuttgart.de\/de_leicht\/wp-json\/wp\/v2\/media?parent=2074"}],"wp:term":[{"taxonomy":"folder","embeddable":true,"href":"https:\/\/www.lebenshilfe-stuttgart.de\/de_leicht\/wp-json\/wp\/v2\/folder?post=2074"}],"curies":[{"name":"wp","href":"https:\/\/api.w.org\/{rel}","templated":true}]}}