{"id":3882,"date":"2021-04-19T14:02:58","date_gmt":"2021-04-19T12:02:58","guid":{"rendered":"http:\/\/dev.lebenshilfe-stuttgart.de\/?page_id=3882"},"modified":"2025-10-02T10:35:35","modified_gmt":"2025-10-02T08:35:35","slug":"impressum","status":"publish","type":"page","link":"https:\/\/www.lebenshilfe-stuttgart.de\/de_leicht\/impressum\/","title":{"rendered":"Impressum"},"content":{"rendered":"<section class=\"bde-section-3882-100 bde-section\">\n  \n  \n\t\n\n\n\n<div class=\"section-container\"><h1 class=\"bde-heading-3882-101 bde-heading\">\nImpressum\n<\/h1><\/div>\n<\/section><section class=\"bde-section-3882-102 bde-section\">\n  \n  \n\t\n\n\n\n<div class=\"section-container\"><h2 class=\"bde-heading-3882-103 bde-heading\">\nVerantwortlich f\u00fcr den Inhalt\n<\/h2><div class=\"bde-text-3882-104 bde-text\">\nLebenshilfe Stuttgart e.V.<br>Ernsthaldenstra\u00dfe 39<br>70565 Stuttgart<br><br>Vertreten durch:<br>Markus Schropp und Andreas Galts\n<\/div><h3 class=\"bde-heading-3882-105 bde-heading\">\nKontakt\n<\/h3><div class=\"bde-rich-text-3882-126 bde-rich-text breakdance-rich-text-styles\">\nTelefon: 0711 32 097 \u2013 125<br>\nTelefax: 0711 32 097 \u2013 140<br>\nE-Mail:\u00a0<a title=\"Vorstand E-Mail\" href=\"mailto:vorstand@lebenshilfe-stuttgart.de\">vorstand@lebenshilfe-stuttgart.de<\/a>\n<\/div><h3 class=\"bde-heading-3882-107 bde-heading\">\nRegistereintrag\n<\/h3><div class=\"bde-text-3882-108 bde-text\">\nEintragung im Vereinsregister.<br>Registergericht: Amtsgericht Stuttgart<br>Registernummer: VR 1395\n<\/div><h3 class=\"bde-heading-3882-109 bde-heading\">\nUmsatzsteuer\n<\/h3><div class=\"bde-text-3882-110 bde-text\">\nUmsatzsteuer-Identifikationsnummer: DE 147 848 649\n<\/div><h2 class=\"bde-heading-3882-111 bde-heading\">\nStuttgarter Werkst\u00e4tten der Lebenshilfe GmbH\n<\/h2><div class=\"bde-rich-text-3882-127 bde-rich-text breakdance-rich-text-styles\">\n<p>Ernsthaldenstra\u00dfe 39<br \/>70565 Stuttgart<\/p>\n<p><em>Vertreten durch:<\/em>\u00a0Markus Schropp und Andreas Galts<\/p>\n<p><em>Kontakt:<\/em><br \/>Telefon: 0711 \u2013\u00a089 69 08 \u2013 62<br \/>Telefax: 0711 \u2013 89 69 08 \u2013 50<br \/>E-Mail: werkstaetten@lebenshilfe-stuttgart.de<\/p>\n<p><em>Registereintrag:<\/em><br \/>Registergericht: Amtsgericht Stuttgart<br \/>HRB 18200<\/p>\n<p><em>Umsatzsteuer-ID:<\/em><br \/>Umsatzsteuer-Identifikationsnummer: DE 183 277 143<\/p>\n<\/div><h2 class=\"bde-heading-3882-128 bde-heading\">\nStuttgarter Wohnst\u00e4tten der Lebenshilfe GmbH<br>\n<\/h2><div class=\"bde-rich-text-3882-131 bde-rich-text breakdance-rich-text-styles\">\n<p>Ernsthaldenstra\u00dfe 39<br \/>70565 Stuttgart<\/p>\n<p>Vertreten durch: Markus Schropp und Andreas Galts<\/p>\n<p><em>Kontakt:<\/em><br \/>Telefon: 0711 \u00a0\u2013\u00a0 89 69 08 \u2013 46<br \/>Telefax: 0711\u00a0 \u2013\u00a0 89 69 08 \u2013 60<br \/><a class=\"mail\" title=\"email\">vorstand@lebenshilfe-stuttgart.de<\/a><\/p>\n<p><em>Registereintrag:<\/em><br \/>Registergericht: Amtsgericht Stuttgart<br \/>HRB 720272<\/p>\n<p><em>Umsatzsteuer-ID:<\/em><br \/>Umsatzsteuer-Identifikationsnummer: DE 147 848 649<\/p>\n<\/div><h2 class=\"bde-heading-3882-130 bde-heading\">\nPflege GmbH Lehi Stuttgart\n<\/h2><div class=\"bde-rich-text-3882-129 bde-rich-text breakdance-rich-text-styles\">\n<p>Ernsthaldenstra\u00dfe 39<br \/>70565 Stuttgart<\/p>\n<p>Vertreten durch: Markus Schropp und Andreas Galts<\/p>\n<p><em>Kontakt:<\/em><br \/>Telefon: 0711 \u2013 89 69 08 \u2013 46<br \/>Telefax: 0711 \u2013 89 69 08 \u2013 60<br \/><a class=\"mail\" title=\"email\">vorstand@lebenshilfe-stuttgart.de<\/a><\/p>\n<p><em>Registereintrag:<\/em><br \/>Registergericht: Amtsgericht Stuttgart<br \/>HRB 755890<\/p>\n<\/div><h2 class=\"bde-heading-3882-113 bde-heading\">\nRechtliche Informationen\n<\/h2><div class=\"bde-text-3882-132 bde-text\">\nHiermit distanzierert sich die Lebenshilfe Stuttgart e.V. ausdr\u00fccklich von allen Inhalten aller gelinkten Seiten auf dieser Website und macht sich diese Inhalte nicht zu eigen. Die Lebenshilfe Stuttgart e.V. ist somit f\u00fcr den Inhalt solcher Seiten Dritter nicht verantwortlich.\n<\/div><h2 class=\"bde-heading-3882-115 bde-heading\">\nBilder\n<\/h2><div class=\"bde-text-3882-116 bde-text\">\nBernd Eidenm\u00fcller, Stuttgart<br>Lebenshilfe Stuttgart e.V.<br>Bundesvereinigung Lebenshilfe e.V.\/David Maurer\n<\/div><h2 class=\"bde-heading-3882-117 bde-heading\">\nTexte\n<\/h2><div class=\"bde-text-3882-118 bde-text\">\nEva Schackmann<br>Eduard Kasdorf\n<\/div><h2 class=\"bde-heading-3882-119 bde-heading\">\nGestaltung und Programmierung\n<\/h2><div class=\"bde-text-3882-134 bde-text\">\nLebenshilfe Stuttgart<br>B\u00fcro15\n<\/div><h2 class=\"bde-heading-3882-133 bde-heading\">\nStreitschlichtung\n<\/h2><div class=\"bde-rich-text-3882-135 bde-rich-text breakdance-rich-text-styles\">\n<p>Wir sind nicht bereit oder verpflichtet, an Streitbeilegungsverfahren vor einer Verbraucherschlichtungsstelle teilzunehmen.<\/p>\n<\/div><h2 class=\"bde-heading-3882-136 bde-heading\">\nHaftung f\u00fcr Inhalte\n<\/h2><div class=\"bde-text-3882-137 bde-text\">\nAls Diensteanbieter sind wir f\u00fcr eigene Inhalte auf diesen Seiten nach den allgemeinen Gesetzen verantwortlich. Wir sind als Diensteanbieter jedoch nicht verpflichtet, \u00fcbermittelte oder gespeicherte fremde Informationen zu \u00fcberwachen oder nach Umst\u00e4nden zu forschen, die auf eine rechtswidrige T\u00e4tigkeit hinweisen.<br><br>Verpflichtungen zur Entfernung oder Sperrung der Nutzung von Informationen nach den allgemeinen Gesetzen bleiben hiervon unber\u00fchrt. Eine diesbez\u00fcgliche Haftung ist jedoch erst ab dem Zeitpunkt der Kenntnis einer konkreten Rechtsverletzung m\u00f6glich. Bei Bekanntwerden von entsprechenden Rechtsverletzungen werden wir diese Inhalte umgehend entfernen.\n<\/div><h2 class=\"bde-heading-3882-138 bde-heading\">\nHaftung f\u00fcr Links\n<\/h2><div class=\"bde-text-3882-139 bde-text\">\nUnser Angebot enth\u00e4lt Links zu externen Websites Dritter, auf deren Inhalte wir keinen Einfluss haben. Deshalb k\u00f6nnen wir f\u00fcr diese fremden Inhalte auch keine Gew\u00e4hr \u00fcbernehmen. F\u00fcr die Inhalte der verlinkten Seiten ist stets der jeweilige Anbieter oder Betreiber der Seiten verantwortlich. Die verlinkten Seiten wurden zum Zeitpunkt der Verlinkung auf m\u00f6gliche Rechtsverst\u00f6\u00dfe \u00fcberpr\u00fcft. Rechtswidrige Inhalte waren zum Zeitpunkt der Verlinkung nicht erkennbar.<br><br>Eine permanente inhaltliche Kontrolle der verlinkten Seiten ist jedoch ohne konkrete Anhaltspunkte einer Rechtsverletzung nicht zumutbar. Bei Bekanntwerden von Rechtsverletzungen werden wir derartige Links umgehend entfernen.\n<\/div><h2 class=\"bde-heading-3882-140 bde-heading\">\nUrheberrecht\n<\/h2><div class=\"bde-text-3882-141 bde-text\">\nDie durch die Seitenbetreiber erstellten Inhalte und Werke auf diesen Seiten unterliegen dem deutschen Urheberrecht. Die Vervielf\u00e4ltigung, Bearbeitung, Verbreitung und jede Art der Verwertung au\u00dferhalb der Grenzen des Urheberrechtes bed\u00fcrfen der schriftlichen Zustimmung des jeweiligen Autors bzw. Erstellers. Downloads und Kopien dieser Seite sind nur f\u00fcr den privaten, nicht kommerziellen Gebrauch gestattet.<br><br>Soweit die Inhalte auf dieser Seite nicht vom Betreiber erstellt wurden, werden die Urheberrechte Dritter beachtet. Insbesondere werden Inhalte Dritter als solche gekennzeichnet. Sollten Sie trotzdem auf eine Urheberrechtsverletzung aufmerksam werden, bitten wir um einen entsprechenden Hinweis. Bei Bekanntwerden von Rechtsverletzungen werden wir derartige Inhalte umgehend entfernen.\n<\/div><\/div>\n<\/section><section class=\"bde-section-3882-121 bde-section\">\n  \n  \n\t\n\n\n\n<div class=\"section-container\"><div class=\"bde-columns-3882-122 bde-columns\"><div class=\"bde-column-3882-123 bde-column\">\n  \n  \n\t\n\n\n\n<h3 class=\"bde-heading-3882-124 bde-heading\">\nKontakt\n<\/h3><div class=\"bde-rich-text-3882-125 bde-rich-text breakdance-rich-text-styles\">\n<p>Lebenshilfe Stuttgart e.V.<br \/>Ernsthaldenstra\u00dfe 39<br \/>70565 Stuttgart<\/p><p>Telefon: 0711 31 097-125<br \/>E-Mail:\u00a0<a title=\"Verein E-Mail\" href=\"mailto:%20verein@lebenshilfe-stuttgart.de\">verein@lebenshilfe-stuttgart.de<\/a><\/p>\n<\/div>\n<\/div><\/div><\/div>\n<\/section>","protected":false},"excerpt":{"rendered":"<p>Impressum der Webseite der Lebenshilfe Stuttgart www.lebenshilfe-stuttgart.de<\/p>","protected":false},"author":2,"featured_media":0,"parent":0,"menu_order":0,"comment_status":"closed","ping_status":"closed","template":"","meta":{"_acf_changed":false,"_breakdance_hide_in_design_set":false,"_breakdance_tags":"","footnotes":""},"folder":[],"class_list":["post-3882","page","type-page","status-publish","hentry"],"acf":[],"_links":{"self":[{"href":"https:\/\/www.lebenshilfe-stuttgart.de\/de_leicht\/wp-json\/wp\/v2\/pages\/3882","targetHints":{"allow":["GET"]}}],"collection":[{"href":"https:\/\/www.lebenshilfe-stuttgart.de\/de_leicht\/wp-json\/wp\/v2\/pages"}],"about":[{"href":"https:\/\/www.lebenshilfe-stuttgart.de\/de_leicht\/wp-json\/wp\/v2\/types\/page"}],"author":[{"embeddable":true,"href":"https:\/\/www.lebenshilfe-stuttgart.de\/de_leicht\/wp-json\/wp\/v2\/users\/2"}],"replies":[{"embeddable":true,"href":"https:\/\/www.lebenshilfe-stuttgart.de\/de_leicht\/wp-json\/wp\/v2\/comments?post=3882"}],"version-history":[{"count":15,"href":"https:\/\/www.lebenshilfe-stuttgart.de\/de_leicht\/wp-json\/wp\/v2\/pages\/3882\/revisions"}],"predecessor-version":[{"id":19775,"href":"https:\/\/www.lebenshilfe-stuttgart.de\/de_leicht\/wp-json\/wp\/v2\/pages\/3882\/revisions\/19775"}],"wp:attachment":[{"href":"https:\/\/www.lebenshilfe-stuttgart.de\/de_leicht\/wp-json\/wp\/v2\/media?parent=3882"}],"wp:term":[{"taxonomy":"folder","embeddable":true,"href":"https:\/\/www.lebenshilfe-stuttgart.de\/de_leicht\/wp-json\/wp\/v2\/folder?post=3882"}],"curies":[{"name":"wp","href":"https:\/\/api.w.org\/{rel}","templated":true}]}}