{"id":6728,"date":"2021-10-01T16:15:14","date_gmt":"2021-10-01T14:15:14","guid":{"rendered":"http:\/\/breakdance.lebenshilfe-stuttgart.de\/?page_id=6728"},"modified":"2026-02-26T10:15:43","modified_gmt":"2026-02-26T09:15:43","slug":"ehrenamt","status":"publish","type":"page","link":"https:\/\/www.lebenshilfe-stuttgart.de\/de_leicht\/ehrenamt\/","title":{"rendered":"Ehrenamt"},"content":{"rendered":"<section class=\"bde-section-6728-100 bde-section\">\n  \n  \n\t\n\n\n\n<div class=\"section-container\"><div class=\"bde-columns-6728-101 bde-columns\"><div class=\"bde-column-6728-102 bde-column\">\n  \n  \n\t\n\n\n\n<div class=\"bde-image-6728-103 bde-image\">\n<figure class=\"breakdance-image breakdance-image--15970\">\n\t<div class=\"breakdance-image-container\">\n\t\t<div class=\"breakdance-image-clip\"><img loading=\"lazy\" decoding=\"async\" class=\"breakdance-image-object\" src=\"https:\/\/www.lebenshilfe-stuttgart.de\/wp-content\/uploads\/2024\/11\/ehrenamt_01_1050.jpg\" width=\"1050\" height=\"700\" srcset=\"https:\/\/www.lebenshilfe-stuttgart.de\/wp-content\/uploads\/2024\/11\/ehrenamt_01_1050.jpg 1050w, https:\/\/www.lebenshilfe-stuttgart.de\/wp-content\/uploads\/2024\/11\/ehrenamt_01_1050-300x200.jpg 300w, https:\/\/www.lebenshilfe-stuttgart.de\/wp-content\/uploads\/2024\/11\/ehrenamt_01_1050-1024x683.jpg 1024w, https:\/\/www.lebenshilfe-stuttgart.de\/wp-content\/uploads\/2024\/11\/ehrenamt_01_1050-768x512.jpg 768w, https:\/\/www.lebenshilfe-stuttgart.de\/wp-content\/uploads\/2024\/11\/ehrenamt_01_1050-600x400.jpg 600w\" sizes=\"auto, (max-width: 1050px) 100vw, 1050px\" alt=\"Ein Mann mit Fu\u00dfball steht auf einem Sportplatz\"><\/div>\n\t<\/div><\/figure>\n\n<\/div>\n<\/div><div class=\"bde-column-6728-104 bde-column\">\n  \n  \n\t\n\n\n\n<h1 class=\"bde-heading-6728-105 bde-heading\">\nKomm zu uns ins Ehrenamt<br>\n<\/h1><div class=\"bde-rich-text-6728-152 bde-rich-text breakdance-rich-text-styles\">\n<p>Ehrenamtlich zu helfen macht Spa\u00df.<br>\nDu entdeckst dabei Neues.<br>\nUnd du hilfst Menschen mit Behinderungen.<br>\nSo k\u00f6nnen sie besser an der Gesellschaft teilhaben.<\/p>\n<p><span style=\"color: #ff0000;\"><strong>HINWEIS<\/strong>: Im Moment pausieren wir die Einarbeitung neuer Ehrenamtlicher.<\/span><\/p>\n<\/div><div class=\"bde-button-6728-107 bde-button\">\n        \n    \n    \n    \n    \n            \n                    \n            \n            \n\n    \n    \n    \n    \n    \n    <a class=\"breakdance-link button-atom button-atom--secondary bde-button__button\" href=\"#anker_mitarbeiten\" target=\"_self\" data-type=\"url\"  >\n\n    \n        <span class=\"button-atom__text\">Jetzt mitarbeiten<\/span>\n\n        \n        \n                <\/a>\n\n    \n\n\n<\/div>\n<\/div><\/div><\/div>\n<\/section><section id=\"anker_foerdergruppen\" class=\"bde-section-6728-108 bde-section\">\n  \n  \n\t\n\n\n\n<div class=\"section-container\"><div class=\"bde-columns-6728-109 bde-columns\"><div class=\"bde-column-6728-110 bde-column\">\n  \n  \n\t\n\n\n\n<h2 class=\"bde-heading-6728-111 bde-heading\">\nDein Ehrenamt bei der Lebenshilfe Stuttgart<br>\n<\/h2><div class=\"bde-text-6728-112 bde-text\">\nBei uns kann jeder Mensch mithelfen.<br>\nDu kannst in vielen Bereichen der Lebenshilfe Stuttgart mithelfen.<br>\nEs ist egal ob du schon Erfahrungen hast.<br>\nDu solltest offen f\u00fcr Neues sein, geduldig sein und einf\u00fchlsam sein.<br>\nWir bieten wir immer wieder Schulungen f\u00fcr unsere ehrenamtlichen Helfer an.<br><br>\n<\/div>\n<\/div><div class=\"bde-column-6728-113 bde-column\">\n  \n  \n\t\n\n\n\n<h2 class=\"bde-heading-6728-120 bde-heading\">\nDeine Mitarbeit k\u00f6nnte so aussehen\n<\/h2><div class=\"bde-rich-text-6728-122 bde-rich-text breakdance-rich-text-styles\">\nWir treffen uns erstmal pers\u00f6nlich.<br>\nDabei besprechen wir verschiedene M\u00f6glichkeiten f\u00fcr deinen Mithilfe.<br>\nDu kannst ab und zu mithelfen wenn wir Hilfe brauchen.<br>\nOder du kannst regelm\u00e4\u00dfig mithelfen.<br>\nZum Beispiel:\n<ul>\n \t<li>Begleitung von Angeboten nach der Arbeit<\/li>\n \t<li>Reisebegleitung bei unseren Urlaubsreisen f\u00fcr Menschen mit Beeintr\u00e4chtigungen<\/li>\n \t<li>Mitgestaltung und Betreuung der Ferienbetreuung von Kindern und Jugendlichen in den Schulferien<\/li>\n \t<li>Freizeitbegleitung von Erwachsenen mit Beeintr\u00e4chtigung ins Kino, Theater, Caf\u00e9, zum gemeinsamen Einkaufen oder zum Friseur<\/li>\n \t<li>Entlastung einer Familie durch die stundenweise Betreuungen eines Kindes mit Beeintr\u00e4chtigung<\/li>\n \t<li>(Freizeit-)Angebote f\u00fcr eine Gruppe in Wohn- und Werkst\u00e4tten der Lebenshilfe Stuttgart<\/li>\n<\/ul>\n<\/div>\n<\/div><\/div><\/div>\n<\/section><section id=\"anker_foerdergruppen\" class=\"bde-section-6728-123 bde-section\">\n  \n  \n\t\n\n\n\n<div class=\"section-container\"><div class=\"bde-columns-6728-124 bde-columns\"><div class=\"bde-column-6728-125 bde-column\">\n  \n  \n\t\n\n\n\n<div class=\"bde-image-6728-129 bde-image\">\n<figure class=\"breakdance-image breakdance-image--15972\">\n\t<div class=\"breakdance-image-container\">\n\t\t<div class=\"breakdance-image-clip\"><img loading=\"lazy\" decoding=\"async\" class=\"breakdance-image-object\" src=\"https:\/\/www.lebenshilfe-stuttgart.de\/wp-content\/uploads\/2024\/11\/ehrenamt_03_1050.jpg\" width=\"1050\" height=\"700\" srcset=\"https:\/\/www.lebenshilfe-stuttgart.de\/wp-content\/uploads\/2024\/11\/ehrenamt_03_1050.jpg 1050w, https:\/\/www.lebenshilfe-stuttgart.de\/wp-content\/uploads\/2024\/11\/ehrenamt_03_1050-300x200.jpg 300w, https:\/\/www.lebenshilfe-stuttgart.de\/wp-content\/uploads\/2024\/11\/ehrenamt_03_1050-1024x683.jpg 1024w, https:\/\/www.lebenshilfe-stuttgart.de\/wp-content\/uploads\/2024\/11\/ehrenamt_03_1050-768x512.jpg 768w, https:\/\/www.lebenshilfe-stuttgart.de\/wp-content\/uploads\/2024\/11\/ehrenamt_03_1050-600x400.jpg 600w\" sizes=\"auto, (max-width: 1050px) 100vw, 1050px\" alt=\"Zwei junge Menschen in einem Zug\"><\/div>\n\t<\/div><\/figure>\n\n<\/div><h2 class=\"bde-heading-6728-126 bde-heading\">\nDas bringst du mit\n<\/h2><div class=\"bde-rich-text-6728-130 bde-rich-text breakdance-rich-text-styles\">\nDu brauchst keine spezielle Ausbildung oder Vorkenntnisse, um dich bei uns ehrenamtlich zu engagieren. Mitbringen solltest du:\n<ul>\n \t<li>Offenheit am Umgang mit Menschen<\/li>\n \t<li>Akzeptanz, Respekt & Verst\u00e4ndnis f\u00fcr Menschen mit unterschiedlichen Lebens- und Verhaltensformen<\/li>\n \t<li>Zeit f\u00fcr gemeinsame Erlebnisse<\/li>\n \t<li>Zuverl\u00e4ssigkeit<\/li>\n<\/ul>\n<\/div>\n<\/div><div class=\"bde-column-6728-128 bde-column\">\n  \n  \n\t\n\n\n\n<div class=\"bde-image-6728-131 bde-image\">\n<figure class=\"breakdance-image breakdance-image--15937\">\n\t<div class=\"breakdance-image-container\">\n\t\t<div class=\"breakdance-image-clip\"><img loading=\"lazy\" decoding=\"async\" class=\"breakdance-image-object\" src=\"https:\/\/www.lebenshilfe-stuttgart.de\/wp-content\/uploads\/2024\/10\/FSJ_01_1050.jpg\" width=\"1050\" height=\"700\" srcset=\"https:\/\/www.lebenshilfe-stuttgart.de\/wp-content\/uploads\/2024\/10\/FSJ_01_1050.jpg 1050w, https:\/\/www.lebenshilfe-stuttgart.de\/wp-content\/uploads\/2024\/10\/FSJ_01_1050-300x200.jpg 300w, https:\/\/www.lebenshilfe-stuttgart.de\/wp-content\/uploads\/2024\/10\/FSJ_01_1050-1024x683.jpg 1024w, https:\/\/www.lebenshilfe-stuttgart.de\/wp-content\/uploads\/2024\/10\/FSJ_01_1050-768x512.jpg 768w, https:\/\/www.lebenshilfe-stuttgart.de\/wp-content\/uploads\/2024\/10\/FSJ_01_1050-600x400.jpg 600w\" sizes=\"auto, (max-width: 1050px) 100vw, 1050px\" alt=\"FSJ bei der Lebenshilfe Stuttgart\"><\/div>\n\t<\/div><\/figure>\n\n<\/div><h2 class=\"bde-heading-6728-132 bde-heading\">\nDas bieten wir dir\n<\/h2><div class=\"bde-rich-text-6728-133 bde-rich-text breakdance-rich-text-styles\">\n<p>Wir unterst\u00fctzen dich vor und w\u00e4hrend deines ehrenamtlichen Engagements und m\u00f6chten deinen Einsatz entsprechend wertsch\u00e4tzen. Wir bieten:<\/p>\n<ul>\n<li>Eine verl\u00e4ssliche Ansprechperson<\/li>\n<li>Umfassende pers\u00f6nliche Information und Beratung<\/li>\n<li>Eine ausf\u00fchrliche Einarbeitung durch Treffen, Seminare und Fortbildungsm\u00f6glichkeiten<\/li>\n<li>Versicherungsschutz<\/li>\n<li>Eine Aufwandsentsch\u00e4digung nach \u00a73 Nr. 26 EStG (bis zu 3.300\u20ac im Jahr)<\/li>\n<li>Eine schriftliche Best\u00e4tigung deines Ehrenamts<\/li>\n<\/ul>\n<\/div>\n<\/div><\/div><\/div>\n<\/section><section id=\"anker_mitarbeiten\" class=\"bde-section-6728-134 bde-section\">\n  \n  \n\t\n\n\n\n<div class=\"section-container\"><div class=\"bde-columns-6728-135 bde-columns\"><div class=\"bde-column-6728-136 bde-column\">\n  \n  \n\t\n\n\n\n<h3 class=\"bde-heading-6728-137 bde-heading\">\nJetzt mithelfen\n<\/h3><div class=\"bde-text-6728-138 bde-text translation-block\">Du m\u00f6chtest Inklusion aktiv mitgestalten und ein sinn\u00b7stiftendes Ehrenamt \u00fcbernehmen?<br>\nOder du m\u00f6chtest dich erst einmal unverbindlich informieren?<br>\nDann melde dich gerne!<\/div>\n<\/div><div class=\"bde-column-6728-144 bde-column\">\n  \n  \n\t\n\n\n\n<div class=\"bde-div-6728-147 bde-div\">\n  \n  \n\t\n\n\n\n<div class=\"bde-image-6728-148 bde-image\">\n<figure class=\"breakdance-image breakdance-image--15973\">\n\t<div class=\"breakdance-image-container\">\n\t\t<div class=\"breakdance-image-clip\"><img loading=\"lazy\" decoding=\"async\" class=\"breakdance-image-object\" src=\"https:\/\/www.lebenshilfe-stuttgart.de\/wp-content\/uploads\/2024\/11\/Witzler-Laura-150x150-1.jpg\" width=\"150\" height=\"150\" sizes=\"auto, (max-width: 150px) 100vw, 150px\" alt=\"Portrait von Laura Hanft, Ehrenamtskoordinatorin der Lebenshilfe Stuttgart\"><\/div>\n\t<\/div><\/figure>\n\n<\/div><div class=\"bde-div-6728-149 bde-div\">\n  \n  \n\t\n\n\n\n<h3 class=\"bde-heading-6728-150 bde-heading\">\nAnsprech\u00b7person Ehrenamts&amp;middotkoordinatorin\n<\/h3><div class=\"bde-rich-text-6728-151 bde-rich-text breakdance-rich-text-styles\">\n<p>Laura Hanft<br \/>Telefon: 0711 89 69 08-44<br \/>E-Mail:\u00a0<a title=\"Ehrenamt E-Mail\" href=\"mailto:ehrenamt@lebenshilfe-stuttgart.de\">ehrenamt@lebenshilfe-stuttgart.de<\/a><\/p>\n<\/div>\n<\/div>\n<\/div>\n<\/div><\/div><\/div>\n<\/section>","protected":false},"excerpt":{"rendered":"<p>Wir freuen uns \u00fcber ehrenamtliche Mitarbeit. Ein freiwilliges Engagement bei der Lebenshilfe Stuttgart ist eine sinnstiftende Aufgabe.<\/p>","protected":false},"author":2,"featured_media":0,"parent":0,"menu_order":0,"comment_status":"closed","ping_status":"closed","template":"","meta":{"_acf_changed":false,"_breakdance_hide_in_design_set":false,"_breakdance_tags":"","footnotes":""},"folder":[],"class_list":["post-6728","page","type-page","status-publish","hentry"],"acf":[],"_links":{"self":[{"href":"https:\/\/www.lebenshilfe-stuttgart.de\/de_leicht\/wp-json\/wp\/v2\/pages\/6728","targetHints":{"allow":["GET"]}}],"collection":[{"href":"https:\/\/www.lebenshilfe-stuttgart.de\/de_leicht\/wp-json\/wp\/v2\/pages"}],"about":[{"href":"https:\/\/www.lebenshilfe-stuttgart.de\/de_leicht\/wp-json\/wp\/v2\/types\/page"}],"author":[{"embeddable":true,"href":"https:\/\/www.lebenshilfe-stuttgart.de\/de_leicht\/wp-json\/wp\/v2\/users\/2"}],"replies":[{"embeddable":true,"href":"https:\/\/www.lebenshilfe-stuttgart.de\/de_leicht\/wp-json\/wp\/v2\/comments?post=6728"}],"version-history":[{"count":77,"href":"https:\/\/www.lebenshilfe-stuttgart.de\/de_leicht\/wp-json\/wp\/v2\/pages\/6728\/revisions"}],"predecessor-version":[{"id":20968,"href":"https:\/\/www.lebenshilfe-stuttgart.de\/de_leicht\/wp-json\/wp\/v2\/pages\/6728\/revisions\/20968"}],"wp:attachment":[{"href":"https:\/\/www.lebenshilfe-stuttgart.de\/de_leicht\/wp-json\/wp\/v2\/media?parent=6728"}],"wp:term":[{"taxonomy":"folder","embeddable":true,"href":"https:\/\/www.lebenshilfe-stuttgart.de\/de_leicht\/wp-json\/wp\/v2\/folder?post=6728"}],"curies":[{"name":"wp","href":"https:\/\/api.w.org\/{rel}","templated":true}]}}