{"id":7214,"date":"2021-10-18T17:22:51","date_gmt":"2021-10-18T15:22:51","guid":{"rendered":"http:\/\/breakdance.lebenshilfe-stuttgart.de\/bildung\/"},"modified":"2025-01-09T13:52:39","modified_gmt":"2025-01-09T12:52:39","slug":"bildung","status":"publish","type":"page","link":"https:\/\/www.lebenshilfe-stuttgart.de\/de_leicht\/bildung\/","title":{"rendered":"Berufliche Bildung"},"content":{"rendered":"<section class=\"bde-section-7214-100 bde-section\">\n  \n  \n\t\n\n\n\n<div class=\"section-container\"><div class=\"bde-columns-7214-101 bde-columns\"><div class=\"bde-column-7214-102 bde-column\">\n  \n  \n\t\n\n\n\n<div class=\"bde-image-7214-104 bde-image\">\n<figure class=\"breakdance-image breakdance-image--15607\">\n\t<div class=\"breakdance-image-container\">\n\t\t<div class=\"breakdance-image-clip\"><img loading=\"lazy\" decoding=\"async\" class=\"breakdance-image-object\" src=\"https:\/\/www.lebenshilfe-stuttgart.de\/wp-content\/uploads\/2024\/10\/Bildung_01_1050.jpg\" width=\"1050\" height=\"700\" srcset=\"https:\/\/www.lebenshilfe-stuttgart.de\/wp-content\/uploads\/2024\/10\/Bildung_01_1050.jpg 1050w, https:\/\/www.lebenshilfe-stuttgart.de\/wp-content\/uploads\/2024\/10\/Bildung_01_1050-300x200.jpg 300w, https:\/\/www.lebenshilfe-stuttgart.de\/wp-content\/uploads\/2024\/10\/Bildung_01_1050-1024x683.jpg 1024w, https:\/\/www.lebenshilfe-stuttgart.de\/wp-content\/uploads\/2024\/10\/Bildung_01_1050-768x512.jpg 768w, https:\/\/www.lebenshilfe-stuttgart.de\/wp-content\/uploads\/2024\/10\/Bildung_01_1050-600x400.jpg 600w\" sizes=\"auto, (max-width: 1050px) 100vw, 1050px\" alt=\"Drei junge Menschen und ein Gruppenleiter sitzen im Berufsbildungsbereich gemeinsam an einem Tisch.\"><\/div>\n\t<\/div><\/figure>\n\n<\/div>\n<\/div><div class=\"bde-column-7214-103 bde-column\">\n  \n  \n\t\n\n\n\n<div class=\"bde-image-7214-309 bde-image\">\n<figure class=\"breakdance-image breakdance-image--15603\">\n\t<div class=\"breakdance-image-container\">\n\t\t<div class=\"breakdance-image-clip\"><img loading=\"lazy\" decoding=\"async\" class=\"breakdance-image-object\" src=\"https:\/\/www.lebenshilfe-stuttgart.de\/wp-content\/uploads\/2024\/10\/Logo_Werkstaetten_Stuttgart.png\" width=\"200\" height=\"49\" sizes=\"auto, (max-width: 200px) 100vw, 200px\" alt=\"Logo der Stuttgarter Werkst\u00e4tten der Lebenshilfe\"><\/div>\n\t<\/div><\/figure>\n\n<\/div><h1 class=\"bde-heading-7214-105 bde-heading\">\nBerufliche Bildung\n<\/h1><div class=\"bde-text-7214-106 bde-text\">\nBildung im Beruf ist uns wichtig.<br>\nNeue Mitarbeiterinnen und Mitarbeiter bekommen bei uns eine Ausbildung.<br>\nUnd wer bei uns arbeitet kann sich immer weiter\u00b7bilden.\n<\/div><div class=\"bde-div-7214-296 bde-div\">\n  \n  \n\t\n\n\n\n<div class=\"bde-button-7214-293 bde-button bde-preset-52693b22-12c9-4498-ae0a-68d537189dbe\">\n        \n    \n    \n    \n    \n            \n                    \n            \n            \n\n    \n    \n    \n    \n    \n    <a class=\"breakdance-link button-atom button-atom--custom bde-button__button\" href=\"#anker_berufliche_bildung\" target=\"_self\" data-type=\"url\"  >\n\n    \n        <span class=\"button-atom__text\">Berufliche Bildung<\/span>\n\n                            \n        \n                <\/a>\n\n    \n\n\n<\/div><div class=\"bde-button-7214-294 bde-button bde-preset-52693b22-12c9-4498-ae0a-68d537189dbe\">\n        \n    \n    \n    \n    \n            \n                    \n            \n            \n\n    \n    \n    \n    \n    \n    <a class=\"breakdance-link button-atom button-atom--custom bde-button__button\" href=\"#anker_qualifizierung\" target=\"_self\" data-type=\"url\"  >\n\n    \n        <span class=\"button-atom__text\">Qualifizierung<\/span>\n\n                            \n        \n                <\/a>\n\n    \n\n\n<\/div><div class=\"bde-button-7214-295 bde-button bde-preset-52693b22-12c9-4498-ae0a-68d537189dbe\">\n        \n    \n    \n    \n    \n            \n                    \n            \n            \n\n    \n    \n    \n    \n    \n    <a class=\"breakdance-link button-atom button-atom--custom bde-button__button\" href=\"#anker_kontakt\" target=\"_self\" data-type=\"url\"  >\n\n    \n        <span class=\"button-atom__text\">Kontakt<\/span>\n\n                            \n        \n                <\/a>\n\n    \n\n\n<\/div>\n<\/div>\n<\/div><\/div><\/div>\n<\/section><section id=\"anker_berufliche_bildung\" class=\"bde-section-7214-107 bde-section\">\n  \n  \n\t\n\n\n\n<div class=\"section-container\"><div class=\"bde-columns-7214-109 bde-columns\"><div class=\"bde-column-7214-110 bde-column\">\n  \n  \n\t\n\n\n\n<h2 class=\"bde-heading-7214-112 bde-heading\">\nBerufs-Bildungs-Bereich\n<\/h2><div class=\"bde-text-7214-113 bde-text translation-block\">Viele Menschen kommen nach der Schule zu uns.<br>\nSie kommen dann zum Berufs\u00b7bildungs\u00b7bereich.<br>\nDort lernen sie viele Dinge die f\u00fcr die Arbeit wichtig sind.<br>\n<br>\nMan kann hier viele Praktika machen.<br>\nDas hei\u00dft: Man kann zur Probe arbeiten.<br>\nMan kann Praktika in allen unseren Arbeits\u00b7bereichen machen.<br>\nMan kann auch Praktika in anderen Firmen machen.<br>\n<br>\nDie Ausbildung dauert ungef\u00e4hr 2 Jahre.<br>\nDie Ausbildung ist f\u00fcr die Menschen mit Behinderung kostenlos.<\/div>\n<\/div><div class=\"bde-column-7214-111 bde-column\">\n  \n  \n\t\n\n\n\n<div class=\"bde-image-7214-117 bde-image\">\n<figure class=\"breakdance-image breakdance-image--15608\">\n\t<div class=\"breakdance-image-container\">\n\t\t<div class=\"breakdance-image-clip\"><img loading=\"lazy\" decoding=\"async\" class=\"breakdance-image-object\" src=\"https:\/\/www.lebenshilfe-stuttgart.de\/wp-content\/uploads\/2024\/10\/Bildung_03_1050.jpg\" width=\"1050\" height=\"700\" srcset=\"https:\/\/www.lebenshilfe-stuttgart.de\/wp-content\/uploads\/2024\/10\/Bildung_03_1050.jpg 1050w, https:\/\/www.lebenshilfe-stuttgart.de\/wp-content\/uploads\/2024\/10\/Bildung_03_1050-300x200.jpg 300w, https:\/\/www.lebenshilfe-stuttgart.de\/wp-content\/uploads\/2024\/10\/Bildung_03_1050-1024x683.jpg 1024w, https:\/\/www.lebenshilfe-stuttgart.de\/wp-content\/uploads\/2024\/10\/Bildung_03_1050-768x512.jpg 768w, https:\/\/www.lebenshilfe-stuttgart.de\/wp-content\/uploads\/2024\/10\/Bildung_03_1050-600x400.jpg 600w\" sizes=\"auto, (max-width: 1050px) 100vw, 1050px\" alt=\"Ein Schraubstock an einem Tisch im Berufsbildungsbereich der Lebenshilfe Stuttgart\"><\/div>\n\t<\/div><\/figure>\n\n<\/div>\n<\/div><\/div><\/div>\n<\/section><section id=\"anker_qualifizierung\" class=\"bde-section-7214-118 bde-section\">\n  \n  \n\t\n\n\n\n<div class=\"section-container\"><div class=\"bde-columns-7214-265 bde-columns\"><div class=\"bde-column-7214-266 bde-column\">\n  \n  \n\t\n\n\n\n<h2 class=\"bde-heading-7214-122 bde-heading\">\nQualifizierungs\u00adma\u00dfnahmen\n<\/h2><div class=\"bde-text-7214-123 bde-text\">\nWer bei uns arbeitet kann immer dazu\u00b7lernen.<br>\nWir bieten viele Kurse f\u00fcr die Menschen die bei uns arbeiten.\n<\/div>\n<\/div><div class=\"bde-column-7214-267 bde-column\">\n  \n  \n\t\n\n\n\n<div class=\"bde-accordion-7214-279 bde-accordion bde-accordion--bordered-bottom\"><div class=\"bde-accordion__content-wrapper-7214-280 bde-accordion__content-wrapper\">\n<h3 class=\"bde-accordion__title-tag\">\n  <button type=\"button\" class=\"bde-accordion__button\" id=\"accordion-button-280\" aria-controls=\"accordion-panel-280\" aria-expanded=\"false\">\n     <span class=\"bde-accordion__title\" >Mobilit\u00e4ts- und Gesundheits\u00adf\u00f6rderung<br><\/span>\n     <span class=\"bde-accordion__icon bde-accordion__icon--default\"><\/span>\n     <span class=\"bde-accordion__icon bde-accordion__icon--active\"><\/span>\n  <\/button>\n<\/h3>\n\n<div role=\"region\" class=\"bde-accordion__panel\" id=\"accordion-panel-280\" aria-labelledby=\"accordion-button-280\">\n    <div class=\"bde-accordion__panel-content\">\n        <ul class=\"bde-basic-list-7214-146 bde-basic-list\">\n  <li  >    \n          Sport\n      <\/li>\n  <li  >    \n          Gymnastik\n      <\/li>\n  <li  >    \n          Bewegte Pause\n      <\/li>\n  <li  >    \n          Trauergruppe\n      <\/li>\n  <li  >    \n          Tiergest\u00fctzte Therapie\n      <\/li>\n  <li  >    \n          Gesundheit und Konsum\n      <\/li>\n<\/ul>\n    <\/div>\n<\/div>\n\n\n\n<\/div><div class=\"bde-accordion__content-wrapper-7214-284 bde-accordion__content-wrapper\">\n<h3 class=\"bde-accordion__title-tag\">\n  <button type=\"button\" class=\"bde-accordion__button\" id=\"accordion-button-284\" aria-controls=\"accordion-panel-284\" aria-expanded=\"false\">\n     <span class=\"bde-accordion__title\" >Alltags- und Sozial\u00adkompetenzen<\/span>\n     <span class=\"bde-accordion__icon bde-accordion__icon--default\"><\/span>\n     <span class=\"bde-accordion__icon bde-accordion__icon--active\"><\/span>\n  <\/button>\n<\/h3>\n\n<div role=\"region\" class=\"bde-accordion__panel\" id=\"accordion-panel-284\" aria-labelledby=\"accordion-button-284\">\n    <div class=\"bde-accordion__panel-content\">\n        <ul class=\"bde-basic-list-7214-147 bde-basic-list\">\n  <li  >    \n          Verkehrstraining\n      <\/li>\n  <li  >    \n          Smartphone-Kurs\n      <\/li>\n  <li  >    \n          Frauencaf\u00e9 \/ M\u00e4nnercaf\u00e9\n      <\/li>\n  <li  >    \n          Wendo\n      <\/li>\n  <li  >    \n          KuKuk\n      <\/li>\n  <li  >    \n          Coolness-Training\n      <\/li>\n  <li  >    \n          Sexualp\u00e4dagogische Angebote\n      <\/li>\n<\/ul>\n    <\/div>\n<\/div>\n\n\n\n<\/div><div class=\"bde-accordion__content-wrapper-7214-286 bde-accordion__content-wrapper\">\n<h3 class=\"bde-accordion__title-tag\">\n  <button type=\"button\" class=\"bde-accordion__button\" id=\"accordion-button-286\" aria-controls=\"accordion-panel-286\" aria-expanded=\"false\">\n     <span class=\"bde-accordion__title\" >Berufliche Qualifizierung<\/span>\n     <span class=\"bde-accordion__icon bde-accordion__icon--default\"><\/span>\n     <span class=\"bde-accordion__icon bde-accordion__icon--active\"><\/span>\n  <\/button>\n<\/h3>\n\n<div role=\"region\" class=\"bde-accordion__panel\" id=\"accordion-panel-286\" aria-labelledby=\"accordion-button-286\">\n    <div class=\"bde-accordion__panel-content\">\n        <ul class=\"bde-basic-list-7214-148 bde-basic-list\">\n  <li  >    \n          Kurs Allgemeiner Arbeitsmarkt\n      <\/li>\n  <li  >    \n          Schulung Flurf\u00f6rderfahrzeuge\n      <\/li>\n  <li  >    \n          Schulung der Sicherheitsbeauftragten\n      <\/li>\n  <li  >    \n          Schulung Arbeitssicherheit\n      <\/li>\n  <li  >    \n          Erste Hilfe Kurs\n      <\/li>\n<\/ul>\n    <\/div>\n<\/div>\n\n\n\n<\/div><div class=\"bde-accordion__content-wrapper-7214-288 bde-accordion__content-wrapper\">\n<h3 class=\"bde-accordion__title-tag\">\n  <button type=\"button\" class=\"bde-accordion__button\" id=\"accordion-button-288\" aria-controls=\"accordion-panel-288\" aria-expanded=\"false\">\n     <span class=\"bde-accordion__title\" >Kultur\u00adtechnische Angebote<\/span>\n     <span class=\"bde-accordion__icon bde-accordion__icon--default\"><\/span>\n     <span class=\"bde-accordion__icon bde-accordion__icon--active\"><\/span>\n  <\/button>\n<\/h3>\n\n<div role=\"region\" class=\"bde-accordion__panel\" id=\"accordion-panel-288\" aria-labelledby=\"accordion-button-288\">\n    <div class=\"bde-accordion__panel-content\">\n        <ul class=\"bde-basic-list-7214-149 bde-basic-list\">\n  <li  >    \n          PC-Kurs\n      <\/li>\n  <li  >    \n          Lesen \/ Schreiben \/ Rechnen\n      <\/li>\n  <li  >    \n          Umgang mit Geld\n      <\/li>\n<\/ul>\n    <\/div>\n<\/div>\n\n\n\n<\/div><div class=\"bde-accordion__content-wrapper-7214-290 bde-accordion__content-wrapper\">\n<h3 class=\"bde-accordion__title-tag\">\n  <button type=\"button\" class=\"bde-accordion__button\" id=\"accordion-button-290\" aria-controls=\"accordion-panel-290\" aria-expanded=\"false\">\n     <span class=\"bde-accordion__title\" >Musisch-Kreative Angebote<\/span>\n     <span class=\"bde-accordion__icon bde-accordion__icon--default\"><\/span>\n     <span class=\"bde-accordion__icon bde-accordion__icon--active\"><\/span>\n  <\/button>\n<\/h3>\n\n<div role=\"region\" class=\"bde-accordion__panel\" id=\"accordion-panel-290\" aria-labelledby=\"accordion-button-290\">\n    <div class=\"bde-accordion__panel-content\">\n        <ul class=\"bde-basic-list-7214-153 bde-basic-list\">\n  <li  >    \n          Kunstwerkstatt\n      <\/li>\n  <li  >    \n          Singen\n      <\/li>\n<\/ul>\n    <\/div>\n<\/div>\n\n\n\n<\/div>\r\n\r\n<\/div>\n<\/div><\/div><\/div>\n<\/section><section id=\"anker_kontakt\" class=\"bde-section-7214-213 bde-section\">\n  \n  \n\t\n\n\n\n<div class=\"section-container\"><div class=\"bde-columns-7214-214 bde-columns\"><div class=\"bde-column-7214-215 bde-column\">\n  \n  \n\t\n\n\n\n<h2 class=\"bde-heading-7214-216 bde-heading\">\nKontakt\n<\/h2><div class=\"bde-text-7214-217 bde-text\">\nWenn Sie bei uns eine Ausbildung machen m\u00f6chten:<br>\nDann laden wir Sie gerne zu einem Gespr\u00e4ch ein.<br>\nSo k\u00f6nnen wir uns kennenlernen.<br>\nUnd wir k\u00f6nnen alles Wichtige besprechen.\n<\/div>\n<\/div><div class=\"bde-column-7214-223 bde-column\">\n  \n  \n\t\n\n\n\n<div class=\"bde-div-7214-304 bde-div\">\n  \n  \n\t\n\n\n\n<div class=\"bde-image-7214-305 bde-image\">\n<figure class=\"breakdance-image breakdance-image--15609\">\n\t<div class=\"breakdance-image-container\">\n\t\t<div class=\"breakdance-image-clip\"><img loading=\"lazy\" decoding=\"async\" class=\"breakdance-image-object\" src=\"https:\/\/www.lebenshilfe-stuttgart.de\/wp-content\/uploads\/2024\/10\/Schwab_frank-1-150x150-1.jpg\" width=\"150\" height=\"150\" sizes=\"auto, (max-width: 150px) 100vw, 150px\" alt=\"Portrait von Frank Schwab, Leiter des Fachdienst Teilhabe der Lebenshilfe Stuttgart\"><\/div>\n\t<\/div><\/figure>\n\n<\/div><div class=\"bde-div-7214-306 bde-div\">\n  \n  \n\t\n\n\n\n<h3 class=\"bde-heading-7214-307 bde-heading\">\nAnsprech\u00b7person f\u00fcr berufliche Bildung\n<\/h3><div class=\"bde-rich-text-7214-308 bde-rich-text breakdance-rich-text-styles\">\nFrank Schwab<br>\nTelefon: 0711 89 69 08 43<br>\nE-Mail: <a title=\"Frank Schwab E-Mail\" href=\"mailto:f.schwab@lebenshilfe-stuttgart.de\">f.schwab@lebenshilfe-stuttgart.de<\/a>\n<\/div>\n<\/div>\n<\/div>\n<\/div><\/div><\/div>\n<\/section><section class=\"bde-section-7214-193 bde-section\">\n  \n  \n\t\n\n\n\n<div class=\"section-container\"><div class=\"bde-columns-7214-194 bde-columns\"><div class=\"bde-column-7214-195 bde-column\">\n  \n  \n\t\n\n\n\n<h3 class=\"bde-heading-7214-199 bde-heading\">\nGesch\u00e4fts\u00b7stelle der Stuttgarter Werkst\u00e4tten\n<\/h3><div class=\"bde-text-7214-200 bde-text\">\nStuttgarter Werkst\u00e4tten<br>Ernsthaldenstra\u00dfe 39<br>70565 Stuttgart-Vaihingen\n<\/div>\n<\/div><div class=\"bde-column-7214-196 bde-column\">\n  \n  \n\t\n\n\n\n<h3 class=\"bde-heading-7214-201 bde-heading\">\nWerkstatt in<br>Stuttgart-Vaihingen\n<\/h3><div class=\"bde-text-7214-202 bde-text\">\nStuttgarter Werkst\u00e4tten<br>Jurastra\u00dfe 34<br>70565 Stuttgart-Vaihingen\n<\/div>\n<\/div><div class=\"bde-column-7214-197 bde-column\">\n  \n  \n\t\n\n\n\n<h3 class=\"bde-heading-7214-203 bde-heading\">\nWerkstatt am<br>L\u00f6wentor\n<\/h3><div class=\"bde-text-7214-204 bde-text\">\nStuttgarter Werkst\u00e4tten<br>L\u00f6wentorstra\u00dfe 18-20<br>70191 Stuttgart-Nord\n<\/div>\n<\/div><div class=\"bde-column-7214-198 bde-column\">\n  \n  \n\t\n\n\n\n<div class=\"bde-image-7214-205 bde-image\">\n<figure class=\"breakdance-image breakdance-image--15614\">\n\t<div class=\"breakdance-image-container\">\n\t\t<div class=\"breakdance-image-clip\"><img loading=\"lazy\" decoding=\"async\" class=\"breakdance-image-object\" src=\"https:\/\/www.lebenshilfe-stuttgart.de\/wp-content\/uploads\/2024\/10\/th-150x150.png\" width=\"150\" height=\"150\" srcset=\"https:\/\/www.lebenshilfe-stuttgart.de\/wp-content\/uploads\/2024\/10\/th-150x150.png 150w, https:\/\/www.lebenshilfe-stuttgart.de\/wp-content\/uploads\/2024\/10\/th.png 235w\" sizes=\"auto, (max-width: 150px) 100vw, 150px\" alt=\"Zertifizierungs-Siegel ZertSozial\"><\/div>\n\t<\/div><\/figure>\n\n<\/div>\n<\/div><\/div><\/div>\n<\/section>","protected":false},"excerpt":{"rendered":"<p>Die Lebenshilfe Stuttgart bietet berufliche Bildung f\u00fcr neue Mitarbeitende mit Behinderung als Br\u00fccke zum Arbeitsbereich der Werkst\u00e4tten.<\/p>","protected":false},"author":2,"featured_media":0,"parent":0,"menu_order":0,"comment_status":"closed","ping_status":"closed","template":"","meta":{"_acf_changed":false,"_breakdance_hide_in_design_set":false,"_breakdance_tags":"","footnotes":""},"folder":[],"class_list":["post-7214","page","type-page","status-publish","hentry"],"acf":[],"_links":{"self":[{"href":"https:\/\/www.lebenshilfe-stuttgart.de\/de_leicht\/wp-json\/wp\/v2\/pages\/7214","targetHints":{"allow":["GET"]}}],"collection":[{"href":"https:\/\/www.lebenshilfe-stuttgart.de\/de_leicht\/wp-json\/wp\/v2\/pages"}],"about":[{"href":"https:\/\/www.lebenshilfe-stuttgart.de\/de_leicht\/wp-json\/wp\/v2\/types\/page"}],"author":[{"embeddable":true,"href":"https:\/\/www.lebenshilfe-stuttgart.de\/de_leicht\/wp-json\/wp\/v2\/users\/2"}],"replies":[{"embeddable":true,"href":"https:\/\/www.lebenshilfe-stuttgart.de\/de_leicht\/wp-json\/wp\/v2\/comments?post=7214"}],"version-history":[{"count":90,"href":"https:\/\/www.lebenshilfe-stuttgart.de\/de_leicht\/wp-json\/wp\/v2\/pages\/7214\/revisions"}],"predecessor-version":[{"id":17029,"href":"https:\/\/www.lebenshilfe-stuttgart.de\/de_leicht\/wp-json\/wp\/v2\/pages\/7214\/revisions\/17029"}],"wp:attachment":[{"href":"https:\/\/www.lebenshilfe-stuttgart.de\/de_leicht\/wp-json\/wp\/v2\/media?parent=7214"}],"wp:term":[{"taxonomy":"folder","embeddable":true,"href":"https:\/\/www.lebenshilfe-stuttgart.de\/de_leicht\/wp-json\/wp\/v2\/folder?post=7214"}],"curies":[{"name":"wp","href":"https:\/\/api.w.org\/{rel}","templated":true}]}}