{"id":7219,"date":"2021-10-18T17:28:51","date_gmt":"2021-10-18T15:28:51","guid":{"rendered":"http:\/\/breakdance.lebenshilfe-stuttgart.de\/?page_id=7219"},"modified":"2026-03-19T15:30:26","modified_gmt":"2026-03-19T14:30:26","slug":"foerdergruppen","status":"publish","type":"page","link":"https:\/\/www.lebenshilfe-stuttgart.de\/de_leicht\/foerdergruppen\/","title":{"rendered":"F\u00f6rder\u00b7gruppen"},"content":{"rendered":"<section class=\"bde-section-7219-100 bde-section\">\n  \n  \n\t\n\n\n\n<div class=\"section-container\"><div class=\"bde-columns-7219-101 bde-columns\"><div class=\"bde-column-7219-102 bde-column\">\n  \n  \n\t\n\n\n\n<div class=\"bde-image-7219-103 bde-image\">\n<figure class=\"breakdance-image breakdance-image--15663\">\n\t<div class=\"breakdance-image-container\">\n\t\t<div class=\"breakdance-image-clip\"><img loading=\"lazy\" decoding=\"async\" class=\"breakdance-image-object\" src=\"https:\/\/www.lebenshilfe-stuttgart.de\/wp-content\/uploads\/2024\/10\/FuB_03_1050.jpg\" width=\"1050\" height=\"700\" srcset=\"https:\/\/www.lebenshilfe-stuttgart.de\/wp-content\/uploads\/2024\/10\/FuB_03_1050.jpg 1050w, https:\/\/www.lebenshilfe-stuttgart.de\/wp-content\/uploads\/2024\/10\/FuB_03_1050-300x200.jpg 300w, https:\/\/www.lebenshilfe-stuttgart.de\/wp-content\/uploads\/2024\/10\/FuB_03_1050-1024x683.jpg 1024w, https:\/\/www.lebenshilfe-stuttgart.de\/wp-content\/uploads\/2024\/10\/FuB_03_1050-768x512.jpg 768w, https:\/\/www.lebenshilfe-stuttgart.de\/wp-content\/uploads\/2024\/10\/FuB_03_1050-600x400.jpg 600w\" sizes=\"auto, (max-width: 1050px) 100vw, 1050px\" alt=\"Ein lachender Mensch sitzt neben einer Betreuerin in einer F\u00f6rdergruppe.\"><\/div>\n\t<\/div><\/figure>\n\n<\/div>\n<\/div><div class=\"bde-column-7219-104 bde-column\">\n  \n  \n\t\n\n\n\n<div class=\"bde-image-7219-157 bde-image\">\n<figure class=\"breakdance-image breakdance-image--15603\">\n\t<div class=\"breakdance-image-container\">\n\t\t<div class=\"breakdance-image-clip\"><img loading=\"lazy\" decoding=\"async\" class=\"breakdance-image-object\" src=\"https:\/\/www.lebenshilfe-stuttgart.de\/wp-content\/uploads\/2024\/10\/Logo_Werkstaetten_Stuttgart.png\" width=\"200\" height=\"49\" sizes=\"auto, (max-width: 200px) 100vw, 200px\" alt=\"Logo der Stuttgarter Werkst\u00e4tten der Lebenshilfe\"><\/div>\n\t<\/div><\/figure>\n\n<\/div><h1 class=\"bde-heading-7219-105 bde-heading\">\nF\u00f6rder\u00b7gruppen\n<\/h1><div class=\"bde-text-7219-106 bde-text\">\nManche Menschen k\u00f6nnen nicht in einer Arbeits\u00b7gruppe arbeiten.<br>\nDiese Menschen werden bei uns im F\u00f6rder\u00b7gruppen betreut.\n<\/div><div class=\"bde-div-7219-107 bde-div\">\n  \n  \n\t\n\n\n\n<div class=\"bde-button-7219-110 bde-button bde-preset-52693b22-12c9-4498-ae0a-68d537189dbe\">\n        \n    \n    \n    \n    \n            \n                    \n            \n            \n\n    \n    \n    \n    \n    \n    <a class=\"breakdance-link button-atom button-atom--custom bde-button__button\" href=\"#anker_foerdergruppen\" target=\"_self\" data-type=\"url\"  >\n\n    \n        <span class=\"button-atom__text\">F\u00f6rder\u00b7gruppen<\/span>\n\n                            \n        \n                <\/a>\n\n    \n\n\n<\/div><div class=\"bde-button-7219-144 bde-button bde-preset-52693b22-12c9-4498-ae0a-68d537189dbe\">\n        \n    \n    \n    \n    \n            \n                    \n            \n            \n\n    \n    \n    \n    \n    \n    <a class=\"breakdance-link button-atom button-atom--custom bde-button__button\" href=\"#anker_kontakt\" target=\"_self\" data-type=\"url\"  >\n\n    \n        <span class=\"button-atom__text\">Kontakt<\/span>\n\n                            \n        \n                <\/a>\n\n    \n\n\n<\/div>\n<\/div>\n<\/div><\/div><\/div>\n<\/section><section id=\"anker_foerdergruppen\" class=\"bde-section-7219-111 bde-section\">\n  \n  \n\t\n\n\n\n<div class=\"section-container\"><div class=\"bde-columns-7219-112 bde-columns\"><div class=\"bde-column-7219-113 bde-column\">\n  \n  \n\t\n\n\n\n<h2 class=\"bde-heading-7219-114 bde-heading\">\nF\u00f6rder\u00b7gruppen\n<\/h2><div class=\"bde-text-7219-115 bde-text translation-block\">In den F\u00f6rder\u00b7gruppen lernen Menschen Dinge f\u00fcr den Alltag.<br>\nSie machen Sport f\u00fcr den K\u00f6rper.<br>\nUnd sie machen \u00dcbungen f\u00fcr das Gehirn.<br>\nSie k\u00f6nnen sich auch viel ausruhen.<br>\n<br>\nManche Menschen k\u00f6nnen sp\u00e4ter in den Bildungs\u00b7bereicht wechseln.<br>\nOder in einem Arbeits\u00b7bereich arbeiten.<br>\n<br>\nWir haben eine Therapie mit Tieren.<br>\nAndere Therapien kann man in unserem Haus machen.<br>\nZum Beispiel: Logop\u00e4die (Training der Sprache)<br>\nOder Ergotherapie (Training der Bewegung).<br><br>\nDaf\u00fcr braucht man dann ein Rezept von einer \u00c4rztin oder einem Arzt.<\/div>\n<\/div><div class=\"bde-column-7219-116 bde-column\">\n  \n  \n\t\n\n\n\n<div class=\"bde-video-7219-118 bde-video\">\n<div class=\"ee-video-container\">\n                                                                        \n                <lite-youtube\n                        videoid=\"q6isQ9T15PU\"\n                                                style=\"background-image: url(https:\/\/i.ytimg.com\/vi\/q6isQ9T15PU\/maxresdefault.jpg); \"\n                        class=\"ee-video\"\n                        title=\"\"\n                        params=\"&playsinline=0&rel=0&enablejsapi=1\"\n                >\n                <\/lite-youtube>\n                    \n        \n            \n    <\/div>\n\n<\/div>\n<\/div><\/div><\/div>\n<\/section><section id=\"anker_kontakt\" class=\"bde-section-7219-119 bde-section\">\n  \n  \n\t\n\n\n\n<div class=\"section-container\"><div class=\"bde-columns-7219-120 bde-columns\"><div class=\"bde-column-7219-121 bde-column\">\n  \n  \n\t\n\n\n\n<h2 class=\"bde-heading-7219-122 bde-heading\">\nKontakt\n<\/h2><div class=\"bde-text-7219-123 bde-text\">\nM\u00f6chten Sie einen Platz in einer F\u00f6rder\u00b7gruppe:<br>\nDann laden wir Sie gerne zu einem Gespr\u00e4ch ein.<br>\nSo k\u00f6nnen wir uns kennen\u00b7lernen.<br>\nUnd wir k\u00f6nnen alle n\u00f6tigen Schritte besprechen.\n<\/div>\n<\/div><div class=\"bde-column-7219-124 bde-column\">\n  \n  \n\t\n\n\n\n<div class=\"bde-div-7219-152 bde-div\">\n  \n  \n\t\n\n\n\n<div class=\"bde-image-7219-153 bde-image\">\n<figure class=\"breakdance-image breakdance-image--21068\">\n\t<div class=\"breakdance-image-container\">\n\t\t<div class=\"breakdance-image-clip\"><img loading=\"lazy\" decoding=\"async\" class=\"breakdance-image-object\" src=\"https:\/\/www.lebenshilfe-stuttgart.de\/wp-content\/uploads\/2026\/03\/Boening-Moritz-150x150-1.jpg\" width=\"150\" height=\"150\" srcset=\"https:\/\/www.lebenshilfe-stuttgart.de\/wp-content\/uploads\/2026\/03\/Boening-Moritz-150x150-1.jpg 150w, https:\/\/www.lebenshilfe-stuttgart.de\/wp-content\/uploads\/2026\/03\/Boening-Moritz-150x150-1-12x12.jpg 12w, https:\/\/www.lebenshilfe-stuttgart.de\/wp-content\/uploads\/2026\/03\/Boening-Moritz-150x150-1-50x50.jpg 50w, https:\/\/www.lebenshilfe-stuttgart.de\/wp-content\/uploads\/2026\/03\/Boening-Moritz-150x150-1-100x100.jpg 100w\" sizes=\"auto, (max-width: 150px) 100vw, 150px\"><\/div>\n\t<\/div><\/figure>\n\n<\/div><div class=\"bde-div-7219-154 bde-div\">\n  \n  \n\t\n\n\n\n<h3 class=\"bde-heading-7219-155 bde-heading\">\nLeitung F\u00f6rdergruppen Fachdienst Teilhabe\n<\/h3><div class=\"bde-rich-text-7219-156 bde-rich-text breakdance-rich-text-styles\">\n<p>Moritz B\u00f6ning<br \/>Telefon: 0173 57 50 579<br \/>E-Mail: <a title=\"Stefanie Spornhauer E-Mail\" href=\"mailto:M.Boening@lebenshilfe-stuttgart.de\">M.Boening@lebenshilfe-stuttgart.de<\/a><\/p>\n<\/div>\n<\/div>\n<\/div>\n<\/div><\/div><\/div>\n<\/section><section class=\"bde-section-7219-131 bde-section\">\n  \n  \n\t\n\n\n\n<div class=\"section-container\"><div class=\"bde-columns-7219-132 bde-columns\"><div class=\"bde-column-7219-133 bde-column\">\n  \n  \n\t\n\n\n\n<h3 class=\"bde-heading-7219-134 bde-heading\">\nF\u00f6rder\u00b7gruppen in Stuttgart-Vaihingen\n<\/h3><div class=\"bde-text-7219-135 bde-text\">\nStuttgarter Werkst\u00e4tten<br>Ernsthaldenstra\u00dfe 39<br>70565 Stuttgart-Vaihingen\n<\/div>\n<\/div><div class=\"bde-column-7219-136 bde-column\">\n  \n  \n\t\n\n\n\n<h3 class=\"bde-heading-7219-137 bde-heading\">\nF\u00f6rder\u00b7gruppen am L\u00f6wentor\n<\/h3><div class=\"bde-text-7219-138 bde-text\">\nStuttgarter Werkst\u00e4tten<br>L\u00f6wen\u00adtor\u00adstra\u00dfe 18-20<br>70191 Stuttgart-Nord\n<\/div>\n<\/div><\/div><\/div>\n<\/section>","protected":false},"excerpt":{"rendered":"<p>Menschen, die nicht in einer Arbeits\u00adgruppe t\u00e4tig sein k\u00f6nnen, werden bei uns in besonderen F\u00f6rdergruppen betreut.<\/p>","protected":false},"author":2,"featured_media":0,"parent":0,"menu_order":0,"comment_status":"closed","ping_status":"closed","template":"","meta":{"_acf_changed":false,"_breakdance_hide_in_design_set":false,"_breakdance_tags":"","footnotes":""},"folder":[],"class_list":["post-7219","page","type-page","status-publish","hentry"],"acf":[],"_links":{"self":[{"href":"https:\/\/www.lebenshilfe-stuttgart.de\/de_leicht\/wp-json\/wp\/v2\/pages\/7219","targetHints":{"allow":["GET"]}}],"collection":[{"href":"https:\/\/www.lebenshilfe-stuttgart.de\/de_leicht\/wp-json\/wp\/v2\/pages"}],"about":[{"href":"https:\/\/www.lebenshilfe-stuttgart.de\/de_leicht\/wp-json\/wp\/v2\/types\/page"}],"author":[{"embeddable":true,"href":"https:\/\/www.lebenshilfe-stuttgart.de\/de_leicht\/wp-json\/wp\/v2\/users\/2"}],"replies":[{"embeddable":true,"href":"https:\/\/www.lebenshilfe-stuttgart.de\/de_leicht\/wp-json\/wp\/v2\/comments?post=7219"}],"version-history":[{"count":56,"href":"https:\/\/www.lebenshilfe-stuttgart.de\/de_leicht\/wp-json\/wp\/v2\/pages\/7219\/revisions"}],"predecessor-version":[{"id":21069,"href":"https:\/\/www.lebenshilfe-stuttgart.de\/de_leicht\/wp-json\/wp\/v2\/pages\/7219\/revisions\/21069"}],"wp:attachment":[{"href":"https:\/\/www.lebenshilfe-stuttgart.de\/de_leicht\/wp-json\/wp\/v2\/media?parent=7219"}],"wp:term":[{"taxonomy":"folder","embeddable":true,"href":"https:\/\/www.lebenshilfe-stuttgart.de\/de_leicht\/wp-json\/wp\/v2\/folder?post=7219"}],"curies":[{"name":"wp","href":"https:\/\/api.w.org\/{rel}","templated":true}]}}