{"id":9086,"date":"2022-01-24T17:30:21","date_gmt":"2022-01-24T16:30:21","guid":{"rendered":"http:\/\/breakdance.lebenshilfe-stuttgart.de\/sexualpaedagogik\/"},"modified":"2026-01-21T08:45:08","modified_gmt":"2026-01-21T07:45:08","slug":"sexualpaedagogik","status":"publish","type":"page","link":"https:\/\/www.lebenshilfe-stuttgart.de\/de_leicht\/sexualpaedagogik\/","title":{"rendered":"Sexual\u00b7p\u00e4dagogische Beratung"},"content":{"rendered":"<section class=\"bde-section-9086-100 bde-section\">\n  \n  \n\t\n\n\n\n<div class=\"section-container\"><div class=\"bde-columns-9086-101 bde-columns\"><div class=\"bde-column-9086-102 bde-column\">\n  \n  \n\t\n\n\n\n<div class=\"bde-image-9086-103 bde-image\">\n<figure class=\"breakdance-image breakdance-image--15785\">\n\t<div class=\"breakdance-image-container\">\n\t\t<div class=\"breakdance-image-clip\"><img loading=\"lazy\" decoding=\"async\" class=\"breakdance-image-object\" src=\"https:\/\/www.lebenshilfe-stuttgart.de\/wp-content\/uploads\/2024\/10\/sexualpaedagogik_01_1050.jpg\" width=\"1050\" height=\"700\" srcset=\"https:\/\/www.lebenshilfe-stuttgart.de\/wp-content\/uploads\/2024\/10\/sexualpaedagogik_01_1050.jpg 1050w, https:\/\/www.lebenshilfe-stuttgart.de\/wp-content\/uploads\/2024\/10\/sexualpaedagogik_01_1050-300x200.jpg 300w, https:\/\/www.lebenshilfe-stuttgart.de\/wp-content\/uploads\/2024\/10\/sexualpaedagogik_01_1050-1024x683.jpg 1024w, https:\/\/www.lebenshilfe-stuttgart.de\/wp-content\/uploads\/2024\/10\/sexualpaedagogik_01_1050-768x512.jpg 768w, https:\/\/www.lebenshilfe-stuttgart.de\/wp-content\/uploads\/2024\/10\/sexualpaedagogik_01_1050-600x400.jpg 600w\" sizes=\"auto, (max-width: 1050px) 100vw, 1050px\" alt=\"Ein junger Mann k\u00fcsst eine junge Frau\"><\/div>\n\t<\/div><\/figure>\n\n<\/div>\n<\/div><div class=\"bde-column-9086-104 bde-column\">\n  \n  \n\t\n\n\n\n<h1 class=\"bde-heading-9086-106 bde-heading\">\nSexual\u00b7p\u00e4dagogik \u2013 Unser Beratungs\u00b7angebot\n<\/h1><div class=\"bde-text-9086-107 bde-text\">\nMenschen mit Behinderung und Sexualit\u00e4t: Das war lange ein Tabuthema.<br>\nAlso ein Thema \u00fcber das man nicht reden wollte.<br>\n<br>\nDas hat sich allerdings ge\u00e4ndert.\n<br>Unser Konzept zur Sexual\u00b7p\u00e4dagogik k\u00f6nnen Sie hier kosten\u00b7frei herunterladen.\n<\/div><div class=\"bde-div-9086-108 bde-div\">\n  \n  \n\t\n\n\n\n<div class=\"bde-button-9086-109 bde-button bde-preset-52693b22-12c9-4498-ae0a-68d537189dbe\">\n        \n    \n    \n    \n    \n            \n                    \n            \n            \n\n    \n    \n    \n    \n    \n    <a class=\"breakdance-link button-atom button-atom--custom bde-button__button\" href=\"#anker_konzept\" target=\"_self\" data-type=\"url\"  >\n\n    \n        <span class=\"button-atom__text\">Sexual\u00b7p\u00e4dagogisches Konzept<\/span>\n\n                            \n        \n                <\/a>\n\n    \n\n\n<\/div><div class=\"bde-button-9086-111 bde-button bde-preset-52693b22-12c9-4498-ae0a-68d537189dbe\">\n        \n    \n    \n    \n    \n            \n                    \n            \n            \n\n    \n    \n    \n    \n    \n    <a class=\"breakdance-link button-atom button-atom--custom bde-button__button\" href=\"#anker_kontakt\" target=\"_self\" data-type=\"url\"  >\n\n    \n        <span class=\"button-atom__text\">Kontakt<\/span>\n\n                            \n        \n                <\/a>\n\n    \n\n\n<\/div>\n<\/div>\n<\/div><\/div><\/div>\n<\/section><section id=\"anker_konzept\" class=\"bde-section-9086-112 bde-section\">\n  \n  \n\t\n\n\n\n<div class=\"section-container\"><div class=\"bde-columns-9086-113 bde-columns\"><div class=\"bde-column-9086-114 bde-column\">\n  \n  \n\t\n\n\n\n<h2 class=\"bde-heading-9086-115 bde-heading\">\nSexual\u00b7p\u00e4dagogisches Konzept\n<\/h2><div class=\"bde-text-9086-116 bde-text translation-block\">Manche glaubten: Menschen mit Behinderung m\u00f6chten keinen Sex haben.<br>\nManche glaubten auch: Menschen mit Behinderung k\u00f6nnen mit Sex nicht richtig umgehen.<br>\nEgal ob Menschen eine Behinderung haben oder nicht:<br>\nDas Bed\u00fcrfnis nach Sexualit\u00e4t ist sehr unterschiedlich.<br>\nManche Menschen m\u00f6chten keinen Sex haben.<br>\nManche Menschen m\u00f6chten Sex haben.<br>\n<br>\nWir haben ein sexualp\u00e4dagogischen Konzept erstellt.<br>\nSo wollen wir Menschen mit Behinderungen helfen.<br>\nDieses Konzept muss jeder Menschen lesen der f\u00fcr die Lebenshilfe Stuttgart arbeitet.<br>\n<br>\nDas Konzept sollen alle Menschen verstehen.<br>\nDas Konzept soll das Thema Sexualt\u00e4t erkl\u00e4ren.<br>\nUnd das Konzept soll Regeln erkl\u00e4ren:<br>\nWas in Ordnung ist und was nicht in Ordnung ist.<\/div><div class=\"bde-button-9086-145 bde-button\">\n        \n    \n    \n    \n    \n            \n                    \n            \n            \n\n    \n    \n    \n    \n    \n    <a class=\"breakdance-link button-atom button-atom--custom bde-button__button\" href=\"https:\/\/www.lebenshilfe-stuttgart.de\/wp-content\/uploads\/2024\/10\/Broschuere_Sexualpaedagogik.pdf\" target=\"_blank\" data-type=\"url\"  >\n\n    \n        <span class=\"button-atom__text\">Sexual\u00b7p\u00e4dagogisches Konzept<\/span>\n\n                            \n        \n                <\/a>\n\n    \n\n\n<\/div>\n<\/div><div class=\"bde-column-9086-117 bde-column\">\n  \n  \n\t\n\n\n\n<div class=\"bde-image-9086-118 bde-image\">\n<figure class=\"breakdance-image breakdance-image--15786\">\n\t<div class=\"breakdance-image-container\">\n\t\t<div class=\"breakdance-image-clip\"><img loading=\"lazy\" decoding=\"async\" class=\"breakdance-image-object\" src=\"https:\/\/www.lebenshilfe-stuttgart.de\/wp-content\/uploads\/2024\/10\/sexualpaedagogik_02_1050.jpg\" width=\"1050\" height=\"700\" srcset=\"https:\/\/www.lebenshilfe-stuttgart.de\/wp-content\/uploads\/2024\/10\/sexualpaedagogik_02_1050.jpg 1050w, https:\/\/www.lebenshilfe-stuttgart.de\/wp-content\/uploads\/2024\/10\/sexualpaedagogik_02_1050-300x200.jpg 300w, https:\/\/www.lebenshilfe-stuttgart.de\/wp-content\/uploads\/2024\/10\/sexualpaedagogik_02_1050-1024x683.jpg 1024w, https:\/\/www.lebenshilfe-stuttgart.de\/wp-content\/uploads\/2024\/10\/sexualpaedagogik_02_1050-768x512.jpg 768w, https:\/\/www.lebenshilfe-stuttgart.de\/wp-content\/uploads\/2024\/10\/sexualpaedagogik_02_1050-600x400.jpg 600w\" sizes=\"auto, (max-width: 1050px) 100vw, 1050px\" alt=\"Ein Mann im Rollstuhl und eine Frau auf einer Bank schauen sich an\"><\/div>\n\t<\/div><\/figure>\n\n<\/div>\n<\/div><\/div><\/div>\n<\/section><section id=\"anker_kontakt\" class=\"bde-section-9086-119 bde-section\">\n  \n  \n\t\n\n\n\n<div class=\"section-container\"><h2 class=\"bde-heading-9086-146 bde-heading\">\nAnsprech\u00b7personen\n<\/h2><div class=\"bde-columns-9086-120 bde-columns\"><div class=\"bde-column-9086-121 bde-column\">\n  \n  \n\t\n\n\n\n<div class=\"bde-div-9086-135 bde-div\">\n  \n  \n\t\n\n\n\n<div class=\"bde-image-9086-136 bde-image\">\n<figure class=\"breakdance-image breakdance-image--15797\">\n\t<div class=\"breakdance-image-container\">\n\t\t<div class=\"breakdance-image-clip\"><img loading=\"lazy\" decoding=\"async\" class=\"breakdance-image-object\" src=\"https:\/\/www.lebenshilfe-stuttgart.de\/wp-content\/uploads\/2024\/10\/Reinfelder-Theresa-150x150-1.jpg\" width=\"150\" height=\"150\" sizes=\"auto, (max-width: 150px) 100vw, 150px\" alt=\"Portrait von Theresa Reinfelder\"><\/div>\n\t<\/div><\/figure>\n\n<\/div><div class=\"bde-div-9086-137 bde-div\">\n  \n  \n\t\n\n\n\n<h3 class=\"bde-heading-9086-138 bde-heading\">\nSexual\u00b7p\u00e4dagogin\n<\/h3><div class=\"bde-rich-text-9086-139 bde-rich-text breakdance-rich-text-styles\">\nTheresa Reinfelder<br>\nTelefon: 0172 54 90 602<br>\nE-Mail: <a title=\"Theresa Reinfelder E-Mail\" href=\"mailto:t.reinfelder@lebenshilfe-stuttgart.de\">t.reinfelder@lebenshilfe-stuttgart.de<\/a>\n<\/div>\n<\/div>\n<\/div>\n<\/div><div class=\"bde-column-9086-134 bde-column\">\n  \n  \n\t\n\n\n\n<div class=\"bde-div-9086-140 bde-div\">\n  \n  \n\t\n\n\n\n<div class=\"bde-image-9086-141 bde-image\">\n<figure class=\"breakdance-image breakdance-image--15796\">\n\t<div class=\"breakdance-image-container\">\n\t\t<div class=\"breakdance-image-clip\"><img loading=\"lazy\" decoding=\"async\" class=\"breakdance-image-object\" src=\"https:\/\/www.lebenshilfe-stuttgart.de\/wp-content\/uploads\/2024\/10\/Kapp-Tobias-150x150-1.png\" width=\"150\" height=\"150\" sizes=\"auto, (max-width: 150px) 100vw, 150px\" alt=\"Portrait von Tobias Kapp\"><\/div>\n\t<\/div><\/figure>\n\n<\/div><div class=\"bde-div-9086-142 bde-div\">\n  \n  \n\t\n\n\n\n<h3 class=\"bde-heading-9086-143 bde-heading\">\nSexual\u00b7p\u00e4dagoge\n<\/h3><div class=\"bde-rich-text-9086-144 bde-rich-text breakdance-rich-text-styles\">\nTobias Kapp<br>\nTelefon: 0173 54 79 260<br>\nE-Mail: <a title=\"Tobias Kapp E-Mail\" href=\"mailto:t.kapp@lebenshilfe-stuttgart.de\">t.kapp@lebenshilfe-stuttgart.de<\/a>\n<\/div>\n<\/div>\n<\/div>\n<\/div><\/div><\/div>\n<\/section>","protected":false},"excerpt":{"rendered":"<p>Menschen mit Behinderung und Sexualit\u00e4t \u2013 das ist kein Tabuthema mehr. Unsere Beratung zur Sexualp\u00e4dagogik ist f\u00fcr Menschen mit Behinderung und ihre Angeh\u00f6rigen da.<\/p>","protected":false},"author":2,"featured_media":0,"parent":0,"menu_order":0,"comment_status":"closed","ping_status":"closed","template":"","meta":{"_acf_changed":false,"_breakdance_hide_in_design_set":false,"_breakdance_tags":"","footnotes":""},"folder":[],"class_list":["post-9086","page","type-page","status-publish","hentry"],"acf":[],"_links":{"self":[{"href":"https:\/\/www.lebenshilfe-stuttgart.de\/de_leicht\/wp-json\/wp\/v2\/pages\/9086","targetHints":{"allow":["GET"]}}],"collection":[{"href":"https:\/\/www.lebenshilfe-stuttgart.de\/de_leicht\/wp-json\/wp\/v2\/pages"}],"about":[{"href":"https:\/\/www.lebenshilfe-stuttgart.de\/de_leicht\/wp-json\/wp\/v2\/types\/page"}],"author":[{"embeddable":true,"href":"https:\/\/www.lebenshilfe-stuttgart.de\/de_leicht\/wp-json\/wp\/v2\/users\/2"}],"replies":[{"embeddable":true,"href":"https:\/\/www.lebenshilfe-stuttgart.de\/de_leicht\/wp-json\/wp\/v2\/comments?post=9086"}],"version-history":[{"count":54,"href":"https:\/\/www.lebenshilfe-stuttgart.de\/de_leicht\/wp-json\/wp\/v2\/pages\/9086\/revisions"}],"predecessor-version":[{"id":20525,"href":"https:\/\/www.lebenshilfe-stuttgart.de\/de_leicht\/wp-json\/wp\/v2\/pages\/9086\/revisions\/20525"}],"wp:attachment":[{"href":"https:\/\/www.lebenshilfe-stuttgart.de\/de_leicht\/wp-json\/wp\/v2\/media?parent=9086"}],"wp:term":[{"taxonomy":"folder","embeddable":true,"href":"https:\/\/www.lebenshilfe-stuttgart.de\/de_leicht\/wp-json\/wp\/v2\/folder?post=9086"}],"curies":[{"name":"wp","href":"https:\/\/api.w.org\/{rel}","templated":true}]}}