{"id":9285,"date":"2022-01-28T13:48:57","date_gmt":"2022-01-28T12:48:57","guid":{"rendered":"http:\/\/breakdance.lebenshilfe-stuttgart.de\/partner-der-wirtschaft\/"},"modified":"2025-01-15T10:07:27","modified_gmt":"2025-01-15T09:07:27","slug":"partner-der-wirtschaft","status":"publish","type":"page","link":"https:\/\/www.lebenshilfe-stuttgart.de\/de_leicht\/partner-der-wirtschaft\/","title":{"rendered":"Angebot f\u00fcr Unternehmen"},"content":{"rendered":"<section class=\"bde-section-9285-100 bde-section\">\n  \n  \n\t\n\n\n\n<div class=\"section-container\"><div class=\"bde-columns-9285-101 bde-columns\"><div class=\"bde-column-9285-102 bde-column\">\n  \n  \n\t\n\n\n\n<div class=\"bde-image-9285-103 bde-image\">\n<figure class=\"breakdance-image breakdance-image--15633\">\n\t<div class=\"breakdance-image-container\">\n\t\t<div class=\"breakdance-image-clip\"><img loading=\"lazy\" decoding=\"async\" class=\"breakdance-image-object\" src=\"https:\/\/www.lebenshilfe-stuttgart.de\/wp-content\/uploads\/2024\/10\/Arbeit_01_1050.jpg\" width=\"1050\" height=\"700\" srcset=\"https:\/\/www.lebenshilfe-stuttgart.de\/wp-content\/uploads\/2024\/10\/Arbeit_01_1050.jpg 1050w, https:\/\/www.lebenshilfe-stuttgart.de\/wp-content\/uploads\/2024\/10\/Arbeit_01_1050-300x200.jpg 300w, https:\/\/www.lebenshilfe-stuttgart.de\/wp-content\/uploads\/2024\/10\/Arbeit_01_1050-1024x683.jpg 1024w, https:\/\/www.lebenshilfe-stuttgart.de\/wp-content\/uploads\/2024\/10\/Arbeit_01_1050-768x512.jpg 768w, https:\/\/www.lebenshilfe-stuttgart.de\/wp-content\/uploads\/2024\/10\/Arbeit_01_1050-600x400.jpg 600w\" sizes=\"auto, (max-width: 1050px) 100vw, 1050px\" alt=\"Eine l\u00e4chelnde Frau arbeitet in der Elektro-Montage\"><\/div>\n\t<\/div><\/figure>\n\n<\/div>\n<\/div><div class=\"bde-column-9285-104 bde-column\">\n  \n  \n\t\n\n\n\n<div class=\"bde-image-9285-105 bde-image\">\n<figure class=\"breakdance-image breakdance-image--15603\">\n\t<div class=\"breakdance-image-container\">\n\t\t<div class=\"breakdance-image-clip\"><img loading=\"lazy\" decoding=\"async\" class=\"breakdance-image-object\" src=\"https:\/\/www.lebenshilfe-stuttgart.de\/wp-content\/uploads\/2024\/10\/Logo_Werkstaetten_Stuttgart.png\" width=\"200\" height=\"49\" sizes=\"auto, (max-width: 200px) 100vw, 200px\" alt=\"Logo der Stuttgarter Werkst\u00e4tten der Lebenshilfe\"><\/div>\n\t<\/div><\/figure>\n\n<\/div><h1 class=\"bde-heading-9285-106 bde-heading\">\nDie Werkst\u00e4tten der Lebenshilfe als Partner der Wirtschaft\n<\/h1><div class=\"bde-text-9285-107 bde-text\">\nIn den Werkst\u00e4tten der Lebenshilfe Stuttgart arbeiten Menschen mit Behinderungen.<br>\nSie arbeiten an modernen Maschinen oder in Hand\u00b7arbeit.<br>\nAls Partner erledigen wir Auftr\u00e4ge f\u00fcr viele Firmen.<br>\nDas sind zum Beispiel:<br>\nProduktions\u00b7auftr\u00e4ge oder unterschiedliche Dienst\u00b7leistungen.<br>\nGerne arbeiten wir auch f\u00fcr Ihre Firma.\n<\/div><div class=\"bde-div-9285-108 bde-div\">\n  \n  \n\t\n\n\n\n<div class=\"bde-button-9285-109 bde-button bde-preset-52693b22-12c9-4498-ae0a-68d537189dbe\">\n    \n                        \n                        \n    \n    \n    \n    \n            \n                    \n            \n            \n\n    \n    \n    \n    \n    \n    <a class=\"breakdance-link button-atom button-atom--custom bde-button__button\" href=\"#anker_auftraege\" target=\"_self\" data-type=\"url\"  >\n\n    \n        <span class=\"button-atom__text\">Auftr\u00e4ge<\/span>\n\n                            \n        \n                <\/a>\n\n    \n\n\n<\/div><div class=\"bde-button-9285-110 bde-button bde-preset-52693b22-12c9-4498-ae0a-68d537189dbe\">\n    \n                        \n                        \n    \n    \n    \n    \n            \n                    \n            \n            \n\n    \n    \n    \n    \n    \n    <a class=\"breakdance-link button-atom button-atom--custom bde-button__button\" href=\"#anker_arbeitskraefte\" target=\"_self\" data-type=\"url\"  >\n\n    \n        <span class=\"button-atom__text\">Arbeitskr\u00e4fte mit Behinderungen<\/span>\n\n                            \n        \n                <\/a>\n\n    \n\n\n<\/div><div class=\"bde-button-9285-111 bde-button bde-preset-52693b22-12c9-4498-ae0a-68d537189dbe\">\n    \n                        \n                        \n    \n    \n    \n    \n            \n                    \n            \n            \n\n    \n    \n    \n    \n    \n    <a class=\"breakdance-link button-atom button-atom--custom bde-button__button\" href=\"#anker_verantwortung\" target=\"_self\" data-type=\"url\"  >\n\n    \n        <span class=\"button-atom__text\">Soziale Verantwortung<\/span>\n\n                            \n        \n                <\/a>\n\n    \n\n\n<\/div>\n<\/div>\n<\/div><\/div><\/div>\n<\/section><section id=\"anker_auftraege\" class=\"bde-section-9285-113 bde-section\">\n  \n  \n\t\n\n\n\n<div class=\"section-container\"><div class=\"bde-columns-9285-114 bde-columns\"><div class=\"bde-column-9285-115 bde-column\">\n  \n  \n\t\n\n\n\n<h2 class=\"bde-heading-9285-116 bde-heading\">\nWir erledigen Ihren Auftrag\n<\/h2><div class=\"bde-rich-text-9285-166 bde-rich-text breakdance-rich-text-styles\">\n<p>Unsere Mitarbeiterinnen und Mitarbeiter sind motiviert.<br>\nUnd sie sind in ihrem Bereich gut ausgebildet.<br>\nDas Fach\u00b7personal der Werkst\u00e4tten leitet die Mitarbeitenden an.<br>\nWir erledigen Ihre Auftr\u00e4ge sorgf\u00e4ltig, termintreu und in hoher Qualit\u00e4t.<\/p><p class=\"translation-block\"><b>Tipp:<\/b> Reduzieren Sie Ihre Ausgleichs\u00b7abgabe!<br>\nWenn Sie Lohn\u00b7auftr\u00e4gen vergeben oder unsere Eigen\u00b7produkte kaufen k\u00f6nnen Sie 50% unserer Arbeits\u00b7leistung mit Ihrer Ausgleichs\u00b7abgabe verrechnen (\u00a7223 SGB IX).<\/p>\n<\/div><h3 class=\"bde-heading-9285-167 bde-heading\">\nUnsere Kompetenz\n<\/h3><ul class=\"bde-basic-list-9285-168 bde-basic-list\">\n  <li  >    \n          Metall&amp;middotverarbeitung\n      <\/li>\n  <li  >    \n          Holz\u00b7verarbeitung (Schreinerei)\n      <\/li>\n  <li  >    \n          Montage &amp; Elektro&amp;middotmontage\n      <\/li>\n  <li  >    \n          Konfektionierung und Verpackung\n      <\/li>\n  <li  >    \n          Kerzen-Manufaktur\n      <\/li>\n  <li  >    \n          Keramik-Manufaktur\n      <\/li>\n  <li  >    \n          Garten- und Landschafts\u00b7pflege\n      <\/li>\n<\/ul>\n<\/div><div class=\"bde-column-9285-118 bde-column\">\n  \n  \n\t\n\n\n\n<div class=\"bde-image-9285-119 bde-image\">\n<figure class=\"breakdance-image breakdance-image--15837\">\n\t<div class=\"breakdance-image-container\">\n\t\t<div class=\"breakdance-image-clip\"><img loading=\"lazy\" decoding=\"async\" class=\"breakdance-image-object\" src=\"https:\/\/www.lebenshilfe-stuttgart.de\/wp-content\/uploads\/2024\/10\/Werkstatt_mood_4_1050.jpg\" width=\"1050\" height=\"700\" srcset=\"https:\/\/www.lebenshilfe-stuttgart.de\/wp-content\/uploads\/2024\/10\/Werkstatt_mood_4_1050.jpg 1050w, https:\/\/www.lebenshilfe-stuttgart.de\/wp-content\/uploads\/2024\/10\/Werkstatt_mood_4_1050-300x200.jpg 300w, https:\/\/www.lebenshilfe-stuttgart.de\/wp-content\/uploads\/2024\/10\/Werkstatt_mood_4_1050-1024x683.jpg 1024w, https:\/\/www.lebenshilfe-stuttgart.de\/wp-content\/uploads\/2024\/10\/Werkstatt_mood_4_1050-768x512.jpg 768w, https:\/\/www.lebenshilfe-stuttgart.de\/wp-content\/uploads\/2024\/10\/Werkstatt_mood_4_1050-600x400.jpg 600w\" sizes=\"auto, (max-width: 1050px) 100vw, 1050px\" alt=\"Arbeiterinnen in den Werkst\u00e4tten der Lebenshilfe Stuttgart\"><\/div>\n\t<\/div><\/figure>\n\n<\/div><div class=\"bde-div-9285-180 bde-div\">\n  \n  \n\t\n\n\n\n<div class=\"bde-image-9285-181 bde-image\">\n<figure class=\"breakdance-image breakdance-image--15840\">\n\t<div class=\"breakdance-image-container\">\n\t\t<div class=\"breakdance-image-clip\"><img loading=\"lazy\" decoding=\"async\" class=\"breakdance-image-object\" src=\"https:\/\/www.lebenshilfe-stuttgart.de\/wp-content\/uploads\/2024\/10\/Bosse_Uwe-150x150-1.jpg\" width=\"150\" height=\"150\" sizes=\"auto, (max-width: 150px) 100vw, 150px\" alt=\"Portrait von Uwe Bosse, Leiter der Fertigung\"><\/div>\n\t<\/div><\/figure>\n\n<\/div><div class=\"bde-div-9285-182 bde-div\">\n  \n  \n\t\n\n\n\n<h3 class=\"bde-heading-9285-183 bde-heading\">\nAnsprech&amp;middotpartner Fertigung\n<\/h3><div class=\"bde-rich-text-9285-184 bde-rich-text breakdance-rich-text-styles\">\nUwe Bosse<br>\nTelefon: 0711 32 09 72 00<br>\nE-Mail: <a title=\"Uwe Bosse E-Mail\" href=\"mailto:werkstaetten@lebenshilfe-stuttgart.de\">werkstaetten@lebenshilfe-stuttgart.de<\/a>\n<\/div>\n<\/div>\n<\/div>\n<\/div><\/div><div class=\"bde-div-9285-120 bde-div\">\n  \n  \n\t\n\n\n\n<h3 class=\"bde-heading-9285-121 bde-heading\">\nEinige unserer Partner\n<\/h3><div class=\"bde-fancy-divider-9285-122 bde-fancy-divider\">\n\n\n<div class=\"bde-fancy-divider__wrapper\">\n  <div class=\"bde-fancy-divider__separator\">\n  \t  <\/div>\n<\/div>\n\n<\/div>\n<\/div><div class=\"bde-columns-9285-185 bde-columns\"><div class=\"bde-column-9285-186 bde-column\">\n  \n  \n\t\n\n\n\n<div class=\"bde-image-9285-192 bde-image\">\n<figure class=\"breakdance-image breakdance-image--15841\">\n\t<div class=\"breakdance-image-container\">\n\t\t<div class=\"breakdance-image-clip\"><img loading=\"lazy\" decoding=\"async\" class=\"breakdance-image-object\" src=\"https:\/\/www.lebenshilfe-stuttgart.de\/wp-content\/uploads\/2024\/10\/Partner_Endress_Hauser.jpg\" width=\"400\" height=\"277\" srcset=\"https:\/\/www.lebenshilfe-stuttgart.de\/wp-content\/uploads\/2024\/10\/Partner_Endress_Hauser.jpg 400w, https:\/\/www.lebenshilfe-stuttgart.de\/wp-content\/uploads\/2024\/10\/Partner_Endress_Hauser-300x208.jpg 300w\" sizes=\"auto, (max-width: 400px) 100vw, 400px\" alt=\"Endress und Hauser Logo\"><\/div>\n\t<\/div><\/figure>\n\n<\/div>\n<\/div><div class=\"bde-column-9285-187 bde-column\">\n  \n  \n\t\n\n\n\n<div class=\"bde-image-9285-193 bde-image\">\n<figure class=\"breakdance-image breakdance-image--15845\">\n\t<div class=\"breakdance-image-container\">\n\t\t<div class=\"breakdance-image-clip\"><img loading=\"lazy\" decoding=\"async\" class=\"breakdance-image-object\" src=\"https:\/\/www.lebenshilfe-stuttgart.de\/wp-content\/uploads\/2024\/10\/Partner_Rexroth_2.jpg\" width=\"400\" height=\"277\" srcset=\"https:\/\/www.lebenshilfe-stuttgart.de\/wp-content\/uploads\/2024\/10\/Partner_Rexroth_2.jpg 400w, https:\/\/www.lebenshilfe-stuttgart.de\/wp-content\/uploads\/2024\/10\/Partner_Rexroth_2-300x208.jpg 300w\" sizes=\"auto, (max-width: 400px) 100vw, 400px\" alt=\"rexroth Logo\"><\/div>\n\t<\/div><\/figure>\n\n<\/div>\n<\/div><div class=\"bde-column-9285-188 bde-column\">\n  \n  \n\t\n\n\n\n<div class=\"bde-image-9285-194 bde-image\">\n<figure class=\"breakdance-image breakdance-image--15844\">\n\t<div class=\"breakdance-image-container\">\n\t\t<div class=\"breakdance-image-clip\"><img loading=\"lazy\" decoding=\"async\" class=\"breakdance-image-object\" src=\"https:\/\/www.lebenshilfe-stuttgart.de\/wp-content\/uploads\/2024\/10\/Partner_Mercedes_Benz.jpg\" width=\"400\" height=\"277\" srcset=\"https:\/\/www.lebenshilfe-stuttgart.de\/wp-content\/uploads\/2024\/10\/Partner_Mercedes_Benz.jpg 400w, https:\/\/www.lebenshilfe-stuttgart.de\/wp-content\/uploads\/2024\/10\/Partner_Mercedes_Benz-300x208.jpg 300w\" sizes=\"auto, (max-width: 400px) 100vw, 400px\" alt=\"Mercedes-Benz Logo\"><\/div>\n\t<\/div><\/figure>\n\n<\/div>\n<\/div><div class=\"bde-column-9285-189 bde-column\">\n  \n  \n\t\n\n\n\n<div class=\"bde-image-9285-195 bde-image\">\n<figure class=\"breakdance-image breakdance-image--15843\">\n\t<div class=\"breakdance-image-container\">\n\t\t<div class=\"breakdance-image-clip\"><img loading=\"lazy\" decoding=\"async\" class=\"breakdance-image-object\" src=\"https:\/\/www.lebenshilfe-stuttgart.de\/wp-content\/uploads\/2024\/10\/Partner_LTG.jpg\" width=\"400\" height=\"277\" srcset=\"https:\/\/www.lebenshilfe-stuttgart.de\/wp-content\/uploads\/2024\/10\/Partner_LTG.jpg 400w, https:\/\/www.lebenshilfe-stuttgart.de\/wp-content\/uploads\/2024\/10\/Partner_LTG-300x208.jpg 300w\" sizes=\"auto, (max-width: 400px) 100vw, 400px\" alt=\"LTG Air Tech Systems Logo\"><\/div>\n\t<\/div><\/figure>\n\n<\/div>\n<\/div><div class=\"bde-column-9285-190 bde-column\">\n  \n  \n\t\n\n\n\n<div class=\"bde-image-9285-196 bde-image\">\n<figure class=\"breakdance-image breakdance-image--15846\">\n\t<div class=\"breakdance-image-container\">\n\t\t<div class=\"breakdance-image-clip\"><img loading=\"lazy\" decoding=\"async\" class=\"breakdance-image-object\" src=\"https:\/\/www.lebenshilfe-stuttgart.de\/wp-content\/uploads\/2024\/10\/Partner_Wuerth-2.jpg\" width=\"400\" height=\"277\" srcset=\"https:\/\/www.lebenshilfe-stuttgart.de\/wp-content\/uploads\/2024\/10\/Partner_Wuerth-2.jpg 400w, https:\/\/www.lebenshilfe-stuttgart.de\/wp-content\/uploads\/2024\/10\/Partner_Wuerth-2-300x208.jpg 300w\" sizes=\"auto, (max-width: 400px) 100vw, 400px\" alt=\"W\u00fcrth Logo\"><\/div>\n\t<\/div><\/figure>\n\n<\/div>\n<\/div><div class=\"bde-column-9285-191 bde-column\">\n  \n  \n\t\n\n\n\n<div class=\"bde-image-9285-197 bde-image\">\n<figure class=\"breakdance-image breakdance-image--15842\">\n\t<div class=\"breakdance-image-container\">\n\t\t<div class=\"breakdance-image-clip\"><img loading=\"lazy\" decoding=\"async\" class=\"breakdance-image-object\" src=\"https:\/\/www.lebenshilfe-stuttgart.de\/wp-content\/uploads\/2024\/10\/Partner_Liebherr.jpg\" width=\"400\" height=\"277\" srcset=\"https:\/\/www.lebenshilfe-stuttgart.de\/wp-content\/uploads\/2024\/10\/Partner_Liebherr.jpg 400w, https:\/\/www.lebenshilfe-stuttgart.de\/wp-content\/uploads\/2024\/10\/Partner_Liebherr-300x208.jpg 300w\" sizes=\"auto, (max-width: 400px) 100vw, 400px\" alt=\"Liebherr Logo\"><\/div>\n\t<\/div><\/figure>\n\n<\/div>\n<\/div><\/div><\/div>\n<\/section><section id=\"anker_arbeitskraefte\" class=\"bde-section-9285-198 bde-section\">\n  \n  \n\t\n\n\n\n<div class=\"section-container\"><div class=\"bde-columns-9285-199 bde-columns\"><div class=\"bde-column-9285-200 bde-column\">\n  \n  \n\t\n\n\n\n<div class=\"bde-image-9285-201 bde-image\">\n<figure class=\"breakdance-image breakdance-image--15847\">\n\t<div class=\"breakdance-image-container\">\n\t\t<div class=\"breakdance-image-clip\"><img loading=\"lazy\" decoding=\"async\" class=\"breakdance-image-object\" src=\"https:\/\/www.lebenshilfe-stuttgart.de\/wp-content\/uploads\/2024\/10\/Werkstatt_mood_5_1050.jpg\" width=\"1050\" height=\"700\" srcset=\"https:\/\/www.lebenshilfe-stuttgart.de\/wp-content\/uploads\/2024\/10\/Werkstatt_mood_5_1050.jpg 1050w, https:\/\/www.lebenshilfe-stuttgart.de\/wp-content\/uploads\/2024\/10\/Werkstatt_mood_5_1050-300x200.jpg 300w, https:\/\/www.lebenshilfe-stuttgart.de\/wp-content\/uploads\/2024\/10\/Werkstatt_mood_5_1050-1024x683.jpg 1024w, https:\/\/www.lebenshilfe-stuttgart.de\/wp-content\/uploads\/2024\/10\/Werkstatt_mood_5_1050-768x512.jpg 768w, https:\/\/www.lebenshilfe-stuttgart.de\/wp-content\/uploads\/2024\/10\/Werkstatt_mood_5_1050-600x400.jpg 600w\" sizes=\"auto, (max-width: 1050px) 100vw, 1050px\" alt=\"Ein Mann arbeitet in einer Werkstatt an einer Maschine\"><\/div>\n\t<\/div><\/figure>\n\n<\/div>\n<\/div><div class=\"bde-column-9285-202 bde-column\">\n  \n  \n\t\n\n\n\n<h2 class=\"bde-heading-9285-203 bde-heading\">\nArbeits&amp;middotkr\u00e4fte mit Behinderungen in Ihrem Betrieb\n<\/h2><div class=\"bde-rich-text-9285-205 bde-rich-text breakdance-rich-text-styles\">\nSie k\u00f6nnen Menschen mit Behinderungen eine Arbeits\u00b7stelle in Ihrem Betrieb anbieten.<br>\nDas geht \u00fcber einen betriebs\u00b7integrierten Arbeits\u00b7platz.<br>\nUnsere Job\u00b7coaches begleiten die Arbeits\u00b7kr\u00e4fte mit Behinderung am Arbeits\u00b7platz.<br>\nWir begleiten so lange es f\u00fcr alle Beteiligten notwendig ist.<br>\nUnsere Job\u00b7coaches sind Ihr Ansprech\u00b7partner in allen Belangen.<br>\n<br>\nIhre Vorteile:\n<ul>\n \t<li>Bearbeitung Ihrer Auftr\u00e4ge bei Ihnen vor Ort<\/li>\n \t<li>Einarbeitung der Arbeits\u00b7kraft durch unsere Job\u00b7coaches<\/li>\n \t<li>Positive Auswirkung auf das Betriebs\u00b7klima<\/li>\n \t<li>Minderung Ihrer Ausgleichs\u00b7abgabe<\/li>\n<\/ul>\n<\/div><div class=\"bde-div-9285-206 bde-div\">\n  \n  \n\t\n\n\n\n<div class=\"bde-image-9285-207 bde-image\">\n<figure class=\"breakdance-image breakdance-image--15609\">\n\t<div class=\"breakdance-image-container\">\n\t\t<div class=\"breakdance-image-clip\"><img loading=\"lazy\" decoding=\"async\" class=\"breakdance-image-object\" src=\"https:\/\/www.lebenshilfe-stuttgart.de\/wp-content\/uploads\/2024\/10\/Schwab_frank-1-150x150-1.jpg\" width=\"150\" height=\"150\" sizes=\"auto, (max-width: 150px) 100vw, 150px\" alt=\"Portrait von Frank Schwab, Leiter des Fachdienst Teilhabe der Lebenshilfe Stuttgart\"><\/div>\n\t<\/div><\/figure>\n\n<\/div><div class=\"bde-div-9285-208 bde-div\">\n  \n  \n\t\n\n\n\n<h3 class=\"bde-heading-9285-209 bde-heading\">\nAnsprech\u00b7partner f\u00fcr betriebs\u00b7integrierte Arbeits\u00b7pl\u00e4tze\n<\/h3><div class=\"bde-rich-text-9285-210 bde-rich-text breakdance-rich-text-styles\">\nFrank Schwab<br>\nTelefon: 0711 89 69 08 43<br>\nE-Mail: <a title=\"Frank Schwab E-Mail\" href=\"mailto:teilhabe@lebenshilfe-stuttgart.de\">teilhabe@lebenshilfe-stuttgart.de<\/a>\n<\/div>\n<\/div>\n<\/div>\n<\/div><\/div><\/div>\n<\/section><section id=\"anker_verantwortung\" class=\"bde-section-9285-211 bde-section\">\n  \n  \n\t\n\n\n\n<div class=\"section-container\"><div class=\"bde-columns-9285-212 bde-columns\"><div class=\"bde-column-9285-213 bde-column\">\n  \n  \n\t\n\n\n\n<h2 class=\"bde-heading-9285-214 bde-heading\">\nCorporate Social Responsibility\n<\/h2><div class=\"bde-text-9285-215 bde-text\">\nViele Firmen sehen sich in einer Verantwortung f\u00fcr die Gemeinschaft.<br>\nSie engagieren sich sozial.<br>\nDie Lebenshilfe Stuttgart braucht diese Unterst\u00fctzung.\n<\/div><div class=\"bde-rich-text-9285-227 bde-rich-text breakdance-rich-text-styles\">\n<h3>So k\u00f6nnte das aussehen<\/h3>\n<ul>\n \t<li>Unsere Produkte k\u00f6nnten Sie in Ihrem Unternehmen verkaufen.<\/li>\n \t<li>Sie sammeln f\u00fcr uns Spenden, zum Beispiel im Rahmen eines Spenden\u00b7laufes.<\/li>\n \t<li>Ihre Gesch\u00e4fts\u00b7r\u00e4ume stellen Sie als Ausstellungs\u00b7fl\u00e4che f\u00fcr unsere Kunst zur Verf\u00fcgung.<\/li>\n \t<li>Mit Ihrem Know-How stehen Sie uns zur Seite und beraten uns in Ihrem Fach\u00b7gebiet.<\/li>\n<\/ul>\n<\/div>\n<\/div><div class=\"bde-column-9285-220 bde-column\">\n  \n  \n\t\n\n\n\n<div class=\"bde-div-9285-222 bde-div\">\n  \n  \n\t\n\n\n\n<div class=\"bde-image-9285-223 bde-image\">\n<figure class=\"breakdance-image breakdance-image--15848\">\n\t<div class=\"breakdance-image-container\">\n\t\t<div class=\"breakdance-image-clip\"><img loading=\"lazy\" decoding=\"async\" class=\"breakdance-image-object\" src=\"https:\/\/www.lebenshilfe-stuttgart.de\/wp-content\/uploads\/2024\/10\/Schackmann_Eva-150x150-1.jpg\" width=\"150\" height=\"150\" sizes=\"auto, (max-width: 150px) 100vw, 150px\" alt=\"Eva Schackmann\"><\/div>\n\t<\/div><\/figure>\n\n<\/div><div class=\"bde-div-9285-224 bde-div\">\n  \n  \n\t\n\n\n\n<h3 class=\"bde-heading-9285-225 bde-heading translation-block\">Ansprech&middot;partnerin<br>Corporate Social Responsibility<\/h3><div class=\"bde-rich-text-9285-226 bde-rich-text breakdance-rich-text-styles\">\nEva Schackmann<br>\nTelefon: 0711 32 097 126<br>\nE-Mail: <a title=\"Eva Schackmann E-Mail\" href=\"mailto:e.schackmann@lebenshilfe-stuttgart.de\">e.schackmann@lebenshilfe-stuttgart.de<\/a>\n<\/div>\n<\/div>\n<\/div>\n<\/div><\/div><\/div>\n<\/section><section class=\"bde-section-9285-229 bde-section\">\n  \n  \n\t\n\n\n\n<div class=\"section-container\"><div class=\"bde-columns-9285-230 bde-columns\"><div class=\"bde-column-9285-231 bde-column\">\n  \n  \n\t\n\n\n\n<h3 class=\"bde-heading-9285-232 bde-heading\">\nGesch\u00e4fts\u00b7stelle der Stuttgarter Werkst\u00e4tten\n<\/h3><div class=\"bde-text-9285-233 bde-text\">\nStuttgarter Werkst\u00e4tten<br>Ernsthaldenstra\u00dfe 39<br>70565 Stuttgart-Vaihingen\n<\/div>\n<\/div><div class=\"bde-column-9285-234 bde-column\">\n  \n  \n\t\n\n\n\n<h3 class=\"bde-heading-9285-235 bde-heading\">\nWerkstatt in<br>Stuttgart-Vaihingen\n<\/h3><div class=\"bde-text-9285-236 bde-text\">\nStuttgarter Werkst\u00e4tten<br>Jurastra\u00dfe 34<br>70565 Stuttgart-Vaihingen\n<\/div>\n<\/div><div class=\"bde-column-9285-237 bde-column\">\n  \n  \n\t\n\n\n\n<h3 class=\"bde-heading-9285-238 bde-heading\">\nWerkstatt am<br>L\u00f6wentor\n<\/h3><div class=\"bde-text-9285-239 bde-text\">\nStuttgarter Werkst\u00e4tten<br>L\u00f6wentorstra\u00dfe 18-20<br>70191 Stuttgart-Nord\n<\/div>\n<\/div><div class=\"bde-column-9285-240 bde-column\">\n  \n  \n\t\n\n\n\n<div class=\"bde-image-9285-241 bde-image\">\n<figure class=\"breakdance-image breakdance-image--15614\">\n\t<div class=\"breakdance-image-container\">\n\t\t<div class=\"breakdance-image-clip\"><img loading=\"lazy\" decoding=\"async\" class=\"breakdance-image-object\" src=\"https:\/\/www.lebenshilfe-stuttgart.de\/wp-content\/uploads\/2024\/10\/th-150x150.png\" width=\"150\" height=\"150\" srcset=\"https:\/\/www.lebenshilfe-stuttgart.de\/wp-content\/uploads\/2024\/10\/th-150x150.png 150w, https:\/\/www.lebenshilfe-stuttgart.de\/wp-content\/uploads\/2024\/10\/th.png 235w\" sizes=\"auto, (max-width: 150px) 100vw, 150px\" alt=\"Zertifizierungs-Siegel ZertSozial\"><\/div>\n\t<\/div><\/figure>\n\n<\/div>\n<\/div><\/div><\/div>\n<\/section>","protected":false},"excerpt":{"rendered":"<p>In den Werkst\u00e4tten der Lebenshilfe Stuttgart arbeiten motivierten und kompetente Fachleute mit Behinderung an modernen Maschinen.<br \/>\nWir erledigen f\u00fcr Ihr Unternehmen Auftr\u00e4ge in unterschiedlichen Bereichen.<\/p>","protected":false},"author":2,"featured_media":0,"parent":0,"menu_order":0,"comment_status":"closed","ping_status":"closed","template":"","meta":{"_acf_changed":false,"_breakdance_hide_in_design_set":false,"_breakdance_tags":"","footnotes":""},"folder":[],"class_list":["post-9285","page","type-page","status-publish","hentry"],"acf":[],"_links":{"self":[{"href":"https:\/\/www.lebenshilfe-stuttgart.de\/de_leicht\/wp-json\/wp\/v2\/pages\/9285","targetHints":{"allow":["GET"]}}],"collection":[{"href":"https:\/\/www.lebenshilfe-stuttgart.de\/de_leicht\/wp-json\/wp\/v2\/pages"}],"about":[{"href":"https:\/\/www.lebenshilfe-stuttgart.de\/de_leicht\/wp-json\/wp\/v2\/types\/page"}],"author":[{"embeddable":true,"href":"https:\/\/www.lebenshilfe-stuttgart.de\/de_leicht\/wp-json\/wp\/v2\/users\/2"}],"replies":[{"embeddable":true,"href":"https:\/\/www.lebenshilfe-stuttgart.de\/de_leicht\/wp-json\/wp\/v2\/comments?post=9285"}],"version-history":[{"count":21,"href":"https:\/\/www.lebenshilfe-stuttgart.de\/de_leicht\/wp-json\/wp\/v2\/pages\/9285\/revisions"}],"predecessor-version":[{"id":17232,"href":"https:\/\/www.lebenshilfe-stuttgart.de\/de_leicht\/wp-json\/wp\/v2\/pages\/9285\/revisions\/17232"}],"wp:attachment":[{"href":"https:\/\/www.lebenshilfe-stuttgart.de\/de_leicht\/wp-json\/wp\/v2\/media?parent=9285"}],"wp:term":[{"taxonomy":"folder","embeddable":true,"href":"https:\/\/www.lebenshilfe-stuttgart.de\/de_leicht\/wp-json\/wp\/v2\/folder?post=9285"}],"curies":[{"name":"wp","href":"https:\/\/api.w.org\/{rel}","templated":true}]}}