{"id":12329,"date":"2023-12-14T10:54:11","date_gmt":"2023-12-14T09:54:11","guid":{"rendered":"http:\/\/breakdance.lebenshilfe-stuttgart.de\/?post_type=product&#038;p=12329"},"modified":"2026-01-12T13:02:19","modified_gmt":"2026-01-12T12:02:19","slug":"fruchtaufstrich-himbeere","status":"publish","type":"product","link":"https:\/\/www.lebenshilfe-stuttgart.de\/de_leicht\/shop\/fruchtaufstrich-himbeere\/","title":{"rendered":"Fruchtaufstrich Himbeere"},"content":{"rendered":"<p>Die Fruchtaufstriche unserer Lebensmittel-Manufaktur werden in kleinen Mengen von Hand hergestellt. Der Fruchtaufstrich Himbeere\u00a0ist ein reichhaltiger, leckerer Fruchtaufstrich mit einem nat\u00fcrlichen, vollmundigen Geschmack und einer cremigen Textur. Genie\u00dfen Sie den fruchtigen, erfrischenden Geschmack auf Brot, Keksen oder als Topping f\u00fcr Waffeln.<\/p>","protected":false},"excerpt":{"rendered":"<p>Die Fruchtaufstriche unserer Lebensmittel-Manufaktur werden in kleinen Mengen von Hand hergestellt. Der Fruchtaufstrich Himbeere\u00a0ist ein reichhaltiger, leckerer Fruchtaufstrich mit einem nat\u00fcrlichen, vollmundigen Geschmack und einer cremigen Textur. Genie\u00dfen Sie den fruchtigen, erfrischenden Geschmack auf Brot, Keksen oder als Topping f\u00fcr Waffeln.<\/p>","protected":false},"featured_media":17423,"template":"","meta":{"_acf_changed":false},"product_brand":[],"product_cat":[88],"product_tag":[],"class_list":{"0":"post-12329","1":"product","2":"type-product","3":"status-publish","4":"has-post-thumbnail","6":"product_cat-lebensmittel","8":"first","9":"instock","10":"taxable","11":"shipping-taxable","12":"purchasable","13":"product-type-simple"},"acf":[],"_links":{"self":[{"href":"https:\/\/www.lebenshilfe-stuttgart.de\/de_leicht\/wp-json\/wp\/v2\/product\/12329","targetHints":{"allow":["GET"]}}],"collection":[{"href":"https:\/\/www.lebenshilfe-stuttgart.de\/de_leicht\/wp-json\/wp\/v2\/product"}],"about":[{"href":"https:\/\/www.lebenshilfe-stuttgart.de\/de_leicht\/wp-json\/wp\/v2\/types\/product"}],"wp:featuredmedia":[{"embeddable":true,"href":"https:\/\/www.lebenshilfe-stuttgart.de\/de_leicht\/wp-json\/wp\/v2\/media\/17423"}],"wp:attachment":[{"href":"https:\/\/www.lebenshilfe-stuttgart.de\/de_leicht\/wp-json\/wp\/v2\/media?parent=12329"}],"wp:term":[{"taxonomy":"product_brand","embeddable":true,"href":"https:\/\/www.lebenshilfe-stuttgart.de\/de_leicht\/wp-json\/wp\/v2\/product_brand?post=12329"},{"taxonomy":"product_cat","embeddable":true,"href":"https:\/\/www.lebenshilfe-stuttgart.de\/de_leicht\/wp-json\/wp\/v2\/product_cat?post=12329"},{"taxonomy":"product_tag","embeddable":true,"href":"https:\/\/www.lebenshilfe-stuttgart.de\/de_leicht\/wp-json\/wp\/v2\/product_tag?post=12329"}],"curies":[{"name":"wp","href":"https:\/\/api.w.org\/{rel}","templated":true}]}}