{"id":12333,"date":"2023-12-14T10:59:04","date_gmt":"2023-12-14T09:59:04","guid":{"rendered":"http:\/\/breakdance.lebenshilfe-stuttgart.de\/?post_type=product&#038;p=12333"},"modified":"2026-01-12T13:02:08","modified_gmt":"2026-01-12T12:02:08","slug":"fruchtaufstrich-erdbeere-und-rhabarber","status":"publish","type":"product","link":"https:\/\/www.lebenshilfe-stuttgart.de\/de_leicht\/shop\/fruchtaufstrich-erdbeere-und-rhabarber\/","title":{"rendered":"Fruchtaufstrich Erdbeere und Rhabarber"},"content":{"rendered":"<p>Die Fruchtaufstriche unserer Lebensmittel-Manufaktur werden in kleinen Mengen von Hand hergestellt. Dieser leckere Erdbeere Rhabarber Fruchtaufstrich ist die perfekte Mischung aus s\u00fc\u00dfen Erdbeeren und s\u00e4uerlichem Rhabarber. Genie\u00dfen Sie die k\u00f6stliche Fruchtigkeit auf Ihrem Brot oder in Desserts. Die ideale Wahl f\u00fcr alle, die einen fruchtigen Aufstrich suchen, der nicht zu s\u00fc\u00df ist.<\/p>","protected":false},"excerpt":{"rendered":"<p>Die Fruchtaufstriche unserer Lebensmittel-Manufaktur werden in kleinen Mengen von Hand hergestellt. Dieser leckere Erdbeere Rhabarber Fruchtaufstrich ist die perfekte Mischung aus s\u00fc\u00dfen Erdbeeren und s\u00e4uerlichem Rhabarber. Genie\u00dfen Sie die k\u00f6stliche Fruchtigkeit auf Ihrem Brot oder in Desserts. Die ideale Wahl f\u00fcr alle, die einen fruchtigen Aufstrich suchen, der nicht zu s\u00fc\u00df ist.<\/p>","protected":false},"featured_media":17422,"template":"","meta":{"_acf_changed":false},"product_brand":[],"product_cat":[88],"product_tag":[],"class_list":{"0":"post-12333","1":"product","2":"type-product","3":"status-publish","4":"has-post-thumbnail","6":"product_cat-lebensmittel","8":"first","9":"instock","10":"taxable","11":"shipping-taxable","12":"purchasable","13":"product-type-simple"},"acf":[],"_links":{"self":[{"href":"https:\/\/www.lebenshilfe-stuttgart.de\/de_leicht\/wp-json\/wp\/v2\/product\/12333","targetHints":{"allow":["GET"]}}],"collection":[{"href":"https:\/\/www.lebenshilfe-stuttgart.de\/de_leicht\/wp-json\/wp\/v2\/product"}],"about":[{"href":"https:\/\/www.lebenshilfe-stuttgart.de\/de_leicht\/wp-json\/wp\/v2\/types\/product"}],"wp:featuredmedia":[{"embeddable":true,"href":"https:\/\/www.lebenshilfe-stuttgart.de\/de_leicht\/wp-json\/wp\/v2\/media\/17422"}],"wp:attachment":[{"href":"https:\/\/www.lebenshilfe-stuttgart.de\/de_leicht\/wp-json\/wp\/v2\/media?parent=12333"}],"wp:term":[{"taxonomy":"product_brand","embeddable":true,"href":"https:\/\/www.lebenshilfe-stuttgart.de\/de_leicht\/wp-json\/wp\/v2\/product_brand?post=12333"},{"taxonomy":"product_cat","embeddable":true,"href":"https:\/\/www.lebenshilfe-stuttgart.de\/de_leicht\/wp-json\/wp\/v2\/product_cat?post=12333"},{"taxonomy":"product_tag","embeddable":true,"href":"https:\/\/www.lebenshilfe-stuttgart.de\/de_leicht\/wp-json\/wp\/v2\/product_tag?post=12333"}],"curies":[{"name":"wp","href":"https:\/\/api.w.org\/{rel}","templated":true}]}}