{"id":12395,"date":"2023-12-14T16:02:43","date_gmt":"2023-12-14T15:02:43","guid":{"rendered":"http:\/\/breakdance.lebenshilfe-stuttgart.de\/?post_type=product&#038;p=12395"},"modified":"2026-01-15T14:28:47","modified_gmt":"2026-01-15T13:28:47","slug":"tomatensauce-knoblauch","status":"publish","type":"product","link":"https:\/\/www.lebenshilfe-stuttgart.de\/de_leicht\/shop\/tomatensauce-knoblauch\/","title":{"rendered":"Tomaten&shy;sauce Knoblauch"},"content":{"rendered":"<p>Die Pasta-Saucen unserer Lebensmittel-Manufaktur werden in kleinen Mengen von Hand hergestellt. Aus fruchtigen Tomaten entstehen so drei leckere mediterrane Geschmacksrichtungen. Die Tomatensauce Knoblauch geh\u00f6rt seit jeher zu den besten Geschmacks-Kombinationen der traditionellen italienischen K\u00fcche.<\/p>\n<p>Die Sauce muss nur aufgew\u00e4rmt werden und zusammen mit unseren Nudeln haben Sie im Handumdrehen ein leckeres Gericht auf dem Tisch.<\/p>","protected":false},"excerpt":{"rendered":"<p>Die Pasta-Saucen unserer Lebensmittel-Manufaktur werden in kleinen Mengen von Hand hergestellt. Aus fruchtigen Tomaten entstehen so drei leckere mediterrane Geschmacksrichtungen. Die Tomatensauce Knoblauch geh\u00f6rt seit jeher zu den besten Geschmacks-Kombinationen der traditionellen italienischen K\u00fcche. Die Sauce muss nur aufgew\u00e4rmt werden und zusammen mit unseren Nudeln haben Sie im Handumdrehen ein leckeres Gericht auf dem Tisch.<\/p>","protected":false},"featured_media":17418,"template":"","meta":{"_acf_changed":false},"product_brand":[],"product_cat":[88],"product_tag":[],"class_list":{"0":"post-12395","1":"product","2":"type-product","3":"status-publish","4":"has-post-thumbnail","6":"product_cat-lebensmittel","8":"first","9":"instock","10":"taxable","11":"shipping-taxable","12":"purchasable","13":"product-type-simple"},"acf":[],"_links":{"self":[{"href":"https:\/\/www.lebenshilfe-stuttgart.de\/de_leicht\/wp-json\/wp\/v2\/product\/12395","targetHints":{"allow":["GET"]}}],"collection":[{"href":"https:\/\/www.lebenshilfe-stuttgart.de\/de_leicht\/wp-json\/wp\/v2\/product"}],"about":[{"href":"https:\/\/www.lebenshilfe-stuttgart.de\/de_leicht\/wp-json\/wp\/v2\/types\/product"}],"wp:featuredmedia":[{"embeddable":true,"href":"https:\/\/www.lebenshilfe-stuttgart.de\/de_leicht\/wp-json\/wp\/v2\/media\/17418"}],"wp:attachment":[{"href":"https:\/\/www.lebenshilfe-stuttgart.de\/de_leicht\/wp-json\/wp\/v2\/media?parent=12395"}],"wp:term":[{"taxonomy":"product_brand","embeddable":true,"href":"https:\/\/www.lebenshilfe-stuttgart.de\/de_leicht\/wp-json\/wp\/v2\/product_brand?post=12395"},{"taxonomy":"product_cat","embeddable":true,"href":"https:\/\/www.lebenshilfe-stuttgart.de\/de_leicht\/wp-json\/wp\/v2\/product_cat?post=12395"},{"taxonomy":"product_tag","embeddable":true,"href":"https:\/\/www.lebenshilfe-stuttgart.de\/de_leicht\/wp-json\/wp\/v2\/product_tag?post=12395"}],"curies":[{"name":"wp","href":"https:\/\/api.w.org\/{rel}","templated":true}]}}