{"id":12443,"date":"2023-12-15T16:25:02","date_gmt":"2023-12-15T15:25:02","guid":{"rendered":"http:\/\/breakdance.lebenshilfe-stuttgart.de\/?post_type=product&#038;p=12443"},"modified":"2026-01-15T14:11:23","modified_gmt":"2026-01-15T13:11:23","slug":"spirelli-bunt","status":"publish","type":"product","link":"https:\/\/www.lebenshilfe-stuttgart.de\/de_leicht\/shop\/spirelli-bunt\/","title":{"rendered":"Dinkel Spirelli bunt"},"content":{"rendered":"<p>Unsere bunten Dinkel Spirelli werden aus reinem Dinkelweizengrie\u00df mit viel Liebe in Stuttgart hergestellt. Getrocknete Tomaten und Spinat geben den bunten Spirelli ihre h\u00fcbschen Farben.<\/p>\n<p>Spirelli eignen sich prima f\u00fcr die kalte K\u00fcche und Nudelsalate, weil an den Spiralen Dressings auf \u00d6lbasis am besten haften. Wenn es denn warm sein soll, dann kommen cremige, glatte So\u00dfen zum Einsatz. Aber auch Pesto geht mit den gedrehten Nudeln eine geschmackvolle Symbiose ein.<\/p>","protected":false},"excerpt":{"rendered":"<p>Unsere bunten Dinkel Spirelli werden aus reinem Dinkelweizengrie\u00df mit viel Liebe in Stuttgart hergestellt. Getrocknete Tomaten und Spinat geben den bunten Spirelli ihre h\u00fcbschen Farben. Spirelli eignen sich prima f\u00fcr die kalte K\u00fcche und Nudelsalate, weil an den Spiralen Dressings auf \u00d6lbasis am besten haften. Wenn es denn warm sein soll, dann kommen cremige, glatte [&hellip;]<\/p>\n","protected":false},"featured_media":17197,"template":"","meta":{"_acf_changed":false},"product_brand":[],"product_cat":[88,313],"product_tag":[],"class_list":{"0":"post-12443","1":"product","2":"type-product","3":"status-publish","4":"has-post-thumbnail","6":"product_cat-lebensmittel","7":"product_cat-bestseller","9":"first","10":"instock","11":"taxable","12":"shipping-taxable","13":"purchasable","14":"product-type-simple"},"acf":[],"_links":{"self":[{"href":"https:\/\/www.lebenshilfe-stuttgart.de\/de_leicht\/wp-json\/wp\/v2\/product\/12443","targetHints":{"allow":["GET"]}}],"collection":[{"href":"https:\/\/www.lebenshilfe-stuttgart.de\/de_leicht\/wp-json\/wp\/v2\/product"}],"about":[{"href":"https:\/\/www.lebenshilfe-stuttgart.de\/de_leicht\/wp-json\/wp\/v2\/types\/product"}],"wp:featuredmedia":[{"embeddable":true,"href":"https:\/\/www.lebenshilfe-stuttgart.de\/de_leicht\/wp-json\/wp\/v2\/media\/17197"}],"wp:attachment":[{"href":"https:\/\/www.lebenshilfe-stuttgart.de\/de_leicht\/wp-json\/wp\/v2\/media?parent=12443"}],"wp:term":[{"taxonomy":"product_brand","embeddable":true,"href":"https:\/\/www.lebenshilfe-stuttgart.de\/de_leicht\/wp-json\/wp\/v2\/product_brand?post=12443"},{"taxonomy":"product_cat","embeddable":true,"href":"https:\/\/www.lebenshilfe-stuttgart.de\/de_leicht\/wp-json\/wp\/v2\/product_cat?post=12443"},{"taxonomy":"product_tag","embeddable":true,"href":"https:\/\/www.lebenshilfe-stuttgart.de\/de_leicht\/wp-json\/wp\/v2\/product_tag?post=12443"}],"curies":[{"name":"wp","href":"https:\/\/api.w.org\/{rel}","templated":true}]}}