{"id":12445,"date":"2023-12-15T16:40:42","date_gmt":"2023-12-15T15:40:42","guid":{"rendered":"http:\/\/breakdance.lebenshilfe-stuttgart.de\/?post_type=product&#038;p=12445"},"modified":"2026-01-12T13:01:11","modified_gmt":"2026-01-12T12:01:11","slug":"rigatoni-bunt","status":"publish","type":"product","link":"https:\/\/www.lebenshilfe-stuttgart.de\/de_leicht\/shop\/rigatoni-bunt\/","title":{"rendered":"Dinkel Rigatoni bunt"},"content":{"rendered":"<p>Unsere bunten Dinkel Rigatoni werden aus reinem Dinkelweizengrie\u00df mit viel Liebe in Stuttgart hergestellt. Getrocknete Tomaten und Spinat geben den bunten Wellenbandnudeln ihre h\u00fcbschen Farben.<\/p>\n<p>Rigatoni eignen sich gut zu So\u00dfen mit kleingeschnittenem Gem\u00fcse, aber auch zu kr\u00e4ftigen, s\u00e4migen K\u00e4se- oder Sahneso\u00dfen. Perfekt sind Rigatoni f\u00fcr Aufl\u00e4ufe, zum Beispiel f\u00fcr Pastitsio, dem k\u00f6stlichen Makkaroniauflauf aus Griechenland.<\/p>","protected":false},"excerpt":{"rendered":"<p>Unsere bunten Dinkel Rigatoni werden aus reinem Dinkelweizengrie\u00df mit viel Liebe in Stuttgart hergestellt. Getrocknete Tomaten und Spinat geben den bunten Wellenbandnudeln ihre h\u00fcbschen Farben. Rigatoni eignen sich gut zu So\u00dfen mit kleingeschnittenem Gem\u00fcse, aber auch zu kr\u00e4ftigen, s\u00e4migen K\u00e4se- oder Sahneso\u00dfen. Perfekt sind Rigatoni f\u00fcr Aufl\u00e4ufe, zum Beispiel f\u00fcr Pastitsio, dem k\u00f6stlichen Makkaroniauflauf aus [&hellip;]<\/p>\n","protected":false},"featured_media":17190,"template":"","meta":{"_acf_changed":false},"product_brand":[],"product_cat":[88],"product_tag":[],"class_list":{"0":"post-12445","1":"product","2":"type-product","3":"status-publish","4":"has-post-thumbnail","6":"product_cat-lebensmittel","8":"first","9":"instock","10":"taxable","11":"shipping-taxable","12":"purchasable","13":"product-type-simple"},"acf":[],"_links":{"self":[{"href":"https:\/\/www.lebenshilfe-stuttgart.de\/de_leicht\/wp-json\/wp\/v2\/product\/12445","targetHints":{"allow":["GET"]}}],"collection":[{"href":"https:\/\/www.lebenshilfe-stuttgart.de\/de_leicht\/wp-json\/wp\/v2\/product"}],"about":[{"href":"https:\/\/www.lebenshilfe-stuttgart.de\/de_leicht\/wp-json\/wp\/v2\/types\/product"}],"wp:featuredmedia":[{"embeddable":true,"href":"https:\/\/www.lebenshilfe-stuttgart.de\/de_leicht\/wp-json\/wp\/v2\/media\/17190"}],"wp:attachment":[{"href":"https:\/\/www.lebenshilfe-stuttgart.de\/de_leicht\/wp-json\/wp\/v2\/media?parent=12445"}],"wp:term":[{"taxonomy":"product_brand","embeddable":true,"href":"https:\/\/www.lebenshilfe-stuttgart.de\/de_leicht\/wp-json\/wp\/v2\/product_brand?post=12445"},{"taxonomy":"product_cat","embeddable":true,"href":"https:\/\/www.lebenshilfe-stuttgart.de\/de_leicht\/wp-json\/wp\/v2\/product_cat?post=12445"},{"taxonomy":"product_tag","embeddable":true,"href":"https:\/\/www.lebenshilfe-stuttgart.de\/de_leicht\/wp-json\/wp\/v2\/product_tag?post=12445"}],"curies":[{"name":"wp","href":"https:\/\/api.w.org\/{rel}","templated":true}]}}