{"id":12446,"date":"2023-12-15T16:45:15","date_gmt":"2023-12-15T15:45:15","guid":{"rendered":"http:\/\/breakdance.lebenshilfe-stuttgart.de\/?post_type=product&#038;p=12446"},"modified":"2026-01-12T13:01:03","modified_gmt":"2026-01-12T12:01:03","slug":"rigatoni-vollwert","status":"publish","type":"product","link":"https:\/\/www.lebenshilfe-stuttgart.de\/de_leicht\/shop\/rigatoni-vollwert\/","title":{"rendered":"Dinkel Rigatoni aus Vollwertgrie\u00df"},"content":{"rendered":"<p>Unsere Rigatoni aus Vollwertgrie\u00df werden aus reinem Dinkelweizengrie\u00df mit viel Liebe in Stuttgart hergestellt.<\/p>\n<p>F\u00fcr Vollwertnudeln wird das Mehl aus dem vollen Korn genommen. Dazu geh\u00f6ren dann neben dem vitamin\u00e4rmeren Mehlk\u00f6rper des Getreidekorns (aus dem die normalen Nudeln hergestellt werden) auch die \u00e4u\u00dferen Schichten inklusive des Keimlings. In ihnen stecken auch der gr\u00f6\u00dfte Teil der Ballast-, Mineral- und Mikron\u00e4hrstoffe des Korns sowie gesunde Fette und Vitamine.<\/p>\n<p>Rigatoni eignen sich gut zu So\u00dfen mit kleingeschnittenem Gem\u00fcse, aber auch zu kr\u00e4ftigen, s\u00e4migen K\u00e4se- oder Sahneso\u00dfen. Perfekt sind Rigatoni f\u00fcr Aufl\u00e4ufe, zum Beispiel f\u00fcr Pastitsio, dem k\u00f6stlichen Makkaroniauflauf aus Griechenland.<\/p>","protected":false},"excerpt":{"rendered":"<p>Unsere Rigatoni aus Vollwertgrie\u00df werden aus reinem Dinkelweizengrie\u00df mit viel Liebe in Stuttgart hergestellt. F\u00fcr Vollwertnudeln wird das Mehl aus dem vollen Korn genommen. Dazu geh\u00f6ren dann neben dem vitamin\u00e4rmeren Mehlk\u00f6rper des Getreidekorns (aus dem die normalen Nudeln hergestellt werden) auch die \u00e4u\u00dferen Schichten inklusive des Keimlings. In ihnen stecken auch der gr\u00f6\u00dfte Teil der [&hellip;]<\/p>\n","protected":false},"featured_media":17191,"template":"","meta":{"_acf_changed":false},"product_brand":[],"product_cat":[88],"product_tag":[],"class_list":{"0":"post-12446","1":"product","2":"type-product","3":"status-publish","4":"has-post-thumbnail","6":"product_cat-lebensmittel","8":"first","9":"instock","10":"taxable","11":"shipping-taxable","12":"purchasable","13":"product-type-simple"},"acf":[],"_links":{"self":[{"href":"https:\/\/www.lebenshilfe-stuttgart.de\/de_leicht\/wp-json\/wp\/v2\/product\/12446","targetHints":{"allow":["GET"]}}],"collection":[{"href":"https:\/\/www.lebenshilfe-stuttgart.de\/de_leicht\/wp-json\/wp\/v2\/product"}],"about":[{"href":"https:\/\/www.lebenshilfe-stuttgart.de\/de_leicht\/wp-json\/wp\/v2\/types\/product"}],"wp:featuredmedia":[{"embeddable":true,"href":"https:\/\/www.lebenshilfe-stuttgart.de\/de_leicht\/wp-json\/wp\/v2\/media\/17191"}],"wp:attachment":[{"href":"https:\/\/www.lebenshilfe-stuttgart.de\/de_leicht\/wp-json\/wp\/v2\/media?parent=12446"}],"wp:term":[{"taxonomy":"product_brand","embeddable":true,"href":"https:\/\/www.lebenshilfe-stuttgart.de\/de_leicht\/wp-json\/wp\/v2\/product_brand?post=12446"},{"taxonomy":"product_cat","embeddable":true,"href":"https:\/\/www.lebenshilfe-stuttgart.de\/de_leicht\/wp-json\/wp\/v2\/product_cat?post=12446"},{"taxonomy":"product_tag","embeddable":true,"href":"https:\/\/www.lebenshilfe-stuttgart.de\/de_leicht\/wp-json\/wp\/v2\/product_tag?post=12446"}],"curies":[{"name":"wp","href":"https:\/\/api.w.org\/{rel}","templated":true}]}}