{"id":12451,"date":"2023-12-18T08:57:46","date_gmt":"2023-12-18T07:57:46","guid":{"rendered":"http:\/\/breakdance.lebenshilfe-stuttgart.de\/?post_type=product&#038;p=12451"},"modified":"2026-01-12T13:00:32","modified_gmt":"2026-01-12T12:00:32","slug":"wellenbandnudeln-bunt","status":"publish","type":"product","link":"https:\/\/www.lebenshilfe-stuttgart.de\/de_leicht\/shop\/wellenbandnudeln-bunt\/","title":{"rendered":"Dinkel Wellenbandnudeln bunt"},"content":{"rendered":"<p>Unsere bunten Dinkel Wellenbandnudeln werden aus reinem Dinkelweizengrie\u00df mit viel Liebe in Stuttgart hergestellt. Getrocknete Tomaten und Spinat geben den bunten Wellenbandnudeln ihre h\u00fcbschen Farben.<\/p>\n<p>Unsere Wellenbandnudeln lassen sich gut mit Fleischso\u00dfen oder Ragouts kombinieren. Auch s\u00e4mige So\u00dfen auf Sahnebasis harmonieren mit ihnen. Eine zus\u00e4tzliche Option bilden frische Gerichte wie unsere Pasta mit Artischocken.<\/p>","protected":false},"excerpt":{"rendered":"<p>Unsere bunten Dinkel Wellenbandnudeln werden aus reinem Dinkelweizengrie\u00df mit viel Liebe in Stuttgart hergestellt. Getrocknete Tomaten und Spinat geben den bunten Wellenbandnudeln ihre h\u00fcbschen Farben. Unsere Wellenbandnudeln lassen sich gut mit Fleischso\u00dfen oder Ragouts kombinieren. Auch s\u00e4mige So\u00dfen auf Sahnebasis harmonieren mit ihnen. Eine zus\u00e4tzliche Option bilden frische Gerichte wie unsere Pasta mit Artischocken.<\/p>","protected":false},"featured_media":17200,"template":"","meta":{"_acf_changed":false},"product_brand":[],"product_cat":[88],"product_tag":[],"class_list":{"0":"post-12451","1":"product","2":"type-product","3":"status-publish","4":"has-post-thumbnail","6":"product_cat-lebensmittel","8":"first","9":"instock","10":"taxable","11":"shipping-taxable","12":"purchasable","13":"product-type-simple"},"acf":[],"_links":{"self":[{"href":"https:\/\/www.lebenshilfe-stuttgart.de\/de_leicht\/wp-json\/wp\/v2\/product\/12451","targetHints":{"allow":["GET"]}}],"collection":[{"href":"https:\/\/www.lebenshilfe-stuttgart.de\/de_leicht\/wp-json\/wp\/v2\/product"}],"about":[{"href":"https:\/\/www.lebenshilfe-stuttgart.de\/de_leicht\/wp-json\/wp\/v2\/types\/product"}],"wp:featuredmedia":[{"embeddable":true,"href":"https:\/\/www.lebenshilfe-stuttgart.de\/de_leicht\/wp-json\/wp\/v2\/media\/17200"}],"wp:attachment":[{"href":"https:\/\/www.lebenshilfe-stuttgart.de\/de_leicht\/wp-json\/wp\/v2\/media?parent=12451"}],"wp:term":[{"taxonomy":"product_brand","embeddable":true,"href":"https:\/\/www.lebenshilfe-stuttgart.de\/de_leicht\/wp-json\/wp\/v2\/product_brand?post=12451"},{"taxonomy":"product_cat","embeddable":true,"href":"https:\/\/www.lebenshilfe-stuttgart.de\/de_leicht\/wp-json\/wp\/v2\/product_cat?post=12451"},{"taxonomy":"product_tag","embeddable":true,"href":"https:\/\/www.lebenshilfe-stuttgart.de\/de_leicht\/wp-json\/wp\/v2\/product_tag?post=12451"}],"curies":[{"name":"wp","href":"https:\/\/api.w.org\/{rel}","templated":true}]}}