{"id":12454,"date":"2023-12-18T09:09:21","date_gmt":"2023-12-18T08:09:21","guid":{"rendered":"http:\/\/breakdance.lebenshilfe-stuttgart.de\/?post_type=product&#038;p=12454"},"modified":"2026-01-12T12:59:26","modified_gmt":"2026-01-12T11:59:26","slug":"dinkel-suppenloeckchen","status":"publish","type":"product","link":"https:\/\/www.lebenshilfe-stuttgart.de\/de_leicht\/shop\/dinkel-suppenloeckchen\/","title":{"rendered":"Dinkel Suppenl\u00f6ckchen"},"content":{"rendered":"<p>Unsere Suppenl\u00f6ckchen werden aus reinem Dinkelweizengrie\u00df mit viel Liebe in Stuttgart hergestellt.<br \/>\nSuppenl\u00f6ckchen eignen sich besonders gut f\u00fcr die Zubereitung von Suppen, da die Spiralform der Nudel besonders gut Fl\u00fcssigkeit aufnehmen kann.<\/p>","protected":false},"excerpt":{"rendered":"<p>Unsere Suppenl\u00f6ckchen werden aus reinem Dinkelweizengrie\u00df mit viel Liebe in Stuttgart hergestellt. Suppenl\u00f6ckchen eignen sich besonders gut f\u00fcr die Zubereitung von Suppen, da die Spiralform der Nudel besonders gut Fl\u00fcssigkeit aufnehmen kann.<\/p>","protected":false},"featured_media":17198,"template":"","meta":{"_acf_changed":false},"product_brand":[],"product_cat":[88],"product_tag":[],"class_list":{"0":"post-12454","1":"product","2":"type-product","3":"status-publish","4":"has-post-thumbnail","6":"product_cat-lebensmittel","8":"first","9":"instock","10":"taxable","11":"shipping-taxable","12":"purchasable","13":"product-type-simple"},"acf":[],"_links":{"self":[{"href":"https:\/\/www.lebenshilfe-stuttgart.de\/de_leicht\/wp-json\/wp\/v2\/product\/12454","targetHints":{"allow":["GET"]}}],"collection":[{"href":"https:\/\/www.lebenshilfe-stuttgart.de\/de_leicht\/wp-json\/wp\/v2\/product"}],"about":[{"href":"https:\/\/www.lebenshilfe-stuttgart.de\/de_leicht\/wp-json\/wp\/v2\/types\/product"}],"wp:featuredmedia":[{"embeddable":true,"href":"https:\/\/www.lebenshilfe-stuttgart.de\/de_leicht\/wp-json\/wp\/v2\/media\/17198"}],"wp:attachment":[{"href":"https:\/\/www.lebenshilfe-stuttgart.de\/de_leicht\/wp-json\/wp\/v2\/media?parent=12454"}],"wp:term":[{"taxonomy":"product_brand","embeddable":true,"href":"https:\/\/www.lebenshilfe-stuttgart.de\/de_leicht\/wp-json\/wp\/v2\/product_brand?post=12454"},{"taxonomy":"product_cat","embeddable":true,"href":"https:\/\/www.lebenshilfe-stuttgart.de\/de_leicht\/wp-json\/wp\/v2\/product_cat?post=12454"},{"taxonomy":"product_tag","embeddable":true,"href":"https:\/\/www.lebenshilfe-stuttgart.de\/de_leicht\/wp-json\/wp\/v2\/product_tag?post=12454"}],"curies":[{"name":"wp","href":"https:\/\/api.w.org\/{rel}","templated":true}]}}