{"id":12566,"date":"2023-12-21T14:02:50","date_gmt":"2023-12-21T13:02:50","guid":{"rendered":"http:\/\/breakdance.lebenshilfe-stuttgart.de\/?post_type=product&#038;p=12566"},"modified":"2026-04-02T10:50:12","modified_gmt":"2026-04-02T08:50:12","slug":"pizzabrett","status":"publish","type":"product","link":"https:\/\/www.lebenshilfe-stuttgart.de\/de_leicht\/shop\/pizzabrett\/","title":{"rendered":"Pizzabrett"},"content":{"rendered":"<p>Das runde Pizzabrett hat einen praktischen Griff und eignet sich zum servieren von Pizza, Flammkuchen oder Brot.<br \/>\nEine Gatleiste\u00a0 aus Eschenholz stabilisiert das Pizzabrett und verhindert, das sich das Holz durch Feuchtigkeit verzieht. Die Gatleiste ist nicht durchg\u00e4ngig verleimt. So kann das Holz sich dehnen ohne zu rei\u00dfen.<br \/>\nDas Pizzabrett wird in zwei Gr\u00f6\u00dfen verkauft.<\/p>","protected":false},"excerpt":{"rendered":"<p>Das runde Pizzabrett hat einen praktischen Griff und eignet sich zum servieren von Pizza, Flammkuchen oder Brot. Eine Gatleiste\u00a0 aus Eschenholz stabilisiert das Pizzabrett und verhindert, das sich das Holz durch Feuchtigkeit verzieht. Die Gatleiste ist nicht durchg\u00e4ngig verleimt. So kann das Holz sich dehnen ohne zu rei\u00dfen. Das Pizzabrett wird in zwei Gr\u00f6\u00dfen verkauft.<\/p>","protected":false},"featured_media":17164,"template":"","meta":{"_acf_changed":false},"product_brand":[],"product_cat":[136,86],"product_tag":[],"class_list":{"0":"post-12566","1":"product","2":"type-product","3":"status-publish","4":"has-post-thumbnail","6":"product_cat-kueche","7":"product_cat-holzprodukte","9":"first","10":"outofstock","11":"taxable","12":"shipping-taxable","13":"purchasable","14":"product-type-variable"},"acf":[],"_links":{"self":[{"href":"https:\/\/www.lebenshilfe-stuttgart.de\/de_leicht\/wp-json\/wp\/v2\/product\/12566","targetHints":{"allow":["GET"]}}],"collection":[{"href":"https:\/\/www.lebenshilfe-stuttgart.de\/de_leicht\/wp-json\/wp\/v2\/product"}],"about":[{"href":"https:\/\/www.lebenshilfe-stuttgart.de\/de_leicht\/wp-json\/wp\/v2\/types\/product"}],"wp:featuredmedia":[{"embeddable":true,"href":"https:\/\/www.lebenshilfe-stuttgart.de\/de_leicht\/wp-json\/wp\/v2\/media\/17164"}],"wp:attachment":[{"href":"https:\/\/www.lebenshilfe-stuttgart.de\/de_leicht\/wp-json\/wp\/v2\/media?parent=12566"}],"wp:term":[{"taxonomy":"product_brand","embeddable":true,"href":"https:\/\/www.lebenshilfe-stuttgart.de\/de_leicht\/wp-json\/wp\/v2\/product_brand?post=12566"},{"taxonomy":"product_cat","embeddable":true,"href":"https:\/\/www.lebenshilfe-stuttgart.de\/de_leicht\/wp-json\/wp\/v2\/product_cat?post=12566"},{"taxonomy":"product_tag","embeddable":true,"href":"https:\/\/www.lebenshilfe-stuttgart.de\/de_leicht\/wp-json\/wp\/v2\/product_tag?post=12566"}],"curies":[{"name":"wp","href":"https:\/\/api.w.org\/{rel}","templated":true}]}}