{"id":12581,"date":"2023-12-21T15:13:22","date_gmt":"2023-12-21T14:13:22","guid":{"rendered":"http:\/\/breakdance.lebenshilfe-stuttgart.de\/?post_type=product&#038;p=12581"},"modified":"2026-03-18T20:29:21","modified_gmt":"2026-03-18T19:29:21","slug":"backbrett","status":"publish","type":"product","link":"https:\/\/www.lebenshilfe-stuttgart.de\/de_leicht\/shop\/backbrett\/","title":{"rendered":"Backbrett"},"content":{"rendered":"<p>Das Backbrett ist ideal, um Teig zu kneten, auszurollen und auszustechen. Lassen Sie das Backbrette einfach auf der K\u00fcchenarbeitsplatte liegen. Das schont nicht nur Ihre Arbeitsplatte, sondern sieht auch noch gut aus.<\/p>\n<p>Das Backbrett der Lebenshilfe Stuttgart ist mit Buchenholz eingefasst. Das sorgt f\u00fcr Stabilit\u00e4t, auch bei Kontakt mit Feuchtigkeit. Die Anlegekanten sorgen f\u00fcr einen sicheren Halt auf der K\u00fcchenplatte. Das Backbrett ist sehr hochwertig verarbeitet und garantiert eine lange Nutzungsdauer.<\/p>\n<p>Das Backbrett ist in zwei Gr\u00f6\u00dfen erh\u00e4ltlich.<\/p>","protected":false},"excerpt":{"rendered":"<p>Das Backbrett ist ideal, um Teig zu kneten, auszurollen und auszustechen. Lassen Sie das Backbrette einfach auf der K\u00fcchenarbeitsplatte liegen. Das schont nicht nur Ihre Arbeitsplatte, sondern sieht auch noch gut aus. Das Backbrett der Lebenshilfe Stuttgart ist mit Buchenholz eingefasst. Das sorgt f\u00fcr Stabilit\u00e4t, auch bei Kontakt mit Feuchtigkeit. Die Anlegekanten sorgen f\u00fcr einen [&hellip;]<\/p>\n","protected":false},"featured_media":17171,"template":"","meta":{"_acf_changed":false},"product_brand":[],"product_cat":[136,86],"product_tag":[],"class_list":{"0":"post-12581","1":"product","2":"type-product","3":"status-publish","4":"has-post-thumbnail","6":"product_cat-kueche","7":"product_cat-holzprodukte","9":"first","10":"outofstock","11":"taxable","12":"shipping-taxable","13":"purchasable","14":"product-type-variable"},"acf":[],"_links":{"self":[{"href":"https:\/\/www.lebenshilfe-stuttgart.de\/de_leicht\/wp-json\/wp\/v2\/product\/12581","targetHints":{"allow":["GET"]}}],"collection":[{"href":"https:\/\/www.lebenshilfe-stuttgart.de\/de_leicht\/wp-json\/wp\/v2\/product"}],"about":[{"href":"https:\/\/www.lebenshilfe-stuttgart.de\/de_leicht\/wp-json\/wp\/v2\/types\/product"}],"wp:featuredmedia":[{"embeddable":true,"href":"https:\/\/www.lebenshilfe-stuttgart.de\/de_leicht\/wp-json\/wp\/v2\/media\/17171"}],"wp:attachment":[{"href":"https:\/\/www.lebenshilfe-stuttgart.de\/de_leicht\/wp-json\/wp\/v2\/media?parent=12581"}],"wp:term":[{"taxonomy":"product_brand","embeddable":true,"href":"https:\/\/www.lebenshilfe-stuttgart.de\/de_leicht\/wp-json\/wp\/v2\/product_brand?post=12581"},{"taxonomy":"product_cat","embeddable":true,"href":"https:\/\/www.lebenshilfe-stuttgart.de\/de_leicht\/wp-json\/wp\/v2\/product_cat?post=12581"},{"taxonomy":"product_tag","embeddable":true,"href":"https:\/\/www.lebenshilfe-stuttgart.de\/de_leicht\/wp-json\/wp\/v2\/product_tag?post=12581"}],"curies":[{"name":"wp","href":"https:\/\/api.w.org\/{rel}","templated":true}]}}