{"id":12596,"date":"2023-12-21T15:45:11","date_gmt":"2023-12-21T14:45:11","guid":{"rendered":"http:\/\/breakdance.lebenshilfe-stuttgart.de\/?post_type=product&#038;p=12596"},"modified":"2026-04-19T23:55:07","modified_gmt":"2026-04-19T21:55:07","slug":"spaetzlebrett","status":"publish","type":"product","link":"https:\/\/www.lebenshilfe-stuttgart.de\/de_leicht\/shop\/spaetzlebrett\/","title":{"rendered":"Sp\u00e4tzlebrett"},"content":{"rendered":"<p>Nicht nur im Schwabenland sind Sp\u00e4tzle sehr bliebt. Wer sich und seinen G\u00e4sten etwas Besonderes g\u00f6nnen m\u00f6chte, schabt Sp\u00e4tzle von Hand.<br \/>\nMit unserem Sp\u00e4tzlebrett ist das ein Vergn\u00fcgen. Der frische Teig wird auf dem feuchten Brett ausgestrichen und mit dem mitgelieferten Sp\u00e4tzleschaber aus Edelstahl in d\u00fcnnen Streifen \u00fcber dem Topf direkt ins kochende Salzwasser geschabt. Das Daumenloch macht die Handhabung besonders einfach.<\/p>","protected":false},"excerpt":{"rendered":"<p>Nicht nur im Schwabenland sind Sp\u00e4tzle sehr bliebt. Wer sich und seinen G\u00e4sten etwas Besonderes g\u00f6nnen m\u00f6chte, schabt Sp\u00e4tzle von Hand. Mit unserem Sp\u00e4tzlebrett ist das ein Vergn\u00fcgen. Der frische Teig wird auf dem feuchten Brett ausgestrichen und mit dem mitgelieferten Sp\u00e4tzleschaber aus Edelstahl in d\u00fcnnen Streifen \u00fcber dem Topf direkt ins kochende Salzwasser geschabt. [&hellip;]<\/p>\n","protected":false},"featured_media":17160,"template":"","meta":{"_acf_changed":false},"product_brand":[],"product_cat":[136,86],"product_tag":[],"class_list":{"0":"post-12596","1":"product","2":"type-product","3":"status-publish","4":"has-post-thumbnail","6":"product_cat-kueche","7":"product_cat-holzprodukte","9":"first","10":"outofstock","11":"taxable","12":"shipping-taxable","13":"purchasable","14":"product-type-variable"},"acf":[],"_links":{"self":[{"href":"https:\/\/www.lebenshilfe-stuttgart.de\/de_leicht\/wp-json\/wp\/v2\/product\/12596","targetHints":{"allow":["GET"]}}],"collection":[{"href":"https:\/\/www.lebenshilfe-stuttgart.de\/de_leicht\/wp-json\/wp\/v2\/product"}],"about":[{"href":"https:\/\/www.lebenshilfe-stuttgart.de\/de_leicht\/wp-json\/wp\/v2\/types\/product"}],"wp:featuredmedia":[{"embeddable":true,"href":"https:\/\/www.lebenshilfe-stuttgart.de\/de_leicht\/wp-json\/wp\/v2\/media\/17160"}],"wp:attachment":[{"href":"https:\/\/www.lebenshilfe-stuttgart.de\/de_leicht\/wp-json\/wp\/v2\/media?parent=12596"}],"wp:term":[{"taxonomy":"product_brand","embeddable":true,"href":"https:\/\/www.lebenshilfe-stuttgart.de\/de_leicht\/wp-json\/wp\/v2\/product_brand?post=12596"},{"taxonomy":"product_cat","embeddable":true,"href":"https:\/\/www.lebenshilfe-stuttgart.de\/de_leicht\/wp-json\/wp\/v2\/product_cat?post=12596"},{"taxonomy":"product_tag","embeddable":true,"href":"https:\/\/www.lebenshilfe-stuttgart.de\/de_leicht\/wp-json\/wp\/v2\/product_tag?post=12596"}],"curies":[{"name":"wp","href":"https:\/\/api.w.org\/{rel}","templated":true}]}}