{"id":12746,"date":"2024-01-12T10:42:41","date_gmt":"2024-01-12T09:42:41","guid":{"rendered":"http:\/\/breakdance.lebenshilfe-stuttgart.de\/?post_type=product&#038;p=12746"},"modified":"2026-01-26T07:46:33","modified_gmt":"2026-01-26T06:46:33","slug":"feueranzunder","status":"publish","type":"product","link":"https:\/\/www.lebenshilfe-stuttgart.de\/de_leicht\/shop\/feueranzunder\/","title":{"rendered":"Feueranz\u00fcnder"},"content":{"rendered":"<p>In diesen Feueranz\u00fcndern steckt jede Menge gut genutztes Restmaterial: Holzsp\u00e4ne und Wachsreste aus unseren Werkst\u00e4tten, au\u00dferdem gelesene Zeitungen und Naturbast. Die Anz\u00fcnder sind einfach zu entz\u00fcnden und entfachen das Feuer zuverl\u00e4ssig und sicher.<\/p>","protected":false},"excerpt":{"rendered":"<p>In diesen Feueranz\u00fcndern steckt jede Menge gut genutztes Restmaterial: Holzsp\u00e4ne und Wachsreste aus unseren Werkst\u00e4tten, au\u00dferdem gelesene Zeitungen und Naturbast. Die Anz\u00fcnder sind einfach zu entz\u00fcnden und entfachen das Feuer zuverl\u00e4ssig und sicher.<\/p>","protected":false},"featured_media":16180,"template":"","meta":{"_acf_changed":false},"product_brand":[],"product_cat":[138],"product_tag":[],"class_list":{"0":"post-12746","1":"product","2":"type-product","3":"status-publish","4":"has-post-thumbnail","6":"product_cat-haushalt","8":"first","9":"instock","10":"taxable","11":"shipping-taxable","12":"purchasable","13":"product-type-simple"},"acf":[],"_links":{"self":[{"href":"https:\/\/www.lebenshilfe-stuttgart.de\/de_leicht\/wp-json\/wp\/v2\/product\/12746","targetHints":{"allow":["GET"]}}],"collection":[{"href":"https:\/\/www.lebenshilfe-stuttgart.de\/de_leicht\/wp-json\/wp\/v2\/product"}],"about":[{"href":"https:\/\/www.lebenshilfe-stuttgart.de\/de_leicht\/wp-json\/wp\/v2\/types\/product"}],"wp:featuredmedia":[{"embeddable":true,"href":"https:\/\/www.lebenshilfe-stuttgart.de\/de_leicht\/wp-json\/wp\/v2\/media\/16180"}],"wp:attachment":[{"href":"https:\/\/www.lebenshilfe-stuttgart.de\/de_leicht\/wp-json\/wp\/v2\/media?parent=12746"}],"wp:term":[{"taxonomy":"product_brand","embeddable":true,"href":"https:\/\/www.lebenshilfe-stuttgart.de\/de_leicht\/wp-json\/wp\/v2\/product_brand?post=12746"},{"taxonomy":"product_cat","embeddable":true,"href":"https:\/\/www.lebenshilfe-stuttgart.de\/de_leicht\/wp-json\/wp\/v2\/product_cat?post=12746"},{"taxonomy":"product_tag","embeddable":true,"href":"https:\/\/www.lebenshilfe-stuttgart.de\/de_leicht\/wp-json\/wp\/v2\/product_tag?post=12746"}],"curies":[{"name":"wp","href":"https:\/\/api.w.org\/{rel}","templated":true}]}}