{"id":12878,"date":"2024-01-15T16:23:10","date_gmt":"2024-01-15T15:23:10","guid":{"rendered":"http:\/\/breakdance.lebenshilfe-stuttgart.de\/?post_type=product&#038;p=12878"},"modified":"2026-02-14T16:10:59","modified_gmt":"2026-02-14T15:10:59","slug":"untersetzer-luettich","status":"publish","type":"product","link":"https:\/\/www.lebenshilfe-stuttgart.de\/de_leicht\/shop\/untersetzer-luettich\/","title":{"rendered":"Untersetzer L\u00fcttich"},"content":{"rendered":"<p>Der Untersetzer L\u00fcttich aus Beton ist vielseitig einsetzbar. Zum Beispiel als Schale f\u00fcr Schmuck und Ohrringe im Bad oder als Untersetzer f\u00fcr eine Kerze. Die Filzpunkte auf der Unterseite verhindern das Verkratzen der Tischoberfl\u00e4che.<\/p>","protected":false},"excerpt":{"rendered":"<p>Der Untersetzer L\u00fcttich aus Beton ist vielseitig einsetzbar. Zum Beispiel als Schale f\u00fcr Schmuck und Ohrringe im Bad oder als Untersetzer f\u00fcr eine Kerze. Die Filzpunkte auf der Unterseite verhindern das Verkratzen der Tischoberfl\u00e4che.<\/p>","protected":false},"featured_media":16141,"template":"","meta":{"_acf_changed":false},"product_brand":[],"product_cat":[92,138],"product_tag":[],"class_list":{"0":"post-12878","1":"product","2":"type-product","3":"status-publish","4":"has-post-thumbnail","6":"product_cat-betonprodukte","7":"product_cat-haushalt","9":"first","10":"instock","11":"taxable","12":"shipping-taxable","13":"purchasable","14":"product-type-simple"},"acf":[],"_links":{"self":[{"href":"https:\/\/www.lebenshilfe-stuttgart.de\/de_leicht\/wp-json\/wp\/v2\/product\/12878","targetHints":{"allow":["GET"]}}],"collection":[{"href":"https:\/\/www.lebenshilfe-stuttgart.de\/de_leicht\/wp-json\/wp\/v2\/product"}],"about":[{"href":"https:\/\/www.lebenshilfe-stuttgart.de\/de_leicht\/wp-json\/wp\/v2\/types\/product"}],"wp:featuredmedia":[{"embeddable":true,"href":"https:\/\/www.lebenshilfe-stuttgart.de\/de_leicht\/wp-json\/wp\/v2\/media\/16141"}],"wp:attachment":[{"href":"https:\/\/www.lebenshilfe-stuttgart.de\/de_leicht\/wp-json\/wp\/v2\/media?parent=12878"}],"wp:term":[{"taxonomy":"product_brand","embeddable":true,"href":"https:\/\/www.lebenshilfe-stuttgart.de\/de_leicht\/wp-json\/wp\/v2\/product_brand?post=12878"},{"taxonomy":"product_cat","embeddable":true,"href":"https:\/\/www.lebenshilfe-stuttgart.de\/de_leicht\/wp-json\/wp\/v2\/product_cat?post=12878"},{"taxonomy":"product_tag","embeddable":true,"href":"https:\/\/www.lebenshilfe-stuttgart.de\/de_leicht\/wp-json\/wp\/v2\/product_tag?post=12878"}],"curies":[{"name":"wp","href":"https:\/\/api.w.org\/{rel}","templated":true}]}}