{"id":14308,"date":"2024-04-18T11:12:01","date_gmt":"2024-04-18T09:12:01","guid":{"rendered":"http:\/\/breakdance.lebenshilfe-stuttgart.de\/?post_type=product&#038;p=14308"},"modified":"2026-01-16T07:51:12","modified_gmt":"2026-01-16T06:51:12","slug":"becher-kobe-s","status":"publish","type":"product","link":"https:\/\/www.lebenshilfe-stuttgart.de\/de_leicht\/shop\/becher-kobe-s\/","title":{"rendered":"Becher Kobe S"},"content":{"rendered":"<p>Unser Geschirr wird aus feinem Porzellan einzeln und von Hand gefertigt. Jedes St\u00fcck hat seine individuelle Form, keines ist wie das andere. Die Innenseite des Espresso-Bechers ist komplett glasiert, au\u00dfen nur der obere Rand, was ihm eine besondere Note verleiht.<\/p>\n<p>Der Becher Kobe ist in drei Gr\u00f6\u00dfen erh\u00e4ltlich. Der Espresso-Becher Kobe S hat eine H\u00f6he von ca. 6 cm.<br \/>\nDen gr\u00f6\u00dften <a href=\"\/de_leicht\/shop\/becher-kobe-l\/\">Becher Kobe L finden Sie hier<\/a> und den Becher <a href=\"\/de_leicht\/shop\/becher-kobe-m\/\">Kobe M finden Sie hier<\/a>.<\/p>","protected":false},"excerpt":{"rendered":"<p>Unser Geschirr wird aus feinem Porzellan einzeln und von Hand gefertigt. Jedes St\u00fcck hat seine individuelle Form, keines ist wie das andere. Die Innenseite des Espresso-Bechers ist komplett glasiert, au\u00dfen nur der obere Rand, was ihm eine besondere Note verleiht. Der Becher Kobe ist in drei Gr\u00f6\u00dfen erh\u00e4ltlich. Der Espresso-Becher Kobe S hat eine H\u00f6he [&hellip;]<\/p>\n","protected":false},"featured_media":16166,"template":"","meta":{"_acf_changed":false},"product_brand":[],"product_cat":[136,85],"product_tag":[],"class_list":{"0":"post-14308","1":"product","2":"type-product","3":"status-publish","4":"has-post-thumbnail","6":"product_cat-kueche","7":"product_cat-keramik","9":"first","10":"instock","11":"taxable","12":"shipping-taxable","13":"purchasable","14":"product-type-simple"},"acf":[],"_links":{"self":[{"href":"https:\/\/www.lebenshilfe-stuttgart.de\/de_leicht\/wp-json\/wp\/v2\/product\/14308","targetHints":{"allow":["GET"]}}],"collection":[{"href":"https:\/\/www.lebenshilfe-stuttgart.de\/de_leicht\/wp-json\/wp\/v2\/product"}],"about":[{"href":"https:\/\/www.lebenshilfe-stuttgart.de\/de_leicht\/wp-json\/wp\/v2\/types\/product"}],"wp:featuredmedia":[{"embeddable":true,"href":"https:\/\/www.lebenshilfe-stuttgart.de\/de_leicht\/wp-json\/wp\/v2\/media\/16166"}],"wp:attachment":[{"href":"https:\/\/www.lebenshilfe-stuttgart.de\/de_leicht\/wp-json\/wp\/v2\/media?parent=14308"}],"wp:term":[{"taxonomy":"product_brand","embeddable":true,"href":"https:\/\/www.lebenshilfe-stuttgart.de\/de_leicht\/wp-json\/wp\/v2\/product_brand?post=14308"},{"taxonomy":"product_cat","embeddable":true,"href":"https:\/\/www.lebenshilfe-stuttgart.de\/de_leicht\/wp-json\/wp\/v2\/product_cat?post=14308"},{"taxonomy":"product_tag","embeddable":true,"href":"https:\/\/www.lebenshilfe-stuttgart.de\/de_leicht\/wp-json\/wp\/v2\/product_tag?post=14308"}],"curies":[{"name":"wp","href":"https:\/\/api.w.org\/{rel}","templated":true}]}}