{"id":14375,"date":"2024-04-23T09:46:54","date_gmt":"2024-04-23T07:46:54","guid":{"rendered":"http:\/\/breakdance.lebenshilfe-stuttgart.de\/?post_type=product&#038;p=14375"},"modified":"2026-04-02T10:50:11","modified_gmt":"2026-04-02T08:50:11","slug":"teelichter-verona","status":"publish","type":"product","link":"https:\/\/www.lebenshilfe-stuttgart.de\/de_leicht\/shop\/teelichter-verona\/","title":{"rendered":"Teelichter Verona"},"content":{"rendered":"<p>Die quadratischen Teelichter im Tontopf gibt es in verschiedenen Pastellfarben. Die Tonformen stellen wir in unserer Keramikwerkstatt her und f\u00fcllen sie anschlie\u00dfend in unserer Kerzenwerkstatt mit Wachs. Die Teelichter werden in einem Set von 12 St\u00fcck verkauft.<\/p>","protected":false},"excerpt":{"rendered":"<p>Die quadratischen Teelichter im Tontopf gibt es in verschiedenen Pastellfarben. Die Tonformen stellen wir in unserer Keramikwerkstatt her und f\u00fcllen sie anschlie\u00dfend in unserer Kerzenwerkstatt mit Wachs. Die Teelichter werden in einem Set von 12 St\u00fcck verkauft.<\/p>","protected":false},"featured_media":16213,"template":"","meta":{"_acf_changed":false},"product_brand":[],"product_cat":[87],"product_tag":[],"class_list":{"0":"post-14375","1":"product","2":"type-product","3":"status-publish","4":"has-post-thumbnail","6":"product_cat-kerzen","8":"first","9":"instock","10":"taxable","11":"shipping-taxable","12":"purchasable","13":"product-type-simple"},"acf":[],"_links":{"self":[{"href":"https:\/\/www.lebenshilfe-stuttgart.de\/de_leicht\/wp-json\/wp\/v2\/product\/14375","targetHints":{"allow":["GET"]}}],"collection":[{"href":"https:\/\/www.lebenshilfe-stuttgart.de\/de_leicht\/wp-json\/wp\/v2\/product"}],"about":[{"href":"https:\/\/www.lebenshilfe-stuttgart.de\/de_leicht\/wp-json\/wp\/v2\/types\/product"}],"wp:featuredmedia":[{"embeddable":true,"href":"https:\/\/www.lebenshilfe-stuttgart.de\/de_leicht\/wp-json\/wp\/v2\/media\/16213"}],"wp:attachment":[{"href":"https:\/\/www.lebenshilfe-stuttgart.de\/de_leicht\/wp-json\/wp\/v2\/media?parent=14375"}],"wp:term":[{"taxonomy":"product_brand","embeddable":true,"href":"https:\/\/www.lebenshilfe-stuttgart.de\/de_leicht\/wp-json\/wp\/v2\/product_brand?post=14375"},{"taxonomy":"product_cat","embeddable":true,"href":"https:\/\/www.lebenshilfe-stuttgart.de\/de_leicht\/wp-json\/wp\/v2\/product_cat?post=14375"},{"taxonomy":"product_tag","embeddable":true,"href":"https:\/\/www.lebenshilfe-stuttgart.de\/de_leicht\/wp-json\/wp\/v2\/product_tag?post=14375"}],"curies":[{"name":"wp","href":"https:\/\/api.w.org\/{rel}","templated":true}]}}