{"id":14415,"date":"2024-04-23T14:24:56","date_gmt":"2024-04-23T12:24:56","guid":{"rendered":"http:\/\/breakdance.lebenshilfe-stuttgart.de\/?post_type=product&#038;p=14415"},"modified":"2026-01-23T10:32:17","modified_gmt":"2026-01-23T09:32:17","slug":"untersetzer-marum-l","status":"publish","type":"product","link":"https:\/\/www.lebenshilfe-stuttgart.de\/de_leicht\/shop\/untersetzer-marum-l\/","title":{"rendered":"Untersetzer Marum L"},"content":{"rendered":"<p>Der Untersetzer Marum aus Beton ist sehr vielseitig einsetzbar. Zum Beispiel als Kerzenuntersetzer oder f\u00fcr andere Dekoration. Der Untersetzer Marum hat auf der Unterseite einen umlaufenden Falz. Dadurch ist der Untersetzer stapelbar. Die Filzpunkte auf der Unterseite verhindern das Verkratzen der Tischoberfl\u00e4che. Den Untersetzter verkaufen wir in zwei verschiedenen Gr\u00f6\u00dfen.<\/p>","protected":false},"excerpt":{"rendered":"<p>Der Untersetzer Marum aus Beton ist sehr vielseitig einsetzbar. Zum Beispiel als Kerzenuntersetzer oder f\u00fcr andere Dekoration. Der Untersetzer Marum hat auf der Unterseite einen umlaufenden Falz. Dadurch ist der Untersetzer stapelbar. Die Filzpunkte auf der Unterseite verhindern das Verkratzen der Tischoberfl\u00e4che. Den Untersetzter verkaufen wir in zwei verschiedenen Gr\u00f6\u00dfen.<\/p>","protected":false},"featured_media":16126,"template":"","meta":{"_acf_changed":false},"product_brand":[],"product_cat":[92,138],"product_tag":[],"class_list":{"0":"post-14415","1":"product","2":"type-product","3":"status-publish","4":"has-post-thumbnail","6":"product_cat-betonprodukte","7":"product_cat-haushalt","9":"first","10":"instock","11":"taxable","12":"shipping-taxable","13":"purchasable","14":"product-type-simple"},"acf":[],"_links":{"self":[{"href":"https:\/\/www.lebenshilfe-stuttgart.de\/de_leicht\/wp-json\/wp\/v2\/product\/14415","targetHints":{"allow":["GET"]}}],"collection":[{"href":"https:\/\/www.lebenshilfe-stuttgart.de\/de_leicht\/wp-json\/wp\/v2\/product"}],"about":[{"href":"https:\/\/www.lebenshilfe-stuttgart.de\/de_leicht\/wp-json\/wp\/v2\/types\/product"}],"wp:featuredmedia":[{"embeddable":true,"href":"https:\/\/www.lebenshilfe-stuttgart.de\/de_leicht\/wp-json\/wp\/v2\/media\/16126"}],"wp:attachment":[{"href":"https:\/\/www.lebenshilfe-stuttgart.de\/de_leicht\/wp-json\/wp\/v2\/media?parent=14415"}],"wp:term":[{"taxonomy":"product_brand","embeddable":true,"href":"https:\/\/www.lebenshilfe-stuttgart.de\/de_leicht\/wp-json\/wp\/v2\/product_brand?post=14415"},{"taxonomy":"product_cat","embeddable":true,"href":"https:\/\/www.lebenshilfe-stuttgart.de\/de_leicht\/wp-json\/wp\/v2\/product_cat?post=14415"},{"taxonomy":"product_tag","embeddable":true,"href":"https:\/\/www.lebenshilfe-stuttgart.de\/de_leicht\/wp-json\/wp\/v2\/product_tag?post=14415"}],"curies":[{"name":"wp","href":"https:\/\/api.w.org\/{rel}","templated":true}]}}