{"id":14416,"date":"2024-04-23T14:33:38","date_gmt":"2024-04-23T12:33:38","guid":{"rendered":"http:\/\/breakdance.lebenshilfe-stuttgart.de\/?post_type=product&#038;p=14416"},"modified":"2026-01-23T10:33:13","modified_gmt":"2026-01-23T09:33:13","slug":"untersetzer-roden","status":"publish","type":"product","link":"https:\/\/www.lebenshilfe-stuttgart.de\/de_leicht\/shop\/untersetzer-roden\/","title":{"rendered":"Untersetzer Roden"},"content":{"rendered":"<p>Der quadratischer Untersetzer Roden im Schachbrett-Muster wird aus feinem Beton von Hand gegossen. Er eignet sich als Untersetzter zum Beispiel f\u00fcr hei\u00dfe Getr\u00e4nke oder Kerzen. Die Filzpunkte auf der Unterseite verhindern das Verkratzen der Tischoberfl\u00e4che.<\/p>","protected":false},"excerpt":{"rendered":"<p>Der quadratischer Untersetzer Roden im Schachbrett-Muster wird aus feinem Beton von Hand gegossen. Er eignet sich als Untersetzter zum Beispiel f\u00fcr hei\u00dfe Getr\u00e4nke oder Kerzen. Die Filzpunkte auf der Unterseite verhindern das Verkratzen der Tischoberfl\u00e4che.<\/p>","protected":false},"featured_media":16125,"template":"","meta":{"_acf_changed":false},"product_brand":[],"product_cat":[92,138],"product_tag":[],"class_list":{"0":"post-14416","1":"product","2":"type-product","3":"status-publish","4":"has-post-thumbnail","6":"product_cat-betonprodukte","7":"product_cat-haushalt","9":"first","10":"instock","11":"taxable","12":"shipping-taxable","13":"purchasable","14":"product-type-simple"},"acf":[],"_links":{"self":[{"href":"https:\/\/www.lebenshilfe-stuttgart.de\/de_leicht\/wp-json\/wp\/v2\/product\/14416","targetHints":{"allow":["GET"]}}],"collection":[{"href":"https:\/\/www.lebenshilfe-stuttgart.de\/de_leicht\/wp-json\/wp\/v2\/product"}],"about":[{"href":"https:\/\/www.lebenshilfe-stuttgart.de\/de_leicht\/wp-json\/wp\/v2\/types\/product"}],"wp:featuredmedia":[{"embeddable":true,"href":"https:\/\/www.lebenshilfe-stuttgart.de\/de_leicht\/wp-json\/wp\/v2\/media\/16125"}],"wp:attachment":[{"href":"https:\/\/www.lebenshilfe-stuttgart.de\/de_leicht\/wp-json\/wp\/v2\/media?parent=14416"}],"wp:term":[{"taxonomy":"product_brand","embeddable":true,"href":"https:\/\/www.lebenshilfe-stuttgart.de\/de_leicht\/wp-json\/wp\/v2\/product_brand?post=14416"},{"taxonomy":"product_cat","embeddable":true,"href":"https:\/\/www.lebenshilfe-stuttgart.de\/de_leicht\/wp-json\/wp\/v2\/product_cat?post=14416"},{"taxonomy":"product_tag","embeddable":true,"href":"https:\/\/www.lebenshilfe-stuttgart.de\/de_leicht\/wp-json\/wp\/v2\/product_tag?post=14416"}],"curies":[{"name":"wp","href":"https:\/\/api.w.org\/{rel}","templated":true}]}}