{"id":15386,"date":"2024-08-12T14:31:46","date_gmt":"2024-08-12T12:31:46","guid":{"rendered":"http:\/\/breakdance.lebenshilfe-stuttgart.de\/?post_type=product&#038;p=15386"},"modified":"2026-04-02T10:50:11","modified_gmt":"2026-04-02T08:50:11","slug":"stoevchen-utrecht","status":"publish","type":"product","link":"https:\/\/www.lebenshilfe-stuttgart.de\/de_leicht\/shop\/stoevchen-utrecht\/","title":{"rendered":"St\u00f6vchen Utrecht"},"content":{"rendered":"<p>Das St\u00f6vchen Utrecht ist ein Produkt aus unserem Berufsbildungsbereich. Hier werden junge Menschen ausgebildet und auf die Berufswelt vorbereitet.<br \/>\nMit dem St\u00f6vchen Utrecht k\u00f6nnen Sie Tee und andere Hei\u00dfgetr\u00e4nke \u00fcber einem Teelicht stilvoll warm halten. Au\u00dferdem verbreitet das Kerzenlicht eine wohlige Atmosph\u00e4re.<br \/>\nDas St\u00f6vchen ist aus feinem Beton gegossen und strahlt eine zeitlose Eleganz aus.<br \/>\nIn das St\u00f6vchen passen Teelichter mit einem maximalen Durchmesser von 53 mm. Auf der Unterseite des St\u00f6vchens Utrecht sind Filzpunkte aufgeklebt. So wird ein Verkratzen der Tischoberfl\u00e4che verhindert.<\/p>","protected":false},"excerpt":{"rendered":"<p>St\u00f6vchen Utrecht aus Beton zum warmhalten von Tee und andere Hei\u00dfgetr\u00e4nke \u00fcber einem Teelicht.<\/p>","protected":false},"featured_media":16121,"template":"","meta":{"_acf_changed":false},"product_brand":[],"product_cat":[92,138,136],"product_tag":[],"class_list":{"0":"post-15386","1":"product","2":"type-product","3":"status-publish","4":"has-post-thumbnail","6":"product_cat-betonprodukte","7":"product_cat-haushalt","8":"product_cat-kueche","10":"first","11":"instock","12":"taxable","13":"shipping-taxable","14":"purchasable","15":"product-type-simple"},"acf":[],"_links":{"self":[{"href":"https:\/\/www.lebenshilfe-stuttgart.de\/de_leicht\/wp-json\/wp\/v2\/product\/15386","targetHints":{"allow":["GET"]}}],"collection":[{"href":"https:\/\/www.lebenshilfe-stuttgart.de\/de_leicht\/wp-json\/wp\/v2\/product"}],"about":[{"href":"https:\/\/www.lebenshilfe-stuttgart.de\/de_leicht\/wp-json\/wp\/v2\/types\/product"}],"wp:featuredmedia":[{"embeddable":true,"href":"https:\/\/www.lebenshilfe-stuttgart.de\/de_leicht\/wp-json\/wp\/v2\/media\/16121"}],"wp:attachment":[{"href":"https:\/\/www.lebenshilfe-stuttgart.de\/de_leicht\/wp-json\/wp\/v2\/media?parent=15386"}],"wp:term":[{"taxonomy":"product_brand","embeddable":true,"href":"https:\/\/www.lebenshilfe-stuttgart.de\/de_leicht\/wp-json\/wp\/v2\/product_brand?post=15386"},{"taxonomy":"product_cat","embeddable":true,"href":"https:\/\/www.lebenshilfe-stuttgart.de\/de_leicht\/wp-json\/wp\/v2\/product_cat?post=15386"},{"taxonomy":"product_tag","embeddable":true,"href":"https:\/\/www.lebenshilfe-stuttgart.de\/de_leicht\/wp-json\/wp\/v2\/product_tag?post=15386"}],"curies":[{"name":"wp","href":"https:\/\/api.w.org\/{rel}","templated":true}]}}