{"id":18977,"date":"2025-05-16T11:07:00","date_gmt":"2025-05-16T09:07:00","guid":{"rendered":"https:\/\/www.lebenshilfe-stuttgart.de\/?post_type=product&#038;p=18977"},"modified":"2026-01-14T10:50:11","modified_gmt":"2026-01-14T09:50:11","slug":"trauerkarte-in-stiller-trauer","status":"publish","type":"product","link":"https:\/\/www.lebenshilfe-stuttgart.de\/de_leicht\/shop\/trauerkarte-in-stiller-trauer\/","title":{"rendered":"Trauerkarte In stiller Trauer"},"content":{"rendered":"<p>Diese wundersch\u00f6ne Trauerkarte zeigt ein dezentes und elegantes Blumen-Motiv, das Frieden und Erinnerung symbolisiert. Das Design l\u00e4sst die Botschaft im Mittelpunkt stehen und vermittelt Trost und Hoffnung in Zeiten der Trauer. Die Karte bietet ausreichend Platz f\u00fcr pers\u00f6nliche Worte und wird durch einen hochwertigen Umschlag stilvoll erg\u00e4nzt.<\/p>\n<p>Diese Kondolenzkarte wurde von Menschen mit einer schweren Behinderung hergestellt. Diese T\u00e4tigkeit hilft ihnen beim Erhalt ihrer F\u00e4higkeiten, gibt ihrem Tagesablauf Struktur und vermittelt ihnen Erfolgserlebnisse.<\/p>","protected":false},"excerpt":{"rendered":"<p>Diese wundersch\u00f6ne Trauerkarte zeigt ein dezentes und elegantes Blumen-Motiv, das Frieden und Erinnerung symbolisiert. Das Design l\u00e4sst die Botschaft im Mittelpunkt stehen und vermittelt Trost und Hoffnung in Zeiten der Trauer. Die Karte bietet ausreichend Platz f\u00fcr pers\u00f6nliche Worte und wird durch einen hochwertigen Umschlag stilvoll erg\u00e4nzt. Diese Kondolenzkarte wurde von Menschen mit einer schweren [&hellip;]<\/p>\n","protected":false},"featured_media":18934,"template":"","meta":{"_acf_changed":false},"product_brand":[],"product_cat":[293],"product_tag":[],"class_list":{"0":"post-18977","1":"product","2":"type-product","3":"status-publish","4":"has-post-thumbnail","6":"product_cat-karten","8":"first","9":"instock","10":"taxable","11":"shipping-taxable","12":"purchasable","13":"product-type-simple"},"acf":[],"_links":{"self":[{"href":"https:\/\/www.lebenshilfe-stuttgart.de\/de_leicht\/wp-json\/wp\/v2\/product\/18977","targetHints":{"allow":["GET"]}}],"collection":[{"href":"https:\/\/www.lebenshilfe-stuttgart.de\/de_leicht\/wp-json\/wp\/v2\/product"}],"about":[{"href":"https:\/\/www.lebenshilfe-stuttgart.de\/de_leicht\/wp-json\/wp\/v2\/types\/product"}],"wp:featuredmedia":[{"embeddable":true,"href":"https:\/\/www.lebenshilfe-stuttgart.de\/de_leicht\/wp-json\/wp\/v2\/media\/18934"}],"wp:attachment":[{"href":"https:\/\/www.lebenshilfe-stuttgart.de\/de_leicht\/wp-json\/wp\/v2\/media?parent=18977"}],"wp:term":[{"taxonomy":"product_brand","embeddable":true,"href":"https:\/\/www.lebenshilfe-stuttgart.de\/de_leicht\/wp-json\/wp\/v2\/product_brand?post=18977"},{"taxonomy":"product_cat","embeddable":true,"href":"https:\/\/www.lebenshilfe-stuttgart.de\/de_leicht\/wp-json\/wp\/v2\/product_cat?post=18977"},{"taxonomy":"product_tag","embeddable":true,"href":"https:\/\/www.lebenshilfe-stuttgart.de\/de_leicht\/wp-json\/wp\/v2\/product_tag?post=18977"}],"curies":[{"name":"wp","href":"https:\/\/api.w.org\/{rel}","templated":true}]}}