{"id":18978,"date":"2025-05-16T11:09:42","date_gmt":"2025-05-16T09:09:42","guid":{"rendered":"https:\/\/www.lebenshilfe-stuttgart.de\/?post_type=product&#038;p=18978"},"modified":"2025-11-11T13:23:45","modified_gmt":"2025-11-11T12:23:45","slug":"trauerkarte-lebensbaum-schwarz","status":"publish","type":"product","link":"https:\/\/www.lebenshilfe-stuttgart.de\/de_leicht\/shop\/trauerkarte-lebensbaum-schwarz\/","title":{"rendered":"Trauerkarte Lebensbaum schwarz"},"content":{"rendered":"<p>Diese elegante Trauerkarte mit einem schlichten Baum vermittelt Ruhe und Trost. Das minimalistische Design unterstreicht die Botschaft der Anteilnahme, w\u00e4hrend hochwertiges Material und ein passender Umschlag die Karte stilvoll abrunden. Sie bietet ausreichend Platz f\u00fcr pers\u00f6nliche Worte und Erinnerungen.<\/p>\n<p>Diese Kondolenzkarte wurde von Menschen mit einer schweren Behinderung hergestellt. Diese T\u00e4tigkeit hilft ihnen beim Erhalt ihrer F\u00e4higkeiten, gibt ihrem Tagesablauf Struktur und vermittelt ihnen Erfolgserlebnisse.<\/p>","protected":false},"excerpt":{"rendered":"<p>Diese elegante Trauerkarte mit einem schlichten Baum vermittelt Ruhe und Trost. Das minimalistische Design unterstreicht die Botschaft der Anteilnahme, w\u00e4hrend hochwertiges Material und ein passender Umschlag die Karte stilvoll abrunden. Sie bietet ausreichend Platz f\u00fcr pers\u00f6nliche Worte und Erinnerungen. Diese Kondolenzkarte wurde von Menschen mit einer schweren Behinderung hergestellt. Diese T\u00e4tigkeit hilft ihnen beim Erhalt [&hellip;]<\/p>\n","protected":false},"featured_media":18932,"template":"","meta":{"_acf_changed":false},"product_brand":[],"product_cat":[293],"product_tag":[],"class_list":{"0":"post-18978","1":"product","2":"type-product","3":"status-publish","4":"has-post-thumbnail","6":"product_cat-karten","8":"first","9":"instock","10":"taxable","11":"shipping-taxable","12":"purchasable","13":"product-type-simple"},"acf":[],"_links":{"self":[{"href":"https:\/\/www.lebenshilfe-stuttgart.de\/de_leicht\/wp-json\/wp\/v2\/product\/18978","targetHints":{"allow":["GET"]}}],"collection":[{"href":"https:\/\/www.lebenshilfe-stuttgart.de\/de_leicht\/wp-json\/wp\/v2\/product"}],"about":[{"href":"https:\/\/www.lebenshilfe-stuttgart.de\/de_leicht\/wp-json\/wp\/v2\/types\/product"}],"wp:featuredmedia":[{"embeddable":true,"href":"https:\/\/www.lebenshilfe-stuttgart.de\/de_leicht\/wp-json\/wp\/v2\/media\/18932"}],"wp:attachment":[{"href":"https:\/\/www.lebenshilfe-stuttgart.de\/de_leicht\/wp-json\/wp\/v2\/media?parent=18978"}],"wp:term":[{"taxonomy":"product_brand","embeddable":true,"href":"https:\/\/www.lebenshilfe-stuttgart.de\/de_leicht\/wp-json\/wp\/v2\/product_brand?post=18978"},{"taxonomy":"product_cat","embeddable":true,"href":"https:\/\/www.lebenshilfe-stuttgart.de\/de_leicht\/wp-json\/wp\/v2\/product_cat?post=18978"},{"taxonomy":"product_tag","embeddable":true,"href":"https:\/\/www.lebenshilfe-stuttgart.de\/de_leicht\/wp-json\/wp\/v2\/product_tag?post=18978"}],"curies":[{"name":"wp","href":"https:\/\/api.w.org\/{rel}","templated":true}]}}