{"id":19017,"date":"2025-05-19T15:32:36","date_gmt":"2025-05-19T13:32:36","guid":{"rendered":"https:\/\/www.lebenshilfe-stuttgart.de\/?post_type=product&#038;p=19017"},"modified":"2026-04-12T22:04:55","modified_gmt":"2026-04-12T20:04:55","slug":"geburtstagskarte-aquarell","status":"publish","type":"product","link":"https:\/\/www.lebenshilfe-stuttgart.de\/de_leicht\/shop\/geburtstagskarte-aquarell\/","title":{"rendered":"Geburtstagskarte Aquarell"},"content":{"rendered":"<p>Mit dieser wundersch\u00f6nen Geburtstagskarte machen Sie dem Geburtstagskind eine besondere Freude. Denn pers\u00f6nliche Worte zum Ehrentag zaubern dem Empf\u00e4nger garantiert ein L\u00e4cheln ins Gesicht. Das h\u00fcbsche Design der Karte sorgt f\u00fcr einen extra Hingucker. Damit steht einer gelungenen \u00dcberraschung zum Geburtstag nichts mehr im Wege.<\/p>\n<p>Diese Geburtstagskarte wurde von Menschen mit einer schweren Behinderung hergestellt. Diese T\u00e4tigkeit hilft ihnen beim Erhalt ihrer F\u00e4higkeiten, gibt ihrem Tagesablauf Struktur und vermittelt ihnen Erfolgserlebnisse.<\/p>","protected":false},"excerpt":{"rendered":"<p>Mit dieser wundersch\u00f6nen Geburtstagskarte machen Sie dem Geburtstagskind eine besondere Freude. Denn pers\u00f6nliche Worte zum Ehrentag zaubern dem Empf\u00e4nger garantiert ein L\u00e4cheln ins Gesicht. Das h\u00fcbsche Design der Karte sorgt f\u00fcr einen extra Hingucker. Damit steht einer gelungenen \u00dcberraschung zum Geburtstag nichts mehr im Wege. Diese Geburtstagskarte wurde von Menschen mit einer schweren Behinderung hergestellt. [&hellip;]<\/p>\n","protected":false},"featured_media":19027,"template":"","meta":{"_acf_changed":false},"product_brand":[],"product_cat":[293],"product_tag":[],"class_list":{"0":"post-19017","1":"product","2":"type-product","3":"status-publish","4":"has-post-thumbnail","6":"product_cat-karten","8":"first","9":"outofstock","10":"taxable","11":"shipping-taxable","12":"purchasable","13":"product-type-variable"},"acf":[],"_links":{"self":[{"href":"https:\/\/www.lebenshilfe-stuttgart.de\/de_leicht\/wp-json\/wp\/v2\/product\/19017","targetHints":{"allow":["GET"]}}],"collection":[{"href":"https:\/\/www.lebenshilfe-stuttgart.de\/de_leicht\/wp-json\/wp\/v2\/product"}],"about":[{"href":"https:\/\/www.lebenshilfe-stuttgart.de\/de_leicht\/wp-json\/wp\/v2\/types\/product"}],"wp:featuredmedia":[{"embeddable":true,"href":"https:\/\/www.lebenshilfe-stuttgart.de\/de_leicht\/wp-json\/wp\/v2\/media\/19027"}],"wp:attachment":[{"href":"https:\/\/www.lebenshilfe-stuttgart.de\/de_leicht\/wp-json\/wp\/v2\/media?parent=19017"}],"wp:term":[{"taxonomy":"product_brand","embeddable":true,"href":"https:\/\/www.lebenshilfe-stuttgart.de\/de_leicht\/wp-json\/wp\/v2\/product_brand?post=19017"},{"taxonomy":"product_cat","embeddable":true,"href":"https:\/\/www.lebenshilfe-stuttgart.de\/de_leicht\/wp-json\/wp\/v2\/product_cat?post=19017"},{"taxonomy":"product_tag","embeddable":true,"href":"https:\/\/www.lebenshilfe-stuttgart.de\/de_leicht\/wp-json\/wp\/v2\/product_tag?post=19017"}],"curies":[{"name":"wp","href":"https:\/\/api.w.org\/{rel}","templated":true}]}}