{"id":19036,"date":"2025-05-21T16:08:08","date_gmt":"2025-05-21T14:08:08","guid":{"rendered":"https:\/\/www.lebenshilfe-stuttgart.de\/?post_type=product&#038;p=19036"},"modified":"2026-02-05T16:03:17","modified_gmt":"2026-02-05T15:03:17","slug":"geburtstagskarte-bandarole","status":"publish","type":"product","link":"https:\/\/www.lebenshilfe-stuttgart.de\/de_leicht\/shop\/geburtstagskarte-bandarole\/","title":{"rendered":"Geburtstagskarte Bandarole"},"content":{"rendered":"<p>Diese Geburtstagskarte ist perfekt daf\u00fcr geeignet, Ihren Liebsten zu zeigen, dass Sie an sie denken. Ihr sch\u00f6nes Design sorgt dabei garantiert f\u00fcr einen gelungenen ersten Eindruck. F\u00fcr den letzten Schliff d\u00fcrfen Ihre pers\u00f6nlichen Worte nat\u00fcrlich nicht fehlen. Erst durch sie erh\u00e4lt die Gru\u00dfkarte ihren einzigartigen Charakter.<\/p>\n<p>Diese Geburtstagskarte wurde von Menschen mit einer schweren Behinderung hergestellt. Diese T\u00e4tigkeit hilft ihnen beim Erhalt ihrer F\u00e4higkeiten, gibt ihrem Tagesablauf Struktur und vermittelt ihnen Erfolgserlebnisse.<\/p>","protected":false},"excerpt":{"rendered":"<p>Diese Geburtstagskarte ist perfekt daf\u00fcr geeignet, Ihren Liebsten zu zeigen, dass Sie an sie denken. Ihr sch\u00f6nes Design sorgt dabei garantiert f\u00fcr einen gelungenen ersten Eindruck. F\u00fcr den letzten Schliff d\u00fcrfen Ihre pers\u00f6nlichen Worte nat\u00fcrlich nicht fehlen. Erst durch sie erh\u00e4lt die Gru\u00dfkarte ihren einzigartigen Charakter. Diese Geburtstagskarte wurde von Menschen mit einer schweren Behinderung [&hellip;]<\/p>\n","protected":false},"featured_media":19037,"template":"","meta":{"_acf_changed":false},"product_brand":[],"product_cat":[293],"product_tag":[],"class_list":{"0":"post-19036","1":"product","2":"type-product","3":"status-publish","4":"has-post-thumbnail","6":"product_cat-karten","8":"first","9":"instock","10":"taxable","11":"shipping-taxable","12":"purchasable","13":"product-type-simple"},"acf":[],"_links":{"self":[{"href":"https:\/\/www.lebenshilfe-stuttgart.de\/de_leicht\/wp-json\/wp\/v2\/product\/19036","targetHints":{"allow":["GET"]}}],"collection":[{"href":"https:\/\/www.lebenshilfe-stuttgart.de\/de_leicht\/wp-json\/wp\/v2\/product"}],"about":[{"href":"https:\/\/www.lebenshilfe-stuttgart.de\/de_leicht\/wp-json\/wp\/v2\/types\/product"}],"wp:featuredmedia":[{"embeddable":true,"href":"https:\/\/www.lebenshilfe-stuttgart.de\/de_leicht\/wp-json\/wp\/v2\/media\/19037"}],"wp:attachment":[{"href":"https:\/\/www.lebenshilfe-stuttgart.de\/de_leicht\/wp-json\/wp\/v2\/media?parent=19036"}],"wp:term":[{"taxonomy":"product_brand","embeddable":true,"href":"https:\/\/www.lebenshilfe-stuttgart.de\/de_leicht\/wp-json\/wp\/v2\/product_brand?post=19036"},{"taxonomy":"product_cat","embeddable":true,"href":"https:\/\/www.lebenshilfe-stuttgart.de\/de_leicht\/wp-json\/wp\/v2\/product_cat?post=19036"},{"taxonomy":"product_tag","embeddable":true,"href":"https:\/\/www.lebenshilfe-stuttgart.de\/de_leicht\/wp-json\/wp\/v2\/product_tag?post=19036"}],"curies":[{"name":"wp","href":"https:\/\/api.w.org\/{rel}","templated":true}]}}