{"id":19091,"date":"2025-05-27T10:01:32","date_gmt":"2025-05-27T08:01:32","guid":{"rendered":"https:\/\/www.lebenshilfe-stuttgart.de\/?post_type=product&#038;p=19091"},"modified":"2026-02-05T16:03:21","modified_gmt":"2026-02-05T15:03:21","slug":"geburtstagskarte-schriftzug","status":"publish","type":"product","link":"https:\/\/www.lebenshilfe-stuttgart.de\/de_leicht\/shop\/geburtstagskarte-schriftzug\/","title":{"rendered":"Geburtstagskarte Schriftzug"},"content":{"rendered":"<p>Diese lebendige Geburtstagskarte mit dem Schriftzug \u201eHappy Birthday\u201c in fr\u00f6hlichen Farben bringt Freude und gute Laune. Das moderne Design mit eleganten Schriftz\u00fcgen macht sie perfekt, um Ihre besten W\u00fcnsche stilvoll zu \u00fcbermitteln. Eine ideale Wahl f\u00fcr jeden Geburtstag!<\/p>\n<p>Diese Geburtstagskarte wurde von Menschen mit einer schweren Behinderung hergestellt. Diese T\u00e4tigkeit hilft ihnen beim Erhalt ihrer F\u00e4higkeiten, gibt ihrem Tagesablauf Struktur und vermittelt ihnen Erfolgserlebnisse.<\/p>","protected":false},"excerpt":{"rendered":"<p>Diese lebendige Geburtstagskarte mit dem Schriftzug \u201eHappy Birthday\u201c in fr\u00f6hlichen Farben bringt Freude und gute Laune. Das moderne Design mit eleganten Schriftz\u00fcgen macht sie perfekt, um Ihre besten W\u00fcnsche stilvoll zu \u00fcbermitteln. Eine ideale Wahl f\u00fcr jeden Geburtstag! Diese Geburtstagskarte wurde von Menschen mit einer schweren Behinderung hergestellt. Diese T\u00e4tigkeit hilft ihnen beim Erhalt ihrer [&hellip;]<\/p>\n","protected":false},"featured_media":19101,"template":"","meta":{"_acf_changed":false},"product_brand":[],"product_cat":[293],"product_tag":[],"class_list":{"0":"post-19091","1":"product","2":"type-product","3":"status-publish","4":"has-post-thumbnail","6":"product_cat-karten","8":"first","9":"outofstock","10":"taxable","11":"shipping-taxable","12":"purchasable","13":"product-type-variable"},"acf":[],"_links":{"self":[{"href":"https:\/\/www.lebenshilfe-stuttgart.de\/de_leicht\/wp-json\/wp\/v2\/product\/19091","targetHints":{"allow":["GET"]}}],"collection":[{"href":"https:\/\/www.lebenshilfe-stuttgart.de\/de_leicht\/wp-json\/wp\/v2\/product"}],"about":[{"href":"https:\/\/www.lebenshilfe-stuttgart.de\/de_leicht\/wp-json\/wp\/v2\/types\/product"}],"wp:featuredmedia":[{"embeddable":true,"href":"https:\/\/www.lebenshilfe-stuttgart.de\/de_leicht\/wp-json\/wp\/v2\/media\/19101"}],"wp:attachment":[{"href":"https:\/\/www.lebenshilfe-stuttgart.de\/de_leicht\/wp-json\/wp\/v2\/media?parent=19091"}],"wp:term":[{"taxonomy":"product_brand","embeddable":true,"href":"https:\/\/www.lebenshilfe-stuttgart.de\/de_leicht\/wp-json\/wp\/v2\/product_brand?post=19091"},{"taxonomy":"product_cat","embeddable":true,"href":"https:\/\/www.lebenshilfe-stuttgart.de\/de_leicht\/wp-json\/wp\/v2\/product_cat?post=19091"},{"taxonomy":"product_tag","embeddable":true,"href":"https:\/\/www.lebenshilfe-stuttgart.de\/de_leicht\/wp-json\/wp\/v2\/product_tag?post=19091"}],"curies":[{"name":"wp","href":"https:\/\/api.w.org\/{rel}","templated":true}]}}