{"id":19112,"date":"2025-05-27T14:47:41","date_gmt":"2025-05-27T12:47:41","guid":{"rendered":"https:\/\/www.lebenshilfe-stuttgart.de\/?post_type=product&#038;p=19112"},"modified":"2026-01-26T14:33:26","modified_gmt":"2026-01-26T13:33:26","slug":"geburtstagskarte-jahreszahl","status":"publish","type":"product","link":"https:\/\/www.lebenshilfe-stuttgart.de\/de_leicht\/shop\/geburtstagskarte-jahreszahl\/","title":{"rendered":"Geburtstagskarte Jahreszahl"},"content":{"rendered":"<p>Gratulieren Sie dem Geburtstagskind zu ihrem oder seinem besonderen Tag mit dieser fr\u00f6hlichen und dennoch schlichten Karte. Die Jubil\u00e4umszahl und das Design machen die Karte zum perfekten Gl\u00fcckwunsch\u00fcberbringer f\u00fcr dieses besondere Lebensereignis.<\/p>\n<p>Diese Geburtstagskarte wurde von Menschen mit einer schweren Behinderung hergestellt. Diese T\u00e4tigkeit hilft ihnen beim Erhalt ihrer F\u00e4higkeiten, gibt ihrem Tagesablauf Struktur und vermittelt ihnen Erfolgserlebnisse.<\/p>","protected":false},"excerpt":{"rendered":"<p>Gratulieren Sie dem Geburtstagskind zu ihrem oder seinem besonderen Tag mit dieser fr\u00f6hlichen und dennoch schlichten Karte. Die Jubil\u00e4umszahl und das Design machen die Karte zum perfekten Gl\u00fcckwunsch\u00fcberbringer f\u00fcr dieses besondere Lebensereignis. Diese Geburtstagskarte wurde von Menschen mit einer schweren Behinderung hergestellt. Diese T\u00e4tigkeit hilft ihnen beim Erhalt ihrer F\u00e4higkeiten, gibt ihrem Tagesablauf Struktur und [&hellip;]<\/p>\n","protected":false},"featured_media":19118,"template":"","meta":{"_acf_changed":false},"product_brand":[],"product_cat":[293],"product_tag":[],"class_list":{"0":"post-19112","1":"product","2":"type-product","3":"status-publish","4":"has-post-thumbnail","6":"product_cat-karten","8":"first","9":"outofstock","10":"taxable","11":"shipping-taxable","12":"purchasable","13":"product-type-variable"},"acf":[],"_links":{"self":[{"href":"https:\/\/www.lebenshilfe-stuttgart.de\/de_leicht\/wp-json\/wp\/v2\/product\/19112","targetHints":{"allow":["GET"]}}],"collection":[{"href":"https:\/\/www.lebenshilfe-stuttgart.de\/de_leicht\/wp-json\/wp\/v2\/product"}],"about":[{"href":"https:\/\/www.lebenshilfe-stuttgart.de\/de_leicht\/wp-json\/wp\/v2\/types\/product"}],"wp:featuredmedia":[{"embeddable":true,"href":"https:\/\/www.lebenshilfe-stuttgart.de\/de_leicht\/wp-json\/wp\/v2\/media\/19118"}],"wp:attachment":[{"href":"https:\/\/www.lebenshilfe-stuttgart.de\/de_leicht\/wp-json\/wp\/v2\/media?parent=19112"}],"wp:term":[{"taxonomy":"product_brand","embeddable":true,"href":"https:\/\/www.lebenshilfe-stuttgart.de\/de_leicht\/wp-json\/wp\/v2\/product_brand?post=19112"},{"taxonomy":"product_cat","embeddable":true,"href":"https:\/\/www.lebenshilfe-stuttgart.de\/de_leicht\/wp-json\/wp\/v2\/product_cat?post=19112"},{"taxonomy":"product_tag","embeddable":true,"href":"https:\/\/www.lebenshilfe-stuttgart.de\/de_leicht\/wp-json\/wp\/v2\/product_tag?post=19112"}],"curies":[{"name":"wp","href":"https:\/\/api.w.org\/{rel}","templated":true}]}}